{"id":169798,"date":"2023-10-05T14:20:07","date_gmt":"2023-10-05T12:20:07","guid":{"rendered":"https:\/\/pizbube.ch\/?post_type=product&#038;p=169798"},"modified":"2023-10-05T14:48:59","modified_gmt":"2023-10-05T12:48:59","slug":"der-pionier-des-7-grades-erstbegehungen-und-91-viertausender-des-vorarlberger-alpinisten-ernst-burger","status":"publish","type":"product","link":"https:\/\/pizbube.ch\/en\/shop\/der-pionier-des-7-grades-erstbegehungen-und-91-viertausender-des-vorarlberger-alpinisten-ernst-burger\/","title":{"rendered":"Der Pionier des 7. Grades  &#8211; Erstbegehungen und 91 Viertausender des Vorarlberger Alpinisten Ernst Burger"},"content":{"rendered":"<p>Ernst Burger z\u00e4hlte zu seiner Zeit sicherlich zu den bedeutendsten Vorarlberger Alpinisten in den Alpen.<br \/>\nEr bestieg 91 Viertausender und f\u00fchrte zwei Erstbesteigungen durch. Unter anderem schrieb er auch Artikel f\u00fcr den<br \/>\n\u00d6sterreichischen Alpenverein.<\/p>\n<p>In diesem Buch sammelt sein Enkel die originalen Bergtageb\u00fccher und Schriften sowie Fotos von Ernst Burger. Auch Aufzeichnungen und Briefe an und von Kollegen und Bergkameraden bezeugen die Leistungen dieses heute fast unbekannten Alpinisten und Pioniers.<\/p>\n<p><span class=\"buchschmiede-line-height white-space-nowrap\">J\u00fcrgen Burger, Jahrgang 1967, ist der Enkel von Ernst Burger. Als junger Mann wollte er bereits ein Buch \u00fcber seinen Gro\u00dfvater schreiben. Jahrzehnte sp\u00e4ter setzte er sein Vorhaben um. Er sammelte Tageb\u00fccher und Fotoalben, recherchierte bei Kameraden und in Archiven.<\/span><\/p>\n<p>\u201eEs war die Schl\u00fcsselstelle!\u201c schreibt Ernst Burger in seinem Bericht \u00fcber diese erste Durchsteigung der riesigen S\u00fcdwand des Grossen Drusenturms, die er zusammen mit Karl Bizjak und Franz Matt unternommen hat. Nachzulesen nun im Buch seines Enkels J\u00fcrgen Burger: \u201eDer Pionier des 7. Grades. Erstbegehungen und 91 Viertausender des Vorarlberger Alpinisten Ernst Burger.\u201c Der Burgerweg, wie die Route genannt wird, wird zu Beginn des Buches in drei Kapiteln abgehandelt. Dann folgt die \u201eSturmfahrt auf den Montblanc\u201c von Ostern 1937, eine wilde und mit viel Durchhaltewillen gut gegl\u00fcckte Skitour \u2013 der viele Neuschnee h\u00e4tte die f\u00fcnf z\u00e4hen Burschen auch mitreissen k\u00f6nnen. Tolle schwarzweisse Fotos von Kurt Liebewein bereichern den lesenswerten Bericht.<\/p>\n<p>Eine der ersten Stellen mit der Kletterschwierigkeit 7 bzw. VII in den (Schweizer) Alpen. Die Skala reichte damals nur bis 6+\/VI+, aber was der Vorarlberger Alpinist Ernst Burger (1910\u20131999) am 20. August 1933 in der S\u00fcdwand des Grossen Drusenturms im R\u00e4tikon kletterte, war eben eindeutig schwieriger. Die \u00dcberwindung des Dachs, ohne Hakenhilfe, wird im SAC-Kletterf\u00fchrer \u201eGraub\u00fcnden\u201c von Thomas W\u00e4lti nach der franz\u00f6sischen Skala mit 6b bewertet, und das ist nach der UIAA-Skala eben eine glatte Sieben.<br \/>\n(Zitat D. Anker)<\/p>\n<p>Softcover;<br \/>\nFormat: 165&#215;220<\/p>","protected":false},"excerpt":{"rendered":"<p>Ernst Burger z\u00e4hlte zu seiner Zeit sicherlich zu den bedeutendsten Vorarlberger Alpinisten in den Alpen. Er bestieg 91 Viertausender und f\u00fchrte zwei Erstbesteigungen durch. Unter anderem schrieb er auch Artikel f\u00fcr den \u00d6sterreichischen Alpenverein. In diesem Buch sammelt sein Enkel die originalen Bergtageb\u00fccher und Schriften sowie Fotos von Ernst Burger. Auch Aufzeichnungen und Briefe an [&#8230;]\n","protected":false},"featured_media":169799,"template":"","meta":[],"product_brand":[],"product_cat":[21629,21542],"product_tag":[],"class_list":{"0":"post-169798","1":"product","2":"type-product","3":"status-publish","4":"has-post-thumbnail","6":"product_cat-belletristik","7":"product_cat-sachbuecher-dokumentationen","8":"pa_autor-burger","9":"pa_erscheinungsjahr-27129","10":"pa_region-oesterreich","11":"pa_region-schweiz","12":"pa_sprache-de","14":"first","15":"instock","16":"taxable","17":"shipping-taxable","18":"purchasable","19":"product-type-simple"},"_links":{"self":[{"href":"https:\/\/pizbube.ch\/en\/wp-json\/wp\/v2\/product\/169798","targetHints":{"allow":["GET"]}}],"collection":[{"href":"https:\/\/pizbube.ch\/en\/wp-json\/wp\/v2\/product"}],"about":[{"href":"https:\/\/pizbube.ch\/en\/wp-json\/wp\/v2\/types\/product"}],"wp:featuredmedia":[{"embeddable":true,"href":"https:\/\/pizbube.ch\/en\/wp-json\/wp\/v2\/media\/169799"}],"wp:attachment":[{"href":"https:\/\/pizbube.ch\/en\/wp-json\/wp\/v2\/media?parent=169798"}],"wp:term":[{"taxonomy":"product_brand","embeddable":true,"href":"https:\/\/pizbube.ch\/en\/wp-json\/wp\/v2\/product_brand?post=169798"},{"taxonomy":"product_cat","embeddable":true,"href":"https:\/\/pizbube.ch\/en\/wp-json\/wp\/v2\/product_cat?post=169798"},{"taxonomy":"product_tag","embeddable":true,"href":"https:\/\/pizbube.ch\/en\/wp-json\/wp\/v2\/product_tag?post=169798"}],"curies":[{"name":"wp","href":"https:\/\/api.w.org\/{rel}","templated":true}]}}