{"id":169807,"date":"2023-10-06T08:46:27","date_gmt":"2023-10-06T06:46:27","guid":{"rendered":"https:\/\/pizbube.ch\/?post_type=product&#038;p=169807"},"modified":"2026-04-10T14:01:07","modified_gmt":"2026-04-10T12:01:07","slug":"sportklettern-in-suedtirol","status":"publish","type":"product","link":"https:\/\/pizbube.ch\/en\/shop\/sportklettern-in-suedtirol\/","title":{"rendered":"Sportklettern in S\u00fcdtirol"},"content":{"rendered":"<p>Diese neueste Ausgabe des Kletterf\u00fchrers bietet nicht nur umfassende Informationen zu den bekannten Klassikern, sondern auch \u00fcber neue, spannende Gebiete, die darauf warten, von euch entdeckt zu werden. Von den majest\u00e4tischen W\u00e4nden der Dolomiten bis hin zu Felsen in malerischen Berglandschaften &#8211; &#171;Sportklettern in S\u00fcdtirol&#187; ist euer unverzichtbarer Begleiter, um das Beste aus eurem Kletterabenteuer in dieser atemberaubenden Region herauszuholen. Dank der beeindruckenden Fotografien und detaillierten Topos k\u00f6nnt ihr euch optimal auf eure Kletterausfl\u00fcge vorbereiten.<\/p>\n<p><span class=\"value\">105 Gebiete<\/span><\/p>\n<p><span class=\"value\">Diese \u00fcberarbeitete 3. Ausgabe bietet nicht nur detaillierte, aktuelle Informationen \u00fcber bekannte Klassiker, sondern auch \u00fcber neu erschlossene und bisher nicht ver\u00f6ffentlichte Gebiete \u2013 von eindrucksvollen Dolomitenw\u00e4nden bis hin zu Kletterg\u00e4rten in malerischer Berglandschaft.<\/span><\/p>\n<p><span class=\"value\">Dieser \u00fcber 700 Seiten umfassende Kletterf\u00fchrer, verfasst in Deutsch und Italienisch, ist ausgestattet mit detaillierten Topos, umfassenden Informationen \u00fcber die erstklassigen Klettergebiete S\u00fcdtirols, Details zur Anfahrt mit GPS-Daten, hochwertigen Fotos und vielem mehr! Die digitale Version ist in jedem Buchkauf inbegriffen und kann ganz einfach mittels Code in der Vertical-Life App freigeschaltet werden. <\/span><\/p>\n<p><span class=\"entry--content\"> 3. Auflage 2023;<br \/>\n702 Seiten<br \/>\n<\/span><\/p>","protected":false},"excerpt":{"rendered":"<p>Diese neueste Ausgabe des Kletterf\u00fchrers bietet nicht nur umfassende Informationen zu den bekannten Klassikern, sondern auch \u00fcber neue, spannende Gebiete, die darauf warten, von euch entdeckt zu werden. Von den majest\u00e4tischen W\u00e4nden der Dolomiten bis hin zu Felsen in malerischen Berglandschaften &#8211; &#171;Sportklettern in S\u00fcdtirol&#187; ist euer unverzichtbarer Begleiter, um das Beste aus eurem Kletterabenteuer [&#8230;]\n","protected":false},"featured_media":169808,"template":"","meta":[],"product_brand":[],"product_cat":[21539],"product_tag":[],"class_list":{"0":"post-169807","1":"product","2":"type-product","3":"status-publish","4":"has-post-thumbnail","6":"product_cat-fuehrerliteratur-sportklettern-bouldern","7":"pa_autor-hofer-larcher","8":"pa_erscheinungsjahr-27129","9":"pa_region-italien","10":"pa_sprache-de-it","12":"first","13":"onbackorder","14":"taxable","15":"shipping-taxable","16":"purchasable","17":"product-type-simple"},"_links":{"self":[{"href":"https:\/\/pizbube.ch\/en\/wp-json\/wp\/v2\/product\/169807","targetHints":{"allow":["GET"]}}],"collection":[{"href":"https:\/\/pizbube.ch\/en\/wp-json\/wp\/v2\/product"}],"about":[{"href":"https:\/\/pizbube.ch\/en\/wp-json\/wp\/v2\/types\/product"}],"wp:featuredmedia":[{"embeddable":true,"href":"https:\/\/pizbube.ch\/en\/wp-json\/wp\/v2\/media\/169808"}],"wp:attachment":[{"href":"https:\/\/pizbube.ch\/en\/wp-json\/wp\/v2\/media?parent=169807"}],"wp:term":[{"taxonomy":"product_brand","embeddable":true,"href":"https:\/\/pizbube.ch\/en\/wp-json\/wp\/v2\/product_brand?post=169807"},{"taxonomy":"product_cat","embeddable":true,"href":"https:\/\/pizbube.ch\/en\/wp-json\/wp\/v2\/product_cat?post=169807"},{"taxonomy":"product_tag","embeddable":true,"href":"https:\/\/pizbube.ch\/en\/wp-json\/wp\/v2\/product_tag?post=169807"}],"curies":[{"name":"wp","href":"https:\/\/api.w.org\/{rel}","templated":true}]}}