{"id":169813,"date":"2023-10-06T09:28:49","date_gmt":"2023-10-06T07:28:49","guid":{"rendered":"https:\/\/pizbube.ch\/?post_type=product&#038;p=169813"},"modified":"2023-10-06T09:28:49","modified_gmt":"2023-10-06T07:28:49","slug":"plaisir-kletterfuehrer-oesterreich-ost","status":"publish","type":"product","link":"https:\/\/pizbube.ch\/en\/shop\/plaisir-kletterfuehrer-oesterreich-ost\/","title":{"rendered":"Plaisir Kletterf\u00fchrer \u00d6sterreich Ost"},"content":{"rendered":"<p>Die sch\u00f6nsten Mehrseill\u00e4ngentouren und Kletterg\u00e4rten zwischen Wien und Salzburg<\/p>\n<p>Plaisirklettern \u2013 darunter versteht man das Klettern in sehr gut bis gut mit Bohrhaken ausgestatteten Mehrseill\u00e4ngen-Routen oder Kletterg\u00e4rten, die einen moderaten Schwierigkeitsgrad aufweisen. Im vorliegenden Buch werden die sch\u00f6nsten Touren zwischen 5 (5a) und 7 (6b) optisch ansprechend dargestellt. Man sieht sofort, was einem erwartet \u2013 Toposkizze, \u00dcbersichtsbild, Beschreibung und Schwierigkeitsdiagramm. Mit dem Zugang zur Touren-App hat man die Toureninfo aus dem Buch und eventuelle Aktualisierungen immer griffbereit auf dem Smartphone dabei.<br \/>\nAngefangen mit Waldviertel, Wachau und Wienerwald zieht sich die Routensammlung dieses Kletterf\u00fchrers weiter \u00fcber Hohe Wand, Schneeberg und Rax, Grazer Bergland, Hochschwab, Ges\u00e4use, Totes Gebirge, Ennstal und Kampermauer bis ins Salzkammergut, mit Touren an der Trisselwand, Loser, Ewigen Wand, Plombergstein, Schober und der Wilhelmswand bei Golling.<\/p>\n<p>Der Touren-App Zugang erm\u00f6glicht den Zugriff auf die Toureninformation, die \u00dcbersichtsbilder, die genauen Topos und die GPS-Daten der Touren. Man kann die Infos auch speichern und auf der Tour bei Bedarf offline anschauen.<\/p>\n<p>Besonderer Wert wurde auf aussagekr\u00e4ftige Routenskizzen (Topos) gelegt, in denen neben der exakten Bewertung der einzelnen Tourenabschnitte auch auf m\u00f6gliche Problemstellen hingewiesen wird. Die Informationen wurden in enger Zusammenarbeit mit Gebietskennern und Bergf\u00fchrern gesammelt.<\/p>\n<p><em>There are also short English abstracts with the most important information about the fixed rope routes in the book. The Topos and GPX-Tracks are in the App. <\/em><\/p>\n<p>336 Seiten, Format 15,4 x 22 cm kompl. vielfarbig auf speziellem Kunstdruckpapier gedruckt, stabile Fadenheftung, mit Steig-Topos, Wand\u00fcbersichten\u00a0 und ca. 500 Farbfotos! Inkl. Touren-App Zugang! with English version<\/p>","protected":false},"excerpt":{"rendered":"<p>Die sch\u00f6nsten Mehrseill\u00e4ngentouren und Kletterg\u00e4rten zwischen Wien und Salzburg Plaisirklettern \u2013 darunter versteht man das Klettern in sehr gut bis gut mit Bohrhaken ausgestatteten Mehrseill\u00e4ngen-Routen oder Kletterg\u00e4rten, die einen moderaten Schwierigkeitsgrad aufweisen. Im vorliegenden Buch werden die sch\u00f6nsten Touren zwischen 5 (5a) und 7 (6b) optisch ansprechend dargestellt. Man sieht sofort, was einem erwartet \u2013 [&#8230;]\n","protected":false},"featured_media":169814,"template":"","meta":[],"product_brand":[],"product_cat":[21544,21539],"product_tag":[],"class_list":{"0":"post-169813","1":"product","2":"type-product","3":"status-publish","4":"has-post-thumbnail","6":"product_cat-fuehrerliteratur-alpin-sommer","7":"product_cat-fuehrerliteratur-sportklettern-bouldern","8":"pa_autor-jentzsch-jentzsch-rabl","9":"pa_erscheinungsjahr-27129","10":"pa_region-oesterreich","11":"pa_sprache-de-en","13":"first","14":"instock","15":"taxable","16":"shipping-taxable","17":"purchasable","18":"product-type-simple"},"_links":{"self":[{"href":"https:\/\/pizbube.ch\/en\/wp-json\/wp\/v2\/product\/169813","targetHints":{"allow":["GET"]}}],"collection":[{"href":"https:\/\/pizbube.ch\/en\/wp-json\/wp\/v2\/product"}],"about":[{"href":"https:\/\/pizbube.ch\/en\/wp-json\/wp\/v2\/types\/product"}],"wp:featuredmedia":[{"embeddable":true,"href":"https:\/\/pizbube.ch\/en\/wp-json\/wp\/v2\/media\/169814"}],"wp:attachment":[{"href":"https:\/\/pizbube.ch\/en\/wp-json\/wp\/v2\/media?parent=169813"}],"wp:term":[{"taxonomy":"product_brand","embeddable":true,"href":"https:\/\/pizbube.ch\/en\/wp-json\/wp\/v2\/product_brand?post=169813"},{"taxonomy":"product_cat","embeddable":true,"href":"https:\/\/pizbube.ch\/en\/wp-json\/wp\/v2\/product_cat?post=169813"},{"taxonomy":"product_tag","embeddable":true,"href":"https:\/\/pizbube.ch\/en\/wp-json\/wp\/v2\/product_tag?post=169813"}],"curies":[{"name":"wp","href":"https:\/\/api.w.org\/{rel}","templated":true}]}}