{"id":169824,"date":"2023-10-06T11:39:42","date_gmt":"2023-10-06T09:39:42","guid":{"rendered":"https:\/\/pizbube.ch\/?post_type=product&#038;p=169824"},"modified":"2023-10-06T11:56:43","modified_gmt":"2023-10-06T09:56:43","slug":"gebirgs-und-outdoormedizin","status":"publish","type":"product","link":"https:\/\/pizbube.ch\/en\/shop\/gebirgs-und-outdoormedizin\/","title":{"rendered":"Gebirgs- und Outdoormedizin"},"content":{"rendered":"<p class=\"m-introduction__headline fs-h2\"><span class=\"m-introduction__subline fs-h2-subline\">Erste Hilfe, Krankheit, Pr\u00e4vention und Training<br \/>\n<\/span>Ein ausf\u00fchrliches Handbuch \u00fcber Medizin und Gesundheit im Gebirge.<\/p>\n<p>Die Autorinnen und Autoren, alles Fachpersonen in ihren Gebieten, beschreiben, wie in Notsituationen korrekt gehandelt wird \u2013 spezifisch pro Bergsportart und Altersgruppen.<br \/>\nBeitr\u00e4ge zu Training, Ern\u00e4hrung, Notfallapotheke und akuten Ereignissen wie Allergien und Vergiftungen komplettieren dieses Standardwerk.<\/p>\n<p>Wie reagiere ich bei Notf\u00e4llen ausgel\u00f6st durch Herz-Kreislauf-Erkrankungen, Allergien, Hitze oder K\u00e4lte? Wie bereite ich mich auf Trekkings in grosser H\u00f6he vor? Welche gesundheitlichen Aspekte sind spezifisch bei \u00e4lteren Bergsteigenden, Frauen und Kindern relevant? Welche Trainingsgrunds\u00e4tze sind beim Klettern sowie im Ausdauersport zu befolgen?<\/p>\n<p>All diese Fragestellungen beantworten die Autorinnen und Autoren kompetent und gut verst\u00e4ndlich. Es sind ausgewiesene Fachpersonen auf ihren Gebieten mit der entsprechenden Erfahrung im Gebirge.<\/p>\n<p>Dieses Standardwerk f\u00fcr Gebirgsmedizin beinhaltet zudem ein ausf\u00fchrliches Kapitel zur Ersten Hilfe: Sofortmassnahmen, Alarmierung, Beurteilung nach ABCDE-Schema, Body Check, Fixationen und Abtransport.<\/p>\n<p>F\u00fcr die Gesundheit am Berg zentral ist die Ern\u00e4hrung. Nach der Lekt\u00fcre kann jede und jeder seine Ern\u00e4hrung vor, w\u00e4hrend und nach der Bergtour optimieren. Auch zur Herstellung seines eigenen Sportgetr\u00e4nks wird angeleitet. Inhaltlich abgerundet wird \u00abGebirgs- und Outdoormedizin\u00bb durch den Beschrieb der Notfallapotheken f\u00fcr Tagesausfl\u00fcge, Mehrtagestouren, Trekkings in der H\u00f6he oder Ausfl\u00fcgen mit Kindern.<\/p>\n<p>Die Themen:<\/p>\n<ul>\n<li>Unf\u00e4lle und Verletzungen im Gebirge<\/li>\n<li>Medizinische Notf\u00e4lle und vorbestehende Krankheiten<\/li>\n<li>Medizinische Notf\u00e4lle spezifisch bei: Wandern, Skitouren, Hochtouren, Mountainbike<\/li>\n<li>Klettern: Training und Verletzungen<\/li>\n<li>Trekking und Bergsteigen in grossen H\u00f6hen<\/li>\n<li>Medizinische Fragestellungen bei \u00e4lteren Bergsteigenden, bei Frauen und Kindern<\/li>\n<li>Ern\u00e4hrung<\/li>\n<li>Training f\u00fcr\u00a0Ausdauer- und Leistungssport<\/li>\n<\/ul>\n<p>In Zusammenarbeit mit der Schweizerischen Gesellschaft f\u00fcr Gebirgsmedizin SGGM.<\/p>\n<p>komplett \u00fcberarbeitete 3. Auflage 2023;<br \/>\n336 Seiten, gebunden, Softcover<\/p>","protected":false},"excerpt":{"rendered":"<p>Erste Hilfe, Krankheit, Pr\u00e4vention und Training Ein ausf\u00fchrliches Handbuch \u00fcber Medizin und Gesundheit im Gebirge. Die Autorinnen und Autoren, alles Fachpersonen in ihren Gebieten, beschreiben, wie in Notsituationen korrekt gehandelt wird \u2013 spezifisch pro Bergsportart und Altersgruppen. Beitr\u00e4ge zu Training, Ern\u00e4hrung, Notfallapotheke und akuten Ereignissen wie Allergien und Vergiftungen komplettieren dieses Standardwerk. Wie reagiere ich [&#8230;]\n","protected":false},"featured_media":169825,"template":"","meta":[],"product_brand":[],"product_cat":[21538],"product_tag":[],"class_list":{"0":"post-169824","1":"product","2":"type-product","3":"status-publish","4":"has-post-thumbnail","6":"product_cat-lehrbuecher","7":"pa_autor-brunello-walliser-hefti","8":"pa_erscheinungsjahr-27129","9":"pa_region-medizin-recht","10":"pa_sprache-de","12":"first","13":"instock","14":"taxable","15":"shipping-taxable","16":"purchasable","17":"product-type-simple"},"_links":{"self":[{"href":"https:\/\/pizbube.ch\/en\/wp-json\/wp\/v2\/product\/169824","targetHints":{"allow":["GET"]}}],"collection":[{"href":"https:\/\/pizbube.ch\/en\/wp-json\/wp\/v2\/product"}],"about":[{"href":"https:\/\/pizbube.ch\/en\/wp-json\/wp\/v2\/types\/product"}],"wp:featuredmedia":[{"embeddable":true,"href":"https:\/\/pizbube.ch\/en\/wp-json\/wp\/v2\/media\/169825"}],"wp:attachment":[{"href":"https:\/\/pizbube.ch\/en\/wp-json\/wp\/v2\/media?parent=169824"}],"wp:term":[{"taxonomy":"product_brand","embeddable":true,"href":"https:\/\/pizbube.ch\/en\/wp-json\/wp\/v2\/product_brand?post=169824"},{"taxonomy":"product_cat","embeddable":true,"href":"https:\/\/pizbube.ch\/en\/wp-json\/wp\/v2\/product_cat?post=169824"},{"taxonomy":"product_tag","embeddable":true,"href":"https:\/\/pizbube.ch\/en\/wp-json\/wp\/v2\/product_tag?post=169824"}],"curies":[{"name":"wp","href":"https:\/\/api.w.org\/{rel}","templated":true}]}}