{"id":169835,"date":"2023-10-07T09:48:27","date_gmt":"2023-10-07T07:48:27","guid":{"rendered":"https:\/\/pizbube.ch\/?post_type=product&#038;p=169835"},"modified":"2025-04-08T16:44:09","modified_gmt":"2025-04-08T14:44:09","slug":"victors-letzte-fahrt-alpinist-und-luftschiffer-aus-leidenschaft-ein-leben","status":"publish","type":"product","link":"https:\/\/pizbube.ch\/en\/shop\/victors-letzte-fahrt-alpinist-und-luftschiffer-aus-leidenschaft-ein-leben\/","title":{"rendered":"Victors letzte Fahrt &#8211; Alpinist und Luftschiffer aus Leidenschaft. Ein Leben"},"content":{"rendered":"<p><span class=\"value\">Skifahrer, Bergsteiger, Ballonpilot &#8211; und in allen drei Sparten ein Pionier: Victor de Beauclair (1874-1929) schaffte die erste Skidurchquerung der Berner Alpen und die erste Ballon\u00fcberfahrt des gesamten Alpenkamms; er war Mitbegr\u00fcnder des Schweizer Skiverbands (heute Swiss-Ski) und des Ostschweizerischen Vereins f\u00fcr Luftschifffahrt; er leitete die ersten Skikurse f\u00fcr Walliser Bergf\u00fchrer und f\u00fcr den Schweizer Alpen-Club SAC.<br \/>\n<\/span><\/p>\n<p><span class=\"value\">Wer war dieser umtriebige, abenteuerlustige Wegbereiter, den man heute kaum mehr kennt? Victor de Beauclair, in Brasilien als Sohn eines hessischen Arztes geboren, in Deutschland und der Schweiz als namhafter Alpinist und Luftschiffer lebend, wird von Zeitgenossen als &#171;von spontaner Art, begeisterungsf\u00e4hig und von grosser Entschlusskraft&#187; bezeichnet. <\/span><\/p>\n<p><span class=\"value\">Emil Zopfi folgt den Spuren des rastlosen Lebens dieses leidenschaftlichen Menschen von der Kindheit in S\u00fcddeutschland bis zu seinem Absturz am Matterhorn am 15. August 1929 im Alter von f\u00fcnfundf\u00fcnfzig Jahren. Bei dem Ungl\u00fcck reisst er seine Seilpartnerin mit in den Tod, die junge lebensfrohe Irmgard Schiess aus Freiburg im Breisgau. Waren der Junggeselle und die Tochter aus gutem Hause ein Paar? Auf dem Bergsteigerfriedhof von Zermatt haben sie nebeneinander ihre letzte Ruhest\u00e4tte gefunden. Auch Irmgards Lebensspur ist Teil der im Stil einer Doku-Fiction verfassten Biografie.<br \/>\n<\/span><\/p>\n<p>&nbsp;<\/p>\n<p><span class=\"value\">220 Seiten<\/span>; gebunden<br \/>\n1. Auflage 2023<\/p>\n<p>&nbsp;<\/p>","protected":false},"excerpt":{"rendered":"<p>Skifahrer, Bergsteiger, Ballonpilot &#8211; und in allen drei Sparten ein Pionier: Victor de Beauclair (1874-1929) schaffte die erste Skidurchquerung der Berner Alpen und die erste Ballon\u00fcberfahrt des gesamten Alpenkamms; er war Mitbegr\u00fcnder des Schweizer Skiverbands (heute Swiss-Ski) und des Ostschweizerischen Vereins f\u00fcr Luftschifffahrt; er leitete die ersten Skikurse f\u00fcr Walliser Bergf\u00fchrer und f\u00fcr den Schweizer [&#8230;]\n","protected":false},"featured_media":169836,"template":"","meta":[],"product_brand":[],"product_cat":[21629,21542],"product_tag":[],"class_list":{"0":"post-169835","1":"product","2":"type-product","3":"status-publish","4":"has-post-thumbnail","6":"product_cat-belletristik","7":"product_cat-sachbuecher-dokumentationen","8":"pa_autor-zopfi","9":"pa_erscheinungsjahr-27129","10":"pa_region-schweiz","11":"pa_sprache-de","13":"first","14":"instock","15":"taxable","16":"shipping-taxable","17":"purchasable","18":"product-type-simple"},"_links":{"self":[{"href":"https:\/\/pizbube.ch\/en\/wp-json\/wp\/v2\/product\/169835","targetHints":{"allow":["GET"]}}],"collection":[{"href":"https:\/\/pizbube.ch\/en\/wp-json\/wp\/v2\/product"}],"about":[{"href":"https:\/\/pizbube.ch\/en\/wp-json\/wp\/v2\/types\/product"}],"wp:featuredmedia":[{"embeddable":true,"href":"https:\/\/pizbube.ch\/en\/wp-json\/wp\/v2\/media\/169836"}],"wp:attachment":[{"href":"https:\/\/pizbube.ch\/en\/wp-json\/wp\/v2\/media?parent=169835"}],"wp:term":[{"taxonomy":"product_brand","embeddable":true,"href":"https:\/\/pizbube.ch\/en\/wp-json\/wp\/v2\/product_brand?post=169835"},{"taxonomy":"product_cat","embeddable":true,"href":"https:\/\/pizbube.ch\/en\/wp-json\/wp\/v2\/product_cat?post=169835"},{"taxonomy":"product_tag","embeddable":true,"href":"https:\/\/pizbube.ch\/en\/wp-json\/wp\/v2\/product_tag?post=169835"}],"curies":[{"name":"wp","href":"https:\/\/api.w.org\/{rel}","templated":true}]}}