{"id":169838,"date":"2023-10-07T10:32:49","date_gmt":"2023-10-07T08:32:49","guid":{"rendered":"https:\/\/pizbube.ch\/?post_type=product&#038;p=169838"},"modified":"2023-10-07T10:54:37","modified_gmt":"2023-10-07T08:54:37","slug":"land-der-paesse-eine-zeitreise-in-die-heutige-schweiz","status":"publish","type":"product","link":"https:\/\/pizbube.ch\/en\/shop\/land-der-paesse-eine-zeitreise-in-die-heutige-schweiz\/","title":{"rendered":"Land der P\u00e4sse &#8211; Eine Zeitreise in die heutige Schweiz"},"content":{"rendered":"<p>Die Schweizer Alpenp\u00e4sse: Verbindungswege, Orte der Begegnung und zentraler Teil der nationalen Identit\u00e4t<\/p>\n<div class=\"col-lg-7\">\n<div>\n<p>Lange waren die Alpen eine fast un\u00fcberwindbare H\u00fcrde auf dem Weg vom Norden in den S\u00fcden oder umgekehrt. Zuerst f\u00fchrten schmale Saumpfade \u00fcber die Berge, dann auch r\u00f6mische Fahrwege, sp\u00e4ter zunehmend befestigte Strassen und seit dem 19. Jahrhundert die Eisenbahnen mit imposanten Br\u00fccken und Tunneln. Heute machen 120 gut ausgebaute Alpen\u00fcberg\u00e4nge oder -durchstiche die Schweiz zum wichtigsten Transitgebiet Europas. Ohne diese Passagen w\u00e4re die Schweiz ein anderes Land: gesellschaftlich, kulturell, wirtschaftlich und milit\u00e4risch.<\/p>\n<p><em>Land der P\u00e4sse<\/em> zeigt mit 80 grossformatigen Bildern des Fotografen Richard von Tscharner die K\u00fchnheit und Sch\u00f6nheit der Alpen\u00fcberg\u00e4nge, ihrer Bauten und Landschaften. Rund 30 historische Aufnahmen vermitteln die pionierhafte Anstrengung und den Mut fr\u00fcherer Generationen, das Alpenmassiv zu \u00fcberwinden und zu einem Begegnungsraum zwischen Norden und S\u00fcden zu verbinden. Fr\u00e9d\u00e9ric M\u00f6ri, Kunst- und Kulturhistoriker und Philosoph, zeichnet die Geschichte der Schweizer Alpenp\u00e4sse nach und f\u00fchrt ihre Bedeutung f\u00fcr die Identit\u00e4t der Schweiz vor Augen. Daniel L\u00e4tsch, Brigadier a.D. der Schweizer Armee, erl\u00e4utert ihre strategische Rolle. Und Anton Affentranger, vormals CEO des Baukonzerns Implenia, beschreibt die Vision, die der Neuen Alpentransversalen (NEAT) mit den Eisenbahn-Basistunneln durch Gotthard und L\u00f6tschberg vorausgeht: Die Zukunft des Transits liegt im tiefen Untergrund des Alpenraums.<\/p>\n<p>Gebunden<br \/>\n264 Seiten, 50 farbige und 74 s\/w-Abbildungen<br \/>\n30 x 30 cm<\/p>\n<\/div>\n<\/div>","protected":false},"excerpt":{"rendered":"<p>Die Schweizer Alpenp\u00e4sse: Verbindungswege, Orte der Begegnung und zentraler Teil der nationalen Identit\u00e4t Lange waren die Alpen eine fast un\u00fcberwindbare H\u00fcrde auf dem Weg vom Norden in den S\u00fcden oder umgekehrt. Zuerst f\u00fchrten schmale Saumpfade \u00fcber die Berge, dann auch r\u00f6mische Fahrwege, sp\u00e4ter zunehmend befestigte Strassen und seit dem 19. Jahrhundert die Eisenbahnen mit imposanten [&#8230;]\n","protected":false},"featured_media":169839,"template":"","meta":[],"product_brand":[],"product_cat":[21580,21542],"product_tag":[],"class_list":{"0":"post-169838","1":"product","2":"type-product","3":"status-publish","4":"has-post-thumbnail","6":"product_cat-kunst-kultur","7":"product_cat-sachbuecher-dokumentationen","8":"pa_autor-von-tscharner","9":"pa_erscheinungsjahr-27129","10":"pa_region-schweiz","11":"pa_sprache-de","13":"first","14":"instock","15":"taxable","16":"shipping-taxable","17":"purchasable","18":"product-type-simple"},"_links":{"self":[{"href":"https:\/\/pizbube.ch\/en\/wp-json\/wp\/v2\/product\/169838","targetHints":{"allow":["GET"]}}],"collection":[{"href":"https:\/\/pizbube.ch\/en\/wp-json\/wp\/v2\/product"}],"about":[{"href":"https:\/\/pizbube.ch\/en\/wp-json\/wp\/v2\/types\/product"}],"wp:featuredmedia":[{"embeddable":true,"href":"https:\/\/pizbube.ch\/en\/wp-json\/wp\/v2\/media\/169839"}],"wp:attachment":[{"href":"https:\/\/pizbube.ch\/en\/wp-json\/wp\/v2\/media?parent=169838"}],"wp:term":[{"taxonomy":"product_brand","embeddable":true,"href":"https:\/\/pizbube.ch\/en\/wp-json\/wp\/v2\/product_brand?post=169838"},{"taxonomy":"product_cat","embeddable":true,"href":"https:\/\/pizbube.ch\/en\/wp-json\/wp\/v2\/product_cat?post=169838"},{"taxonomy":"product_tag","embeddable":true,"href":"https:\/\/pizbube.ch\/en\/wp-json\/wp\/v2\/product_tag?post=169838"}],"curies":[{"name":"wp","href":"https:\/\/api.w.org\/{rel}","templated":true}]}}