{"id":169888,"date":"2023-10-11T09:23:43","date_gmt":"2023-10-11T07:23:43","guid":{"rendered":"https:\/\/pizbube.ch\/?post_type=product&#038;p=169888"},"modified":"2024-08-17T10:56:25","modified_gmt":"2024-08-17T08:56:25","slug":"kletterfuehrer-ammergauer-alpen","status":"publish","type":"product","link":"https:\/\/pizbube.ch\/en\/shop\/kletterfuehrer-ammergauer-alpen\/","title":{"rendered":"Kletterf\u00fchrer Ammergauer Alpen"},"content":{"rendered":"<div class=\"product attribute overview\">\n<div class=\"value\">\n<p>Alpinklettern und Sportklettern in den Ammergauer Alpen und um F\u00fcssen<\/p>\n<p>Wer von Norden nach F\u00fcssen kommt, sieht ihn schon von weitem, den S\u00e4uling. Er beherrscht die Szenerie hinter dem lieblichen Forgensee so dominant, dass seine Trabanten den meisten Menschen namentlich kaum bekannt sind. \u00d6stlich davon, in den weitl\u00e4ufigen Ammergauer Alpen, finden sich zahlreiche lohnende Kletterziele. Beispielsweise am Geiselstein. Eingeweihte singen schon lange das hohe Lied von rauhen Platten und monstr\u00f6sen Wasserrillen. Und auch der Kenzenkopf mit seiner sonnenverw\u00f6hnten S\u00fcdwand d\u00fcrfte unter Kennern bekannt sein.<\/p>\n<p>Das ist jedoch noch lange nicht alles. In den letzten Jahren entstanden an den teils abgeschiedenen Gipfeln zahlreiche neue Touren. Allein an der Nordseite der Kr\u00e4he \u00fcber 20 an der Zahl. Der neue <em>Ammergauer Alpen-Kletterf\u00fchrer<\/em> beschreibt sie alle. Und das in nie dagewesener Ausf\u00fchrlichkeit und Opulenz. \u00dcbersichtsbilder, Wandfotos, Topos und informative Texte machen die komplexe Topographie der Ammergauer Alpen nun f\u00fcr alle zug\u00e4nglich. Die leichten Gratklettereien &#8211; der 12 Apostelgrat am Pilgerschrofen, der Ostgrat am S\u00e4uling und der Westgrat am Hohen Strau\u00dfberg &#8211; werden en Detail beschrieben. Und last but not least finden sich alle relevanten Sportklettergebiete im neuen Kletterf\u00fchrer. Sowohl die hoch oben am Berg als auch die talnahen Spots. Schwanseeplatten, Ziegelwies und Kraftwerkwand &#8211; schon geh\u00f6rt?<\/p>\n<p>1. Aufl. 2023, 360 Seiten, 115 x 185 mm,<br \/>\nSoftcover, komplett 4-farbig, Schutzh\u00fclle<\/p>\n<\/div>\n<\/div>","protected":false},"excerpt":{"rendered":"<p><strong><a href=\"https:\/\/pizbube.ch\/wp-content\/uploads\/2023\/10\/Leseprobe_Ammergauer-Alpen.pdf\" target=\"_blank\" rel=\"noopener\">Leseprobe_Ammergauer-Alpen<\/a><\/strong><\/p>","protected":false},"featured_media":169889,"template":"","meta":[],"product_brand":[],"product_cat":[21539],"product_tag":[],"class_list":{"0":"post-169888","1":"product","2":"type-product","3":"status-publish","4":"has-post-thumbnail","6":"product_cat-fuehrerliteratur-sportklettern-bouldern","7":"pa_autor-marcus-lutz-martin-oswald-dieter-elsner-ronald-nordmann","8":"pa_erscheinungsjahr-27129","9":"pa_region-deutschland","10":"pa_sprache-de","12":"first","13":"instock","14":"taxable","15":"shipping-taxable","16":"purchasable","17":"product-type-simple"},"_links":{"self":[{"href":"https:\/\/pizbube.ch\/en\/wp-json\/wp\/v2\/product\/169888","targetHints":{"allow":["GET"]}}],"collection":[{"href":"https:\/\/pizbube.ch\/en\/wp-json\/wp\/v2\/product"}],"about":[{"href":"https:\/\/pizbube.ch\/en\/wp-json\/wp\/v2\/types\/product"}],"wp:featuredmedia":[{"embeddable":true,"href":"https:\/\/pizbube.ch\/en\/wp-json\/wp\/v2\/media\/169889"}],"wp:attachment":[{"href":"https:\/\/pizbube.ch\/en\/wp-json\/wp\/v2\/media?parent=169888"}],"wp:term":[{"taxonomy":"product_brand","embeddable":true,"href":"https:\/\/pizbube.ch\/en\/wp-json\/wp\/v2\/product_brand?post=169888"},{"taxonomy":"product_cat","embeddable":true,"href":"https:\/\/pizbube.ch\/en\/wp-json\/wp\/v2\/product_cat?post=169888"},{"taxonomy":"product_tag","embeddable":true,"href":"https:\/\/pizbube.ch\/en\/wp-json\/wp\/v2\/product_tag?post=169888"}],"curies":[{"name":"wp","href":"https:\/\/api.w.org\/{rel}","templated":true}]}}