{"id":169910,"date":"2023-10-12T09:26:53","date_gmt":"2023-10-12T07:26:53","guid":{"rendered":"https:\/\/pizbube.ch\/?post_type=product&#038;p=169910"},"modified":"2024-12-11T09:56:28","modified_gmt":"2024-12-11T08:56:28","slug":"il-etait-une-fois-lescalade","status":"publish","type":"product","link":"https:\/\/pizbube.ch\/en\/shop\/il-etait-une-fois-lescalade\/","title":{"rendered":"Il \u00e9tait une fois l&#8217;escalade"},"content":{"rendered":"<p>Les humains ont compris tr\u00e8s t\u00f4t l\u2019importance de l\u2019escalade, mais ce n\u2019est qu\u2019au XIXe si\u00e8cle que celle-ci devient une discipline \u00e0 part enti\u00e8re. Un mode de vie, voire plus, une religion pour certains ! Catherine Destivelle et David Chambre ont particip\u00e9 \u00e0 cette histoire. Ils sont r\u00e9unis aujourd\u2019hui pour nous conter les grandes p\u00e9rip\u00e9ties qui ont marqu\u00e9 cette activit\u00e9 ludique et sportive.<\/p>\n<p>Des premi\u00e8res ascensions sur les massifs europ\u00e9ens \u00e0 l\u2019escalade libre dans les Dolomites, en passant par le solo int\u00e9gral d\u2019El Capitan au Yosemite, \u00e0 la ma\u00eetrise du bloc \u00e0 Fontainebleau ou encore \u00e0 l\u2019utilisation du crash pad jusqu\u2019en Finlande, ce sont 300 ans d\u2019\u00e9volution de l\u2019escalade que les deux auteurs racontent dans cette bande dessin\u00e9e in\u00e9dite mise en image avec pr\u00e9cision par Laurent Bidot.<\/p>\n<p>Des annexes pour tout savoir sur l\u2019escalade. Une BD enrichie de 30 QR codes qui renvoient \u00e0 des vid\u00e9os de grimpeurs.<\/p>\n<p>204 pages, format: 223\/298\/20 mm<\/p>","protected":false},"excerpt":{"rendered":"<p>Les humains ont compris tr\u00e8s t\u00f4t l\u2019importance de l\u2019escalade, mais ce n\u2019est qu\u2019au XIXe si\u00e8cle que celle-ci devient une discipline \u00e0 part enti\u00e8re. Un mode de vie, voire plus, une religion pour certains ! Catherine Destivelle et David Chambre ont particip\u00e9 \u00e0 cette histoire. Ils sont r\u00e9unis aujourd\u2019hui pour nous conter les grandes p\u00e9rip\u00e9ties qui [&#8230;]\n","protected":false},"featured_media":169911,"template":"","meta":[],"product_brand":[],"product_cat":[21629,21881,21580,21542],"product_tag":[27350,26864,26863],"class_list":{"0":"post-169910","1":"product","2":"type-product","3":"status-publish","4":"has-post-thumbnail","6":"product_cat-belletristik","7":"product_cat-comics","8":"product_cat-kunst-kultur","9":"product_cat-sachbuecher-dokumentationen","10":"product_tag-jugendbuch","11":"product_tag-kinderbuch","12":"product_tag-kinderbuecher","13":"pa_autor-destivelle-chambre-bidot","14":"pa_erscheinungsjahr-27129","15":"pa_region-frankreich","16":"pa_sprache-fr","18":"first","19":"instock","20":"taxable","21":"shipping-taxable","22":"purchasable","23":"product-type-simple"},"_links":{"self":[{"href":"https:\/\/pizbube.ch\/en\/wp-json\/wp\/v2\/product\/169910","targetHints":{"allow":["GET"]}}],"collection":[{"href":"https:\/\/pizbube.ch\/en\/wp-json\/wp\/v2\/product"}],"about":[{"href":"https:\/\/pizbube.ch\/en\/wp-json\/wp\/v2\/types\/product"}],"wp:featuredmedia":[{"embeddable":true,"href":"https:\/\/pizbube.ch\/en\/wp-json\/wp\/v2\/media\/169911"}],"wp:attachment":[{"href":"https:\/\/pizbube.ch\/en\/wp-json\/wp\/v2\/media?parent=169910"}],"wp:term":[{"taxonomy":"product_brand","embeddable":true,"href":"https:\/\/pizbube.ch\/en\/wp-json\/wp\/v2\/product_brand?post=169910"},{"taxonomy":"product_cat","embeddable":true,"href":"https:\/\/pizbube.ch\/en\/wp-json\/wp\/v2\/product_cat?post=169910"},{"taxonomy":"product_tag","embeddable":true,"href":"https:\/\/pizbube.ch\/en\/wp-json\/wp\/v2\/product_tag?post=169910"}],"curies":[{"name":"wp","href":"https:\/\/api.w.org\/{rel}","templated":true}]}}