{"id":169918,"date":"2023-10-12T12:00:27","date_gmt":"2023-10-12T10:00:27","guid":{"rendered":"https:\/\/pizbube.ch\/?post_type=product&#038;p=169918"},"modified":"2023-10-12T12:00:28","modified_gmt":"2023-10-12T10:00:28","slug":"rund-um-sterzing-wipptal-zwischen-brenner-und-brixen","status":"publish","type":"product","link":"https:\/\/pizbube.ch\/en\/shop\/rund-um-sterzing-wipptal-zwischen-brenner-und-brixen\/","title":{"rendered":"Rund um Sterzing: Wipptal &#8211; zwischen Brenner und Brixen"},"content":{"rendered":"<p><span class=\"value\">Rund um Sterzing erhebt sich die hochalpine Bergwelt der Alpen. Hohe Gipfel und schneebedeckte Gletscher, steile Felsw\u00e4nde und tiefe Schluchten liefern das alpine Flair f\u00fcr herrliche Bergtouren. Und Wanderm\u00f6glichkeiten gibt es in der Alpenregion, die sich vom Brenner s\u00fcdw\u00e4rts bis nach Brixen erstreckt, wahrhaft f\u00fcr jeden Geschmack. Der Rother Wanderf\u00fchrer \u00bbRund um Sterzing\u00ab stellt 57 abwechslungsreiche Touren vor \u2013 von gem\u00fctlichen Almwanderungen bis zu rassigen Gipfeltouren.<\/span><\/p>\n<p>Die Tourenauswahl im Wanderf\u00fchrer ist vielseitig: Gipfel wie der Wilde Freiger, der Hochfeiler (mit 3509 Metern der h\u00f6chste Gipfel im Einzugsgebiet) oder die Tribulaun-Gruppe, durch die der grandiose Pflerscher H\u00f6henweg f\u00fchrt, wecken bergsteigerische Hochgef\u00fchle. Spektakul\u00e4r ist der Klammsteig durch die Gilfenklamm im Ratschingstal. Der Landshuter H\u00f6henweg, ein einfacher Panoramaweg im inneren Pfitscher Tal, besticht nicht nur durch die herrliche Aussicht, sondern auch durch die au\u00dfergew\u00f6hnlich gelegene H\u00fctte am Ziel. Und auch der Rosskopf, der Sterzinger Hausberg, bietet Touren von einfach bis anspruchsvoll.<\/p>\n<p>Die 57 Wanderungen rund um Sterzing f\u00fchren in das S\u00fcdtiroler Wipptal zwischen Brenner und Brixen und die Nebent\u00e4ler Pflersch, Ridnaun, Ratschings, Jaufen und Pfitsch. In dieser S\u00fcdtiroler Alpenregion gibt es f\u00fcr Wanderer und Bergsteiger unglaublich viel zu entdecken.<\/p>\n<p>Jede Wanderung ist dank einer \u00fcbersichtlichen Kurzinfo, einer zuverl\u00e4ssigen Wegbeschreibung, einem aussagekr\u00e4ftigen H\u00f6henprofil und Kartenausschnitten leicht und sicher nachvollziehbar. Zudem stehen GPS-Tracks zum Download von der Internetseite des Rother Bergverlags bereit.<\/p>\n<p>192 Seiten;<br \/>\n57 H\u00f6henprofile, 57 Wanderk\u00e4rtchen im Ma\u00dfstab 1:50.000 und 1:75.000, zwei \u00dcbersichtskarten, GPS-Tracks zum Download<\/p>\n<p>4., aktualisierte und erweiterte Auflage 2023<\/p>","protected":false},"excerpt":{"rendered":"<p>Rund um Sterzing erhebt sich die hochalpine Bergwelt der Alpen. Hohe Gipfel und schneebedeckte Gletscher, steile Felsw\u00e4nde und tiefe Schluchten liefern das alpine Flair f\u00fcr herrliche Bergtouren. Und Wanderm\u00f6glichkeiten gibt es in der Alpenregion, die sich vom Brenner s\u00fcdw\u00e4rts bis nach Brixen erstreckt, wahrhaft f\u00fcr jeden Geschmack. Der Rother Wanderf\u00fchrer \u00bbRund um Sterzing\u00ab stellt 57 [&#8230;]\n","protected":false},"featured_media":169919,"template":"","meta":[],"product_brand":[],"product_cat":[21605],"product_tag":[],"class_list":{"0":"post-169918","1":"product","2":"type-product","3":"status-publish","4":"has-post-thumbnail","6":"product_cat-wanderfuehrer-trekking","7":"pa_autor-zahel","8":"pa_erscheinungsjahr-27129","9":"pa_region-italien","10":"pa_sprache-de","12":"first","13":"instock","14":"taxable","15":"shipping-taxable","16":"purchasable","17":"product-type-simple"},"_links":{"self":[{"href":"https:\/\/pizbube.ch\/en\/wp-json\/wp\/v2\/product\/169918","targetHints":{"allow":["GET"]}}],"collection":[{"href":"https:\/\/pizbube.ch\/en\/wp-json\/wp\/v2\/product"}],"about":[{"href":"https:\/\/pizbube.ch\/en\/wp-json\/wp\/v2\/types\/product"}],"wp:featuredmedia":[{"embeddable":true,"href":"https:\/\/pizbube.ch\/en\/wp-json\/wp\/v2\/media\/169919"}],"wp:attachment":[{"href":"https:\/\/pizbube.ch\/en\/wp-json\/wp\/v2\/media?parent=169918"}],"wp:term":[{"taxonomy":"product_brand","embeddable":true,"href":"https:\/\/pizbube.ch\/en\/wp-json\/wp\/v2\/product_brand?post=169918"},{"taxonomy":"product_cat","embeddable":true,"href":"https:\/\/pizbube.ch\/en\/wp-json\/wp\/v2\/product_cat?post=169918"},{"taxonomy":"product_tag","embeddable":true,"href":"https:\/\/pizbube.ch\/en\/wp-json\/wp\/v2\/product_tag?post=169918"}],"curies":[{"name":"wp","href":"https:\/\/api.w.org\/{rel}","templated":true}]}}