{"id":169991,"date":"2023-10-18T09:50:34","date_gmt":"2023-10-18T07:50:34","guid":{"rendered":"https:\/\/pizbube.ch\/?post_type=product&#038;p=169991"},"modified":"2023-10-18T10:43:30","modified_gmt":"2023-10-18T08:43:30","slug":"why-go-far-away-when-everything-is-closeby-die-welt-vor-deiner-tuer","status":"publish","type":"product","link":"https:\/\/pizbube.ch\/en\/shop\/why-go-far-away-when-everything-is-closeby-die-welt-vor-deiner-tuer\/","title":{"rendered":"Why go far away when everything is Closeby &#8211; Die Welt vor deiner T\u00fcr"},"content":{"rendered":"<p>Wo warst du zuletzt in den Ferien? Kannst du dich noch daran erinnern, was den Ausschlag gegeben hat um genau dorthin zu gehen? Wei\u00dft du, dass Ferien in der N\u00e4he wahnsinnig aufregend \/ abenteuerlich \/ unvergesslich \/ spektakul\u00e4r sein k\u00f6nnen? Das ist unser Ansatz. Seit vielen Jahren verst\u00e4rkt sich in der Gesellschaft die Auffassung: je weiter weg, desto aufregender. Aber nicht die Anzahl zur\u00fcckgelegter Kilometer entscheidet \u00fcber die Erinnerungen, die wir dabei schaffen \u2013 nein, wir selbst sind unseres Reisegl\u00fcckes Schmied. Wenn es nicht die Anzahl Flugstunden- oder Autofahrten sind \u2013 an die wir uns meist noch lange bestens erinnern \u2013, wieso sollten wir dann weiterhin die Umwelt mit langen Reisewegen belasten?<\/p>\n<p>Wir pl\u00e4dieren daf\u00fcr, nicht die Welt zum Dorf zu machen, sondern die Welt in einem Dorf, in einem Blick zu entdecken. Lass dich von den Bildern inspirieren, verbringe deine freie Zeit vor der Haust\u00fcr, mach dich auf die Suche nach dem Fotomotiv, f\u00fcr das du nicht auf die andere Seite des Planeten gehen, sondern vielleicht nur den R\u00f6stigraben \u00fcberwinden musst. Die Schweizer Natur, die Schweizer Berge\/Landschaften, aber auch die Schweizer St\u00e4dte, warten mit so vielem auf \u2013 mach dich gemeinsam mit uns auf Entdeckungsreise und inspiriere andere f\u00fcr eine nachhaltige Zukunft.<\/p>\n<p>15 Wanderungen, die dich kosteng\u00fcnstig und nachhaltig an eindr\u00fcckliche Punkte in der Schweiz bringen<\/p>\n<p>Ideal f\u00fcr<br \/>\nEinsteiger:innen und Familien<br \/>\nWeitgereiste, die ihre Umgebung erkunden m\u00f6chten<br \/>\nAbenteuerlustige mit kleinem Budget<br \/>\nUmweltbewusste Genie\u00dfer:innen<br \/>\nFotofans mit Freude an spektakul\u00e4ren Insta-Feeds<\/p>\n<p>Schnapp dir deine Freunde, geh raus und bring mehr Ausflug in dein Leben!<\/p>\n<p>136 Seiten, 19.0 \u00d7 12.0 cm, Broschur<br \/>\n1. Auflage 2023<\/p>\n<p>Mit Routenskizzen, GPS-Daten und 15 heraustrennbaren Postkarten<\/p>","protected":false},"excerpt":{"rendered":"<p>Wo warst du zuletzt in den Ferien? Kannst du dich noch daran erinnern, was den Ausschlag gegeben hat um genau dorthin zu gehen? Wei\u00dft du, dass Ferien in der N\u00e4he wahnsinnig aufregend \/ abenteuerlich \/ unvergesslich \/ spektakul\u00e4r sein k\u00f6nnen? Das ist unser Ansatz. Seit vielen Jahren verst\u00e4rkt sich in der Gesellschaft die Auffassung: je [&#8230;]\n","protected":false},"featured_media":169992,"template":"","meta":[],"product_brand":[],"product_cat":[21605],"product_tag":[],"class_list":{"0":"post-169991","1":"product","2":"type-product","3":"status-publish","4":"has-post-thumbnail","6":"product_cat-wanderfuehrer-trekking","7":"pa_autor-maja-haus-karin-rey","8":"pa_erscheinungsjahr-27129","9":"pa_region-schweiz","10":"pa_sprache-de","12":"first","13":"instock","14":"taxable","15":"shipping-taxable","16":"purchasable","17":"product-type-simple"},"_links":{"self":[{"href":"https:\/\/pizbube.ch\/en\/wp-json\/wp\/v2\/product\/169991","targetHints":{"allow":["GET"]}}],"collection":[{"href":"https:\/\/pizbube.ch\/en\/wp-json\/wp\/v2\/product"}],"about":[{"href":"https:\/\/pizbube.ch\/en\/wp-json\/wp\/v2\/types\/product"}],"wp:featuredmedia":[{"embeddable":true,"href":"https:\/\/pizbube.ch\/en\/wp-json\/wp\/v2\/media\/169992"}],"wp:attachment":[{"href":"https:\/\/pizbube.ch\/en\/wp-json\/wp\/v2\/media?parent=169991"}],"wp:term":[{"taxonomy":"product_brand","embeddable":true,"href":"https:\/\/pizbube.ch\/en\/wp-json\/wp\/v2\/product_brand?post=169991"},{"taxonomy":"product_cat","embeddable":true,"href":"https:\/\/pizbube.ch\/en\/wp-json\/wp\/v2\/product_cat?post=169991"},{"taxonomy":"product_tag","embeddable":true,"href":"https:\/\/pizbube.ch\/en\/wp-json\/wp\/v2\/product_tag?post=169991"}],"curies":[{"name":"wp","href":"https:\/\/api.w.org\/{rel}","templated":true}]}}