{"id":170025,"date":"2023-10-20T09:30:17","date_gmt":"2023-10-20T07:30:17","guid":{"rendered":"https:\/\/pizbube.ch\/?post_type=product&#038;p=170025"},"modified":"2023-10-20T09:37:29","modified_gmt":"2023-10-20T07:37:29","slug":"das-erbe-der-alpen","status":"publish","type":"product","link":"https:\/\/pizbube.ch\/en\/shop\/das-erbe-der-alpen\/","title":{"rendered":"Das Erbe der Alpen"},"content":{"rendered":"<p><span class=\"value\">Was unsere Bergwelt bedroht und warum wir sie retten m\u00fcssen<\/span><\/p>\n<p>Den Kulturraum der Alpen verstehen, die einzigartige Bergnatur ersp\u00fcren und f\u00fcr die Zukunft erhalten &#8211; das ist die Herzensangelegenheit von Ex-Weltklasse-Skirennl\u00e4ufer Felix Neureuther. Denn die Alpen ver\u00e4ndern sich rasant. Die Klimakrise nagt an den Gletschern, die Artenvielfalt ist in Gefahr, Felsst\u00fcrze bedrohen Siedlungen. Dabei sind die Berge nicht nur Erholungsraum f\u00fcr Millionen von Urlaubern, sondern seit Jahrtausenden gepr\u00e4gt von Almbauern, mit einer Vielfalt an Handwerk, Musik und K\u00fcche.<\/p>\n<p>Als Botschafter der Berge sp\u00fcrt Felix Neureuther mit Experten wie Sven Pl\u00f6ger oder Alpinist Simon Messner dem geheimen Wissen der Alpen nach und zeigt innovative, zukunftsf\u00e4hige L\u00f6sungen, um den n\u00e4chsten Generationen ein gutes Leben zu erm\u00f6glichen.<\/p>\n<p>Begleitet wurde Felix Neureuther von Peter Neusser, der die Reise zu den vielf\u00e4ltigen Stationen gro\u00dfartig in Bildern festgehalten hat.<\/p>\n<p>304 Seiten;<br \/>\n1. Auflage 2023<\/p>","protected":false},"excerpt":{"rendered":"<p><a href=\"https:\/\/pizbube.ch\/wp-content\/uploads\/2023\/10\/Leseprobe-Das-Erbe-der-Alpen.pdf\" target=\"_blank\" rel=\"noopener\"><strong>Leseprobe-Das-Erbe-der-Alpen<\/strong><\/a><\/p>","protected":false},"featured_media":170026,"template":"","meta":[],"product_brand":[],"product_cat":[21580,21542],"product_tag":[],"class_list":{"0":"post-170025","1":"product","2":"type-product","3":"status-publish","4":"has-post-thumbnail","6":"product_cat-kunst-kultur","7":"product_cat-sachbuecher-dokumentationen","8":"pa_autor-neureuther","9":"pa_erscheinungsjahr-27129","10":"pa_region-deutschland","11":"pa_sprache-de","13":"first","14":"instock","15":"taxable","16":"shipping-taxable","17":"purchasable","18":"product-type-simple"},"_links":{"self":[{"href":"https:\/\/pizbube.ch\/en\/wp-json\/wp\/v2\/product\/170025","targetHints":{"allow":["GET"]}}],"collection":[{"href":"https:\/\/pizbube.ch\/en\/wp-json\/wp\/v2\/product"}],"about":[{"href":"https:\/\/pizbube.ch\/en\/wp-json\/wp\/v2\/types\/product"}],"wp:featuredmedia":[{"embeddable":true,"href":"https:\/\/pizbube.ch\/en\/wp-json\/wp\/v2\/media\/170026"}],"wp:attachment":[{"href":"https:\/\/pizbube.ch\/en\/wp-json\/wp\/v2\/media?parent=170025"}],"wp:term":[{"taxonomy":"product_brand","embeddable":true,"href":"https:\/\/pizbube.ch\/en\/wp-json\/wp\/v2\/product_brand?post=170025"},{"taxonomy":"product_cat","embeddable":true,"href":"https:\/\/pizbube.ch\/en\/wp-json\/wp\/v2\/product_cat?post=170025"},{"taxonomy":"product_tag","embeddable":true,"href":"https:\/\/pizbube.ch\/en\/wp-json\/wp\/v2\/product_tag?post=170025"}],"curies":[{"name":"wp","href":"https:\/\/api.w.org\/{rel}","templated":true}]}}