{"id":170039,"date":"2023-10-20T14:52:08","date_gmt":"2023-10-20T12:52:08","guid":{"rendered":"https:\/\/pizbube.ch\/?post_type=product&#038;p=170039"},"modified":"2024-11-13T11:36:06","modified_gmt":"2024-11-13T10:36:06","slug":"berner-oberland-bildband","status":"publish","type":"product","link":"https:\/\/pizbube.ch\/en\/shop\/berner-oberland-bildband\/","title":{"rendered":"BERNER OBERLAND (Bildband)"},"content":{"rendered":"<p>Thomas Biasotto, der Ostschweizer Fotograf und Komponist, pr\u00e4sentiert seinen neusten<br \/>\ngrossformatigen Bildband. Die Schwarz-Weiss-Bilder verdeutlichen, was bleibt, wenn<br \/>\nman dem Bergmassiv seinen bunten Anstrich entzieht. Eine Kraft und Erhabenheit, die<br \/>\n\u00fcber Zeitempfinden, \u00fcber das Fassbare hinausragt. Ohne das saftige Gr\u00fcn der Wiesen,<br \/>\ndas schrille Gelb der Arnika, ohne die Farbenpracht der Wetterstimmungen liefert der<br \/>\nFotograf aus dem Appenzellerland keine Dokumentation ab.<\/p>\n<p>Es geht ihm nicht um die Benennung der Gipfel, nicht um H\u00f6hen- oder Ortsangaben. Bia-<br \/>\nsotto verarbeitet Licht und Schatten gekonnt, wagt sich in Grenzbereiche des fotogra-<br \/>\nfisch formulierbaren und vergisst weder die zarten Zwischent\u00f6ne noch die kennzeichnen-<br \/>\nden Schwarzabstufungen, welche analog und digital die eigentliche Qualit\u00e4t meisterhafter<br \/>\nSchwarz-Weiss Fotografie ausmachen.<\/p>\n<p>Der komplex gestaltete Bildband in seinem hochwertigen und durchdachten Design ist<br \/>\neine der seltenen Ver\u00f6ffentlichungen, die allerh\u00f6chste Kunst des Fotografierens mit jener<br \/>\ndes Buchdrucks und Buchdesigns verbindet und in jeder alpinen B\u00fcchersammlung einen<br \/>\nPlatz verdient.<\/p>\n<p>256 Seiten,<\/p>","protected":false},"excerpt":{"rendered":"<p>Thomas Biasotto, der Ostschweizer Fotograf und Komponist, pr\u00e4sentiert seinen neusten grossformatigen Bildband. Die Schwarz-Weiss-Bilder verdeutlichen, was bleibt, wenn man dem Bergmassiv seinen bunten Anstrich entzieht. Eine Kraft und Erhabenheit, die \u00fcber Zeitempfinden, \u00fcber das Fassbare hinausragt. Ohne das saftige Gr\u00fcn der Wiesen, das schrille Gelb der Arnika, ohne die Farbenpracht der Wetterstimmungen liefert der Fotograf [&#8230;]\n","protected":false},"featured_media":170040,"template":"","meta":[],"product_brand":[],"product_cat":[21580,21542],"product_tag":[],"class_list":{"0":"post-170039","1":"product","2":"type-product","3":"status-publish","4":"has-post-thumbnail","6":"product_cat-kunst-kultur","7":"product_cat-sachbuecher-dokumentationen","8":"pa_autor-biasotto-2","9":"pa_erscheinungsjahr-27129","10":"pa_region-schweiz","11":"pa_sprache-de","13":"first","14":"instock","15":"taxable","16":"shipping-taxable","17":"purchasable","18":"product-type-simple"},"_links":{"self":[{"href":"https:\/\/pizbube.ch\/en\/wp-json\/wp\/v2\/product\/170039","targetHints":{"allow":["GET"]}}],"collection":[{"href":"https:\/\/pizbube.ch\/en\/wp-json\/wp\/v2\/product"}],"about":[{"href":"https:\/\/pizbube.ch\/en\/wp-json\/wp\/v2\/types\/product"}],"wp:featuredmedia":[{"embeddable":true,"href":"https:\/\/pizbube.ch\/en\/wp-json\/wp\/v2\/media\/170040"}],"wp:attachment":[{"href":"https:\/\/pizbube.ch\/en\/wp-json\/wp\/v2\/media?parent=170039"}],"wp:term":[{"taxonomy":"product_brand","embeddable":true,"href":"https:\/\/pizbube.ch\/en\/wp-json\/wp\/v2\/product_brand?post=170039"},{"taxonomy":"product_cat","embeddable":true,"href":"https:\/\/pizbube.ch\/en\/wp-json\/wp\/v2\/product_cat?post=170039"},{"taxonomy":"product_tag","embeddable":true,"href":"https:\/\/pizbube.ch\/en\/wp-json\/wp\/v2\/product_tag?post=170039"}],"curies":[{"name":"wp","href":"https:\/\/api.w.org\/{rel}","templated":true}]}}