{"id":170070,"date":"2023-10-25T09:12:56","date_gmt":"2023-10-25T07:12:56","guid":{"rendered":"https:\/\/pizbube.ch\/?post_type=product&#038;p=170070"},"modified":"2023-10-25T09:13:35","modified_gmt":"2023-10-25T07:13:35","slug":"pickel-seil-mauerhaken","status":"publish","type":"product","link":"https:\/\/pizbube.ch\/en\/shop\/pickel-seil-mauerhaken\/","title":{"rendered":"Pickel, Seil &amp; Mauerhaken"},"content":{"rendered":"<p>Die Berge begreifen: Fundst\u00fccke aus der Geschichte des alpinen Bergsteigens &#8211; Alpine Kletterausr\u00fcstungen und die Bergsteiger-Geschichten dahinter<\/p>\n<p>Anhand von historischen Objekten aus der Geschichte des Alpinismus, die der ber\u00fchmte Alpinist im Laufe der Jahre gesammelt hat, erfahren die Besucher:innen seiner Museen die besondere Geschichte hinter jedem dieser Exponate. Eine exklusive Auswahl davon hat Reinhold Messner nun in seinem Buch zusammengestellt: Die Erinnerungsst\u00fccke erz\u00e4hlen auf anschauliche Weise von der Entwicklung des traditionellen Alpinismus. Darunter sind auch Kunstwerke, die Emotionen wecken und oft einen spirituellen Hintergrund haben.<\/p>\n<p>Von Messner pers\u00f6nlich: Wissenswertes \u00fcber die Leidenschaft Bergsteigen und die Entwicklung des Bergsports von den Anf\u00e4ngen bis zum Alpintourismus unserer Zeit. Ein sch\u00f6nes Geschenk f\u00fcr alle Bergliebhaber:innen!<\/p>\n<p>Reinhold Messner, der wie kaum ein anderer f\u00fcr den traditionellen Alpinismus steht und als Bergsteiger beispiellose Erfolge feierte, hat mittlerweile sechs Museen in den S\u00fcdtiroler Bergen gegr\u00fcndet. In seinen Messner Mountain Museums m\u00f6chte er die Begeisterung f\u00fcr die Berge an die nachfolgenden Generationen weitergeben. Sein Ziel ist es, das Ideal des Bergsteigers \u201ealter Schule\u201c zu bewahren, dem es wie ihm vor allem um das Naturerlebnis und die pers\u00f6nliche Herausforderung ging.<\/p>\n<p>&#8211; Bergsteigerbuch: Die Geschichte des Alpinismus in historischen Objekten<br \/>\n&#8211; Bergpassion: Ber\u00fchmte Bergsteiger, ihre Ausr\u00fcstung, ihr Schicksal<br \/>\n&#8211; Messner Mountain Museum: Von Schuh und Seil, Yak und Yogi<br \/>\n&#8211; Messner Philosophikum \u2013 Erinnerungsst\u00fccke und wof\u00fcr sie stehen: der Hammer von Paul Preuss, das Seil von Hermann Buhl oder Toni Eggers Eispickel vom Cerro Torre<br \/>\n&#8211; Im handlichen Format auch f\u00fcr die Lekt\u00fcre unterwegs geeignet<\/p>\n<p>184 Seiten \/ 120 mm x 200 mm<\/p>","protected":false},"excerpt":{"rendered":"<p>Die Berge begreifen: Fundst\u00fccke aus der Geschichte des alpinen Bergsteigens &#8211; Alpine Kletterausr\u00fcstungen und die Bergsteiger-Geschichten dahinter Anhand von historischen Objekten aus der Geschichte des Alpinismus, die der ber\u00fchmte Alpinist im Laufe der Jahre gesammelt hat, erfahren die Besucher:innen seiner Museen die besondere Geschichte hinter jedem dieser Exponate. Eine exklusive Auswahl davon hat Reinhold Messner [&#8230;]\n","protected":false},"featured_media":170071,"template":"","meta":[],"product_brand":[],"product_cat":[21629,21542],"product_tag":[],"class_list":{"0":"post-170070","1":"product","2":"type-product","3":"status-publish","4":"has-post-thumbnail","6":"product_cat-belletristik","7":"product_cat-sachbuecher-dokumentationen","8":"pa_autor-messner","9":"pa_erscheinungsjahr-27129","10":"pa_region-deutschland","11":"pa_region-italien","12":"pa_region-oesterreich","13":"pa_region-schweiz","14":"pa_sprache-de","16":"first","17":"instock","18":"taxable","19":"shipping-taxable","20":"purchasable","21":"product-type-simple"},"_links":{"self":[{"href":"https:\/\/pizbube.ch\/en\/wp-json\/wp\/v2\/product\/170070","targetHints":{"allow":["GET"]}}],"collection":[{"href":"https:\/\/pizbube.ch\/en\/wp-json\/wp\/v2\/product"}],"about":[{"href":"https:\/\/pizbube.ch\/en\/wp-json\/wp\/v2\/types\/product"}],"wp:featuredmedia":[{"embeddable":true,"href":"https:\/\/pizbube.ch\/en\/wp-json\/wp\/v2\/media\/170071"}],"wp:attachment":[{"href":"https:\/\/pizbube.ch\/en\/wp-json\/wp\/v2\/media?parent=170070"}],"wp:term":[{"taxonomy":"product_brand","embeddable":true,"href":"https:\/\/pizbube.ch\/en\/wp-json\/wp\/v2\/product_brand?post=170070"},{"taxonomy":"product_cat","embeddable":true,"href":"https:\/\/pizbube.ch\/en\/wp-json\/wp\/v2\/product_cat?post=170070"},{"taxonomy":"product_tag","embeddable":true,"href":"https:\/\/pizbube.ch\/en\/wp-json\/wp\/v2\/product_tag?post=170070"}],"curies":[{"name":"wp","href":"https:\/\/api.w.org\/{rel}","templated":true}]}}