{"id":170088,"date":"2023-10-26T11:57:57","date_gmt":"2023-10-26T09:57:57","guid":{"rendered":"https:\/\/pizbube.ch\/?post_type=product&#038;p=170088"},"modified":"2025-06-23T13:34:42","modified_gmt":"2025-06-23T11:34:42","slug":"the-big-wall","status":"publish","type":"product","link":"https:\/\/pizbube.ch\/en\/shop\/the-big-wall\/","title":{"rendered":"The big wall"},"content":{"rendered":"<div id=\"product-description-short-666\" class=\"product-short-description\">\n<p>Sept histoires de montagne inspir\u00e9es par l\u2019alpiniste Yasushi Yamanoi, piolet d\u2019or 2021.<\/p>\n<\/div>\n<div id=\"product-description-666\" class=\"product-long-description\">\n<p>\u00ab\u00a0En montagne, on doit d\u2019abord prot\u00e9ger sa propre vie pour esp\u00e9rer sauver celle des autres.\u00a0\u00bb<br \/>\nYasushi Senju est un jeune professeur, peintre et alpiniste de renom. Il conna\u00eet la montagne et tous ses dangers. Depuis plusieurs ann\u00e9es, il s\u2019entra\u00eene sans rel\u00e2che pour affronter The Big Wall\u202f: une paroi verticale de 1\u2009250 m\u00e8tres situ\u00e9e au nord du Canada. Ce r\u00eave, il le nourrissait avec son ami Fukada, disparu \u00e0 ses c\u00f4t\u00e9s sur les pentes de l\u2019Everest.<\/p>\n<p>Yasushi Senju est \u00e9galement guide de haute montagne. Des parois du Japon aux g\u00e9ants himalayens, il nous embarque dans son sillage \u00e0 travers sept histoires sensibles o\u00f9 la vie et la mort se tutoient \u00e0 ciel ouvert. Il donne par ailleurs \u00e0 explorer les motivations, souvent secr\u00e8tes, qui poussent les alpinistes \u00e0 s\u2019aventurer sur les sommets, mais aussi, et c\u2019est beaucoup plus rare, \u00e0 regarder du c\u00f4t\u00e9 de ceux qui restent\u2026<br \/>\nCette fiction nous plonge au c\u0153ur de la haute montagne. Les destins s\u2019y croisent et parfois s\u2019y retrouvent, les ambitions et les \u00e9motions s\u2019y d\u00e9fient en permanence et la passion dicte les r\u00e8gles d\u2019une pratique o\u00f9 l\u2019engagement est sans concession.<\/p>\n<p>L\u2019alpiniste japonais Yasushi Yamanoi a largement inspir\u00e9 le personnage de Senju, il a partag\u00e9 avec Kunihiko Yokomizo, le sc\u00e9nariste, ses souvenirs, mais aussi son savoir-faire technique pour que les descriptions, les actions et les \u00e9motions soient retranscrites de fa\u00e7on la plus r\u00e9aliste. Pour lui, ce travail est aussi une mani\u00e8re d\u2019\u00e9clairer la pens\u00e9e philosophique et la motivation des hommes et des femmes \u00e0 se confronter aux montagnes et d\u2019interroger des valeurs comme l\u2019engagement, le renoncement, la prise de risque\u2026<\/p>\n<p>Un r\u00e9cit palpitant plein d\u2019humanit\u00e9 sous la forme d\u2019un manga.<\/p>\n<p>248 Pages, 15 x 21 cm<\/p>\n<\/div>","protected":false},"excerpt":{"rendered":"<p>Sept histoires de montagne inspir\u00e9es par l\u2019alpiniste Yasushi Yamanoi, piolet d\u2019or 2021. \u00ab\u00a0En montagne, on doit d\u2019abord prot\u00e9ger sa propre vie pour esp\u00e9rer sauver celle des autres.\u00a0\u00bb Yasushi Senju est un jeune professeur, peintre et alpiniste de renom. Il conna\u00eet la montagne et tous ses dangers. Depuis plusieurs ann\u00e9es, il s\u2019entra\u00eene sans rel\u00e2che pour affronter [&#8230;]\n","protected":false},"featured_media":170089,"template":"","meta":[],"product_brand":[],"product_cat":[21881],"product_tag":[],"class_list":{"0":"post-170088","1":"product","2":"type-product","3":"status-publish","4":"has-post-thumbnail","6":"product_cat-comics","7":"pa_autor-yoji-kamata-kunihiko-yokomizo","8":"pa_erscheinungsjahr-27129","9":"pa_region-frankreich","10":"pa_sprache-fr","12":"first","13":"instock","14":"taxable","15":"shipping-taxable","16":"purchasable","17":"product-type-simple"},"_links":{"self":[{"href":"https:\/\/pizbube.ch\/en\/wp-json\/wp\/v2\/product\/170088","targetHints":{"allow":["GET"]}}],"collection":[{"href":"https:\/\/pizbube.ch\/en\/wp-json\/wp\/v2\/product"}],"about":[{"href":"https:\/\/pizbube.ch\/en\/wp-json\/wp\/v2\/types\/product"}],"wp:featuredmedia":[{"embeddable":true,"href":"https:\/\/pizbube.ch\/en\/wp-json\/wp\/v2\/media\/170089"}],"wp:attachment":[{"href":"https:\/\/pizbube.ch\/en\/wp-json\/wp\/v2\/media?parent=170088"}],"wp:term":[{"taxonomy":"product_brand","embeddable":true,"href":"https:\/\/pizbube.ch\/en\/wp-json\/wp\/v2\/product_brand?post=170088"},{"taxonomy":"product_cat","embeddable":true,"href":"https:\/\/pizbube.ch\/en\/wp-json\/wp\/v2\/product_cat?post=170088"},{"taxonomy":"product_tag","embeddable":true,"href":"https:\/\/pizbube.ch\/en\/wp-json\/wp\/v2\/product_tag?post=170088"}],"curies":[{"name":"wp","href":"https:\/\/api.w.org\/{rel}","templated":true}]}}