{"id":170108,"date":"2023-10-27T16:05:45","date_gmt":"2023-10-27T14:05:45","guid":{"rendered":"https:\/\/pizbube.ch\/?post_type=product&#038;p=170108"},"modified":"2023-10-27T16:10:22","modified_gmt":"2023-10-27T14:10:22","slug":"monviso-alta-valle-po-alta-val-varaita-carta-dei-sentieri-125000-con-guida-sheet-29","status":"publish","type":"product","link":"https:\/\/pizbube.ch\/en\/shop\/monviso-alta-valle-po-alta-val-varaita-carta-dei-sentieri-125000-con-guida-sheet-29\/","title":{"rendered":"Monviso, Alta Valle Po, Alta Val Varaita &#8211; carta dei sentieri 1:25&#8217;000 con guida (sheet 29)"},"content":{"rendered":"<p>Carta escursionistica di Monviso, Alta Valle Po e Alta Val Varaita con guida alle pi\u00f9 belle escursioni e il Giro del Viso in 3 tappe.<br \/>\nCon la collana &#171;le pi\u00f9 belle escursioni&#187; si inaugura una nuova serie di libretti pratici e maneggevoli che affiancheranno le carte in scala 1:25.000 del territorio piemontese e ligure.<\/p>\n<p>La carta \u00e8 stampata fronte e retro su supporto riciclabile, impermeabile e antistrappo e tutti i sentieri riportati (segnalati e privi di segnaletica) sono stati registrati con apparecchiatura satellitare GPS. Il disegno cartografico, con rocce, ghiaie e ghiacciai \u00e8 stato realizzato su recenti fotografie aeree. In una comoda custodia a 2 tasche si trover\u00e0 cos\u00ec, allo stesso prezzo di acquisto della sola carta, anche la guida a colori con la descrizione di 9 escursioni selezionate tra le pi\u00f9 belle della zona, con approfondimenti storico-culturali e illustrazioni a colori, in lingua italiano, francese e inglese.<\/p>\n<p>Giro del Viso in 3 tappe<br \/>\n1 Viso Mozzo<br \/>\n2 Rifugio Giacoletti<br \/>\n3 Colle della Gianna<br \/>\n4 Anello del Sentiero Lanzetti<br \/>\n5 Giro dei Laghi<br \/>\n6 I valloni di Soustra e Vallanta<br \/>\n7 Monte Bellino<br \/>\n8 La miniera di Costa Sturana<br \/>\n9 Le borgate di Bellino (Blins)<\/p>\n<p>Lingue Guida\/Cartoguida\u00a0: Italiano, Inglese, Francese<br \/>\nLingue Cartina\u00a0: Italiano, Inglese, Francese, Tedesco<\/p>\n<p><span class=\"value\">Pages: 80 (guide-book) +1:25.000 (map)<\/span><\/p>","protected":false},"excerpt":{"rendered":"<p>Carta escursionistica di Monviso, Alta Valle Po e Alta Val Varaita con guida alle pi\u00f9 belle escursioni e il Giro del Viso in 3 tappe. Con la collana &#171;le pi\u00f9 belle escursioni&#187; si inaugura una nuova serie di libretti pratici e maneggevoli che affiancheranno le carte in scala 1:25.000 del territorio piemontese e ligure. La [&#8230;]\n","protected":false},"featured_media":170109,"template":"","meta":[],"product_brand":[],"product_cat":[21543],"product_tag":[],"class_list":{"0":"post-170108","1":"product","2":"type-product","3":"status-publish","4":"has-post-thumbnail","6":"product_cat-landkarten","7":"pa_autor-escursionista","8":"pa_erscheinungsjahr-27129","9":"pa_region-frankreich","10":"pa_region-italien","11":"pa_sprache-it-en-fr","13":"first","14":"instock","15":"taxable","16":"shipping-taxable","17":"purchasable","18":"product-type-simple"},"_links":{"self":[{"href":"https:\/\/pizbube.ch\/en\/wp-json\/wp\/v2\/product\/170108","targetHints":{"allow":["GET"]}}],"collection":[{"href":"https:\/\/pizbube.ch\/en\/wp-json\/wp\/v2\/product"}],"about":[{"href":"https:\/\/pizbube.ch\/en\/wp-json\/wp\/v2\/types\/product"}],"wp:featuredmedia":[{"embeddable":true,"href":"https:\/\/pizbube.ch\/en\/wp-json\/wp\/v2\/media\/170109"}],"wp:attachment":[{"href":"https:\/\/pizbube.ch\/en\/wp-json\/wp\/v2\/media?parent=170108"}],"wp:term":[{"taxonomy":"product_brand","embeddable":true,"href":"https:\/\/pizbube.ch\/en\/wp-json\/wp\/v2\/product_brand?post=170108"},{"taxonomy":"product_cat","embeddable":true,"href":"https:\/\/pizbube.ch\/en\/wp-json\/wp\/v2\/product_cat?post=170108"},{"taxonomy":"product_tag","embeddable":true,"href":"https:\/\/pizbube.ch\/en\/wp-json\/wp\/v2\/product_tag?post=170108"}],"curies":[{"name":"wp","href":"https:\/\/api.w.org\/{rel}","templated":true}]}}