{"id":170123,"date":"2023-10-28T09:24:21","date_gmt":"2023-10-28T07:24:21","guid":{"rendered":"https:\/\/pizbube.ch\/?post_type=product&#038;p=170123"},"modified":"2023-10-28T09:26:41","modified_gmt":"2023-10-28T07:26:41","slug":"kletterfuehrer-konstein","status":"publish","type":"product","link":"https:\/\/pizbube.ch\/en\/shop\/kletterfuehrer-konstein\/","title":{"rendered":"Kletterf\u00fchrer Konstein"},"content":{"rendered":"<p>Der Kletterf\u00fchrer f\u00fcr Konstein, Dollnstein und Burgstein.<\/p>\n<p>Unser Kletterf\u00fchrer \u201eS\u00fcdlicher Frankenjura\u201c ist Geschichte. Die weitl\u00e4ufigen Klettergebiete um Regensburg werden im Band <a href=\"https:\/\/pizbube.ch\/en\/shop\/kletterfuehrer-bayerischer-jura\/\" target=\"_blank\" rel=\"noopener\"><strong>Bayerischer Jura<\/strong><\/a> beschrieben. Der Kletterf\u00fchrer Konstein beschreibt s\u00e4mtliche Kletterm\u00f6glichkeiten in Konstein, Wellheim und Dollnstein. Er enth\u00e4lt zus\u00e4tzlich das kleine aber feine Gebiet des M\u00f6hrener Steinbruchs.<\/p>\n<p>Autor Helmut Wundlechner zeichnet in gewohnt akribischer Weise verantwortlich f\u00fcr Updates und Neuigkeiten. Alle Topos wurden aktualisiert, die Routenkommentare erweitert und auf den neuesten Stand gebracht. Aufschlussreiche \u00dcbersichtsfotos orchestrieren die genauen Zugangsbeschreibungen, Detailkarten in Kombination mit QR-Codes f\u00fcr s\u00e4mtliche Ausgangspunkte und Felsen runden das Navigations-Thema ab. M\u00fchsame Fels-Suchaktionen sind damit endg\u00fcltig Geschichte. On top: komplett neue Actionfotos. Damit juckt&#8217;s bereits bei der Planung heftig in den Fingern. Last but not least: das Buch enth\u00e4lt alle notwendigen Beschreibungen f\u00fcr die umweltschonende Anreise mit dem \u00d6PNV.<\/p>\n<p>Summa summarum ein toller Kletterf\u00fchrer f\u00fcr das altehrw\u00fcrdige Kult-Gebiet. Egal ob Anf\u00e4nger, Familie, Nostalgiker, Hardcore-Mover &#8211; f\u00fcr alle hat Konstein etwas zu bieten.<\/p>\n<p>Dem F\u00fchrer liegt ein Downloadcode f\u00fcr eine kostenlose, drei Jahre g\u00fcltige Anwendung f\u00fcr iOS und Android bei.<\/p>\n<p>1. Auflage 2023, 220 Seiten, 148 x 185 mm, Softcover, komplett 4 Farbig<\/p>\n<table id=\"product-attribute-specs-table\" class=\"data table additional-attributes\" style=\"height: 5px\" width=\"5\">\n<tbody>\n<tr>\n<th class=\"col label\" scope=\"row\"><\/th>\n<td class=\"col data\" data-th=\"Bibliographische Daten\"><\/td>\n<\/tr>\n<\/tbody>\n<\/table>","protected":false},"excerpt":{"rendered":"<p>Der Kletterf\u00fchrer f\u00fcr Konstein, Dollnstein und Burgstein. Unser Kletterf\u00fchrer \u201eS\u00fcdlicher Frankenjura\u201c ist Geschichte. Die weitl\u00e4ufigen Klettergebiete um Regensburg werden im Band Bayerischer Jura beschrieben. Der Kletterf\u00fchrer Konstein beschreibt s\u00e4mtliche Kletterm\u00f6glichkeiten in Konstein, Wellheim und Dollnstein. Er enth\u00e4lt zus\u00e4tzlich das kleine aber feine Gebiet des M\u00f6hrener Steinbruchs. Autor Helmut Wundlechner zeichnet in gewohnt akribischer Weise verantwortlich [&#8230;]\n","protected":false},"featured_media":170124,"template":"","meta":[],"product_brand":[],"product_cat":[21539],"product_tag":[],"class_list":{"0":"post-170123","1":"product","2":"type-product","3":"status-publish","4":"has-post-thumbnail","6":"product_cat-fuehrerliteratur-sportklettern-bouldern","7":"pa_autor-wundlechner","8":"pa_erscheinungsjahr-27129","9":"pa_region-deutschland","10":"pa_sprache-de","12":"first","13":"instock","14":"taxable","15":"shipping-taxable","16":"purchasable","17":"product-type-simple"},"_links":{"self":[{"href":"https:\/\/pizbube.ch\/en\/wp-json\/wp\/v2\/product\/170123","targetHints":{"allow":["GET"]}}],"collection":[{"href":"https:\/\/pizbube.ch\/en\/wp-json\/wp\/v2\/product"}],"about":[{"href":"https:\/\/pizbube.ch\/en\/wp-json\/wp\/v2\/types\/product"}],"wp:featuredmedia":[{"embeddable":true,"href":"https:\/\/pizbube.ch\/en\/wp-json\/wp\/v2\/media\/170124"}],"wp:attachment":[{"href":"https:\/\/pizbube.ch\/en\/wp-json\/wp\/v2\/media?parent=170123"}],"wp:term":[{"taxonomy":"product_brand","embeddable":true,"href":"https:\/\/pizbube.ch\/en\/wp-json\/wp\/v2\/product_brand?post=170123"},{"taxonomy":"product_cat","embeddable":true,"href":"https:\/\/pizbube.ch\/en\/wp-json\/wp\/v2\/product_cat?post=170123"},{"taxonomy":"product_tag","embeddable":true,"href":"https:\/\/pizbube.ch\/en\/wp-json\/wp\/v2\/product_tag?post=170123"}],"curies":[{"name":"wp","href":"https:\/\/api.w.org\/{rel}","templated":true}]}}