{"id":170151,"date":"2023-10-31T10:39:45","date_gmt":"2023-10-31T09:39:45","guid":{"rendered":"https:\/\/pizbube.ch\/?post_type=product&#038;p=170151"},"modified":"2023-11-17T09:29:32","modified_gmt":"2023-11-17T08:29:32","slug":"obersteiermark-mit-angrenzendem-oberoesterreich-50-skitouren-zwischen-soelktal-und-eisenerz","status":"publish","type":"product","link":"https:\/\/pizbube.ch\/en\/shop\/obersteiermark-mit-angrenzendem-oberoesterreich-50-skitouren-zwischen-soelktal-und-eisenerz\/","title":{"rendered":"Obersteiermark mit angrenzendem Ober\u00f6sterreich &#8211; 50 Skitouren zwischen S\u00f6lktal und Eisenerz"},"content":{"rendered":"<p><span class=\"value\">Von sanften Kuppen bis zu m\u00e4chtigen Spitzen: Die Berge der Obersteiermark und im angrenzenden Ober\u00f6sterreich sind ein Skitourengebiet mit zahlreichen M\u00f6glichkeiten. Der Rother Skitourenf\u00fchrer \u00bbObersteiermark\u00ab stellt 50 ausgew\u00e4hlte Touren f\u00fcr Einsteiger und Fortgeschrittene vor.<\/span><\/p>\n<p>Von typischen Pulverschneetouren f\u00fcr den Hochwinter bis zu Fr\u00fchjahrs-Firntouren reicht das vielf\u00e4ltige Angebot \u2013 so kann der Skitourengeher den ganzen Winter immer wieder neue Ziele ansteuern. In den Ober\u00f6sterreichischen Voralpen finden Einsteiger und Genie\u00dfer traumhafte Touren. Rasante Abfahrten f\u00fcr erfahrene Skialpinisten bieten die Kalkmassive im zentralen Tourengebiet, wo weite Kare und schroffe Felsgiganten die Landschaft pr\u00e4gen. Die hohen, aber sanften Erhebungen der Niederen Tauern werden allen Anspr\u00fcchen gerecht.<\/p>\n<p>Alle Tourenvorschl\u00e4ge verf\u00fcgen \u00fcber pr\u00e4zise Routenbeschreibungen. Hinzu kommen Tourenk\u00e4rtchen mit eingezeichnetem Streckenverlauf sowie Expositionssymbole, welche die Hangausrichtung grafisch darstellen. Eine \u00fcbersichtliche Toureninfo liefert Angaben zu Anforderungen, H\u00f6henunterschieden, g\u00fcnstigster Jahreszeit, Lawinengef\u00e4hrdung und vielem mehr. Zus\u00e4tzlich stehen GPS-Tracks zum Download von der Internetseite des Rother Bergverlag bereit.<\/p>\n<p>Die Autoren Uwe Grinzinger und Gerald Radinger, beide in Ober\u00f6sterreich aufgewachsen und ausge-wiesene Kenner der Region, haben f\u00fcr dieses Buch 50 der sch\u00f6nsten Touren ausgew\u00e4hlt; bekannte und beliebte Klassiker sind ebenso vertreten wie selten begangene, einsame Routen. Das Gebiet um-fasst die Voralpen, das Tote Gebirge, die Ennstaler Alpen und das westliche Hochschwab-Massiv. Die s\u00fcdliche Begrenzung bilden die Niederen Tauern mit den Seckauer, Rottenmanner und W\u00f6lzer Tauern.<\/p>\n<p>176 Seiten; 50 Tourenk\u00e4rtchen im Ma\u00dfstab 1:50.000 und 1:75.000, zwei \u00dcbersichtskarten, GPS-Tracks<br \/>\n3., vollst\u00e4ndig \u00fcberarbeitete Auflage 2024<\/p>","protected":false},"excerpt":{"rendered":"<p>Von sanften Kuppen bis zu m\u00e4chtigen Spitzen: Die Berge der Obersteiermark und im angrenzenden Ober\u00f6sterreich sind ein Skitourengebiet mit zahlreichen M\u00f6glichkeiten. Der Rother Skitourenf\u00fchrer \u00bbObersteiermark\u00ab stellt 50 ausgew\u00e4hlte Touren f\u00fcr Einsteiger und Fortgeschrittene vor. Von typischen Pulverschneetouren f\u00fcr den Hochwinter bis zu Fr\u00fchjahrs-Firntouren reicht das vielf\u00e4ltige Angebot \u2013 so kann der Skitourengeher den ganzen Winter [&#8230;]\n","protected":false},"featured_media":170152,"template":"","meta":[],"product_brand":[],"product_cat":[21540],"product_tag":[],"class_list":{"0":"post-170151","1":"product","2":"type-product","3":"status-publish","4":"has-post-thumbnail","6":"product_cat-fuehrerliteratur-alpin-winter","7":"pa_autor-radinger-grinzinger","8":"pa_erscheinungsjahr-27339","9":"pa_region-oesterreich","10":"pa_sprache-de","12":"first","13":"instock","14":"taxable","15":"shipping-taxable","16":"purchasable","17":"product-type-simple"},"_links":{"self":[{"href":"https:\/\/pizbube.ch\/en\/wp-json\/wp\/v2\/product\/170151","targetHints":{"allow":["GET"]}}],"collection":[{"href":"https:\/\/pizbube.ch\/en\/wp-json\/wp\/v2\/product"}],"about":[{"href":"https:\/\/pizbube.ch\/en\/wp-json\/wp\/v2\/types\/product"}],"wp:featuredmedia":[{"embeddable":true,"href":"https:\/\/pizbube.ch\/en\/wp-json\/wp\/v2\/media\/170152"}],"wp:attachment":[{"href":"https:\/\/pizbube.ch\/en\/wp-json\/wp\/v2\/media?parent=170151"}],"wp:term":[{"taxonomy":"product_brand","embeddable":true,"href":"https:\/\/pizbube.ch\/en\/wp-json\/wp\/v2\/product_brand?post=170151"},{"taxonomy":"product_cat","embeddable":true,"href":"https:\/\/pizbube.ch\/en\/wp-json\/wp\/v2\/product_cat?post=170151"},{"taxonomy":"product_tag","embeddable":true,"href":"https:\/\/pizbube.ch\/en\/wp-json\/wp\/v2\/product_tag?post=170151"}],"curies":[{"name":"wp","href":"https:\/\/api.w.org\/{rel}","templated":true}]}}