{"id":170287,"date":"2023-11-08T10:40:52","date_gmt":"2023-11-08T09:40:52","guid":{"rendered":"https:\/\/pizbube.ch\/?post_type=product&#038;p=170287"},"modified":"2024-07-24T08:39:58","modified_gmt":"2024-07-24T06:39:58","slug":"mont-blanc-la-veritable-histoire-de-la-premiere-ascension","status":"publish","type":"product","link":"https:\/\/pizbube.ch\/en\/shop\/mont-blanc-la-veritable-histoire-de-la-premiere-ascension\/","title":{"rendered":"Mont Blanc &#8211; La v\u00e9ritable histoire de la premi\u00e8re ascension"},"content":{"rendered":"<p>Que s\u2019est-il r\u00e9ellement pass\u00e9 avant, pendant et apr\u00e8s la premi\u00e8re ascension du mont Blanc ?<\/p>\n<p>Pendant cent cinquante ans, on a cru le savoir, et la m\u00eame histoire a circul\u00e9 de g\u00e9n\u00e9ration en g\u00e9n\u00e9ration. Une belle histoire&#8230; Et puis, des historiens ont fouill\u00e9 les archives de l\u2019\u00e9poque. Au terme d\u2019un travail colossal de recherches approfondies et m\u00e9thodiques, Gavin de Beer et Graham Brown ont men\u00e9 une v\u00e9ritable enqu\u00eate polici\u00e8re, et les certitudes ont vol\u00e9 en \u00e9clat. Leur ouvrage, paru en 1957, n\u2019avait encore jamais \u00e9t\u00e9 traduit en fran\u00e7ais. Un ouvrage de r\u00e9f\u00e9rence qu\u2019Yves Ballu, consid\u00e9r\u00e9 comme l\u2019un des meilleurs sp\u00e9cialistes de l\u2019histoire du mont Blanc, a adapt\u00e9 en l\u2019enrichissant de ses propres recherches et de documents \u2013 livres, gravures et manuscrits \u2013 de son exceptionnelle collection.<\/p>\n<p>On conna\u00eet maintenant la v\u00e9ritable histoire de la premi\u00e8re ascension du mont Blanc. C\u2019est toujours une belle histoire, mais pas celle que l\u2019on croyait&#8230;<\/p>\n<p>T. Graham Brown et Sir Gavin DE Beer<br \/>\nTraduit par Yves Ballu<\/p>\n<p>304 pages<\/p>","protected":false},"excerpt":{"rendered":"<p>Que s\u2019est-il r\u00e9ellement pass\u00e9 avant, pendant et apr\u00e8s la premi\u00e8re ascension du mont Blanc ? Pendant cent cinquante ans, on a cru le savoir, et la m\u00eame histoire a circul\u00e9 de g\u00e9n\u00e9ration en g\u00e9n\u00e9ration. Une belle histoire&#8230; Et puis, des historiens ont fouill\u00e9 les archives de l\u2019\u00e9poque. Au terme d\u2019un travail colossal de recherches approfondies [&#8230;]\n","protected":false},"featured_media":170288,"template":"","meta":[],"product_brand":[],"product_cat":[21580,21542],"product_tag":[],"class_list":{"0":"post-170287","1":"product","2":"type-product","3":"status-publish","4":"has-post-thumbnail","6":"product_cat-kunst-kultur","7":"product_cat-sachbuecher-dokumentationen","8":"pa_autor-brown-de-beer-ballu","9":"pa_erscheinungsjahr-27129","10":"pa_region-frankreich","11":"pa_sprache-fr","13":"first","14":"instock","15":"taxable","16":"shipping-taxable","17":"purchasable","18":"product-type-simple"},"_links":{"self":[{"href":"https:\/\/pizbube.ch\/en\/wp-json\/wp\/v2\/product\/170287","targetHints":{"allow":["GET"]}}],"collection":[{"href":"https:\/\/pizbube.ch\/en\/wp-json\/wp\/v2\/product"}],"about":[{"href":"https:\/\/pizbube.ch\/en\/wp-json\/wp\/v2\/types\/product"}],"wp:featuredmedia":[{"embeddable":true,"href":"https:\/\/pizbube.ch\/en\/wp-json\/wp\/v2\/media\/170288"}],"wp:attachment":[{"href":"https:\/\/pizbube.ch\/en\/wp-json\/wp\/v2\/media?parent=170287"}],"wp:term":[{"taxonomy":"product_brand","embeddable":true,"href":"https:\/\/pizbube.ch\/en\/wp-json\/wp\/v2\/product_brand?post=170287"},{"taxonomy":"product_cat","embeddable":true,"href":"https:\/\/pizbube.ch\/en\/wp-json\/wp\/v2\/product_cat?post=170287"},{"taxonomy":"product_tag","embeddable":true,"href":"https:\/\/pizbube.ch\/en\/wp-json\/wp\/v2\/product_tag?post=170287"}],"curies":[{"name":"wp","href":"https:\/\/api.w.org\/{rel}","templated":true}]}}