{"id":170293,"date":"2023-11-08T12:52:37","date_gmt":"2023-11-08T11:52:37","guid":{"rendered":"https:\/\/pizbube.ch\/?post_type=product&#038;p=170293"},"modified":"2023-11-21T12:37:54","modified_gmt":"2023-11-21T11:37:54","slug":"le-club-alpin-francais","status":"publish","type":"product","link":"https:\/\/pizbube.ch\/en\/shop\/le-club-alpin-francais\/","title":{"rendered":"Le CLUB ALPIN FRANCAIS"},"content":{"rendered":"<p>150 ans d\u2019alpinisme volontaire<\/p>\n<p>Le 2 avril 1874, 137 membres fondateurs approuvaient les statuts du Club alpin fran\u00e7ais. \u00c0 l\u2019heure du 150e anniversaire, ils sont 110 000, et le \u00ab CAF \u00bb a profond\u00e9ment marqu\u00e9 le visage de l\u2019alpinisme en France. Devenu f\u00e9d\u00e9ration, il continue de former, d\u2019inspirer et d\u2019accompagner toutes les pratiques \u2014 jeunes et moins jeunes, hommes et femmes, simples amateurs ou virtuoses.<\/p>\n<p>De la construction des refuges aux grandes exp\u00e9ditions (Fitz Roy, Annapurna, Makalu), en passant par la naissance des caravanes scolaires, c\u2019est toute cette histoire qui s\u2019\u00e9crit ici en texte et en images, enrichie des t\u00e9moignages de ceux qui ont fait le CAF, de George Sand \u00e0 Pierre Mazeaud, d\u2019Alexandre Dumas \u00e0 Lise Billon. Devenu f\u00e9d\u00e9ration, il continue de former, d\u2019inspirer et d\u2019accompagner toutes les pratiques \u2014\u00a0jeunes et moins jeunes, hommes et femmes, simples amateurs ou virtuoses.<\/p>\n<p>Ce sont eux qui racontent cette histoire dans ce livre hommage richement illustr\u00e9.<\/p>\n<p>264 pages;<br \/>\nFormat: 23 x 23 cm<\/p>","protected":false},"excerpt":{"rendered":"<p>150 ans d\u2019alpinisme volontaire Le 2 avril 1874, 137 membres fondateurs approuvaient les statuts du Club alpin fran\u00e7ais. \u00c0 l\u2019heure du 150e anniversaire, ils sont 110 000, et le \u00ab CAF \u00bb a profond\u00e9ment marqu\u00e9 le visage de l\u2019alpinisme en France. Devenu f\u00e9d\u00e9ration, il continue de former, d\u2019inspirer et d\u2019accompagner toutes les pratiques \u2014 jeunes [&#8230;]\n","protected":false},"featured_media":170294,"template":"","meta":[],"product_brand":[],"product_cat":[21542],"product_tag":[],"class_list":{"0":"post-170293","1":"product","2":"type-product","3":"status-publish","4":"has-post-thumbnail","6":"product_cat-sachbuecher-dokumentationen","7":"pa_autor-vennin","8":"pa_erscheinungsjahr-27129","9":"pa_region-frankreich","10":"pa_sprache-fr","12":"first","13":"instock","14":"taxable","15":"shipping-taxable","16":"purchasable","17":"product-type-simple"},"_links":{"self":[{"href":"https:\/\/pizbube.ch\/en\/wp-json\/wp\/v2\/product\/170293","targetHints":{"allow":["GET"]}}],"collection":[{"href":"https:\/\/pizbube.ch\/en\/wp-json\/wp\/v2\/product"}],"about":[{"href":"https:\/\/pizbube.ch\/en\/wp-json\/wp\/v2\/types\/product"}],"wp:featuredmedia":[{"embeddable":true,"href":"https:\/\/pizbube.ch\/en\/wp-json\/wp\/v2\/media\/170294"}],"wp:attachment":[{"href":"https:\/\/pizbube.ch\/en\/wp-json\/wp\/v2\/media?parent=170293"}],"wp:term":[{"taxonomy":"product_brand","embeddable":true,"href":"https:\/\/pizbube.ch\/en\/wp-json\/wp\/v2\/product_brand?post=170293"},{"taxonomy":"product_cat","embeddable":true,"href":"https:\/\/pizbube.ch\/en\/wp-json\/wp\/v2\/product_cat?post=170293"},{"taxonomy":"product_tag","embeddable":true,"href":"https:\/\/pizbube.ch\/en\/wp-json\/wp\/v2\/product_tag?post=170293"}],"curies":[{"name":"wp","href":"https:\/\/api.w.org\/{rel}","templated":true}]}}