{"id":170334,"date":"2023-11-10T16:33:08","date_gmt":"2023-11-10T15:33:08","guid":{"rendered":"https:\/\/pizbube.ch\/?post_type=product&#038;p=170334"},"modified":"2025-01-07T09:52:59","modified_gmt":"2025-01-07T08:52:59","slug":"parc-ela-trek","status":"publish","type":"product","link":"https:\/\/pizbube.ch\/en\/shop\/parc-ela-trek\/","title":{"rendered":"Parc Ela Trek"},"content":{"rendered":"<p>Der Parc Ela liegt im Herzen Graub\u00fcndens und vereint die drei Sprachkulturen Romanisch, Deutsch und Italienisch. Mit steilen Berggipfeln und weiten Landschaften, umgeben von Gletschern und Bergseen, bietet der Park noch echtes Wildnisgef\u00fchl. In den T\u00e4lern erinnern historische D\u00f6rfer und barocke Kirchen an die fr\u00fchere Bedeutung der Handelsrouten \u00fcber die Alpenp\u00e4sse Albula, Julier und Septimer.<\/p>\n<p>Die Natur, die Menschen und ihre Produkte machen den Parc Ela unverwechselbar. Auf dem Parc Ela Trek kann man den gr\u00f6ssten Naturpark der Schweiz in 17 Etappen umrunden.<\/p>","protected":false},"excerpt":{"rendered":"<p>Der Parc Ela liegt im Herzen Graub\u00fcndens und vereint die drei Sprachkulturen Romanisch, Deutsch und Italienisch. Mit steilen Berggipfeln und weiten Landschaften, umgeben von Gletschern und Bergseen, bietet der Park noch echtes Wildnisgef\u00fchl. In den T\u00e4lern erinnern historische D\u00f6rfer und barocke Kirchen an die fr\u00fchere Bedeutung der Handelsrouten \u00fcber die Alpenp\u00e4sse Albula, Julier und Septimer. [&#8230;]\n","protected":false},"featured_media":170337,"template":"","meta":[],"product_brand":[],"product_cat":[21605,21541],"product_tag":[],"class_list":{"0":"post-170334","1":"product","2":"type-product","3":"status-publish","4":"has-post-thumbnail","6":"product_cat-wanderfuehrer-trekking","7":"product_cat-zeitschriften","8":"pa_autor-wandermagazin-schweiz","9":"pa_erscheinungsjahr-27129","10":"pa_region-schweiz","11":"pa_sprache-de","13":"first","14":"outofstock","15":"taxable","16":"shipping-taxable","17":"purchasable","18":"product-type-simple"},"_links":{"self":[{"href":"https:\/\/pizbube.ch\/en\/wp-json\/wp\/v2\/product\/170334","targetHints":{"allow":["GET"]}}],"collection":[{"href":"https:\/\/pizbube.ch\/en\/wp-json\/wp\/v2\/product"}],"about":[{"href":"https:\/\/pizbube.ch\/en\/wp-json\/wp\/v2\/types\/product"}],"wp:featuredmedia":[{"embeddable":true,"href":"https:\/\/pizbube.ch\/en\/wp-json\/wp\/v2\/media\/170337"}],"wp:attachment":[{"href":"https:\/\/pizbube.ch\/en\/wp-json\/wp\/v2\/media?parent=170334"}],"wp:term":[{"taxonomy":"product_brand","embeddable":true,"href":"https:\/\/pizbube.ch\/en\/wp-json\/wp\/v2\/product_brand?post=170334"},{"taxonomy":"product_cat","embeddable":true,"href":"https:\/\/pizbube.ch\/en\/wp-json\/wp\/v2\/product_cat?post=170334"},{"taxonomy":"product_tag","embeddable":true,"href":"https:\/\/pizbube.ch\/en\/wp-json\/wp\/v2\/product_tag?post=170334"}],"curies":[{"name":"wp","href":"https:\/\/api.w.org\/{rel}","templated":true}]}}