{"id":170340,"date":"2023-11-10T17:53:44","date_gmt":"2023-11-10T16:53:44","guid":{"rendered":"https:\/\/pizbube.ch\/?post_type=product&#038;p=170340"},"modified":"2024-06-13T14:31:41","modified_gmt":"2024-06-13T12:31:41","slug":"3000er-in-osttirol","status":"publish","type":"product","link":"https:\/\/pizbube.ch\/en\/shop\/3000er-in-osttirol\/","title":{"rendered":"3000er in Osttirol"},"content":{"rendered":"<p>66x hoch hinaus<\/p>\n<p>Wo Osttirol am h\u00f6chsten ist<\/p>\n<p>Dieser Auswahlf\u00fchrer stellt 66 der sch\u00f6nsten Dreitausender in Osttirol vor.<br \/>\nDie Pr\u00e4sentation dieser Gipfelziele \u2013 sie liegen allesamt im Nationalpark Hohe Tauern \u2013 erfolgt im Uhrzeigersinn, beginnend mit den Gipfeln der Rieserfernergruppe \u00fcber die<br \/>\nVenedigergruppe, die den gr\u00f6\u00dften Anteil an Dreitausendern aufweist, ehe es mit Abstechern in die Las\u00f6rling- und Granatspitzgruppe in die Schobergruppe mit ihren abenteuerlichen Bergen geht. Dabei wird immer m\u00f6glichst der leichteste, schnellste und unkomplizierteste Anstieg zum h\u00f6chsten Punkt beschrieben. Wobei \u201eleicht\u201c aufgrund der H\u00f6he und Gel\u00e4ndebeschaffenheit relativ ist.<\/p>\n<p>Nicht immer f\u00fchrt ein markierter Steig bis zum Gipfel. Dementsprechend wendet sich dieses Guidebook an eigenverantwortliche, risikobewusste Bergwanderer und Bergsteiger. Mit Hochgall, Gro\u00dfem Geiger, R\u00f6tspitze, Gro\u00dfvenediger und Gro\u00dfglockner finden sich auch anspruchsvolle Hochtouren auf die h\u00f6chsten und sch\u00f6nsten Berge Osttirols.<\/p>\n<p>66 Gipfelziele, vom heimischen Bergf\u00fchrer empfohlen<br \/>\nZuverl\u00e4ssige, aktuell recherchierte Tourenbeschreibungen<br \/>\nIllustriert mit aussagestarkem Bildmaterial<br \/>\n\u00dcbersichtskarten und Wandbilder mit eingezeichnetem Routenverlauf<\/p>\n<p>Taschenbuch<br \/>\n232 Seiten; 166 farb. Abb. und ca. 66 topographische Karten mit eingezeichnetem Routenverlauf sowie 1 \u00dcbersichtskarte; 21 cm x 14.5 cm<br \/>\n1. Auflage 2023<\/p>","protected":false},"excerpt":{"rendered":"<p>66x hoch hinaus Wo Osttirol am h\u00f6chsten ist Dieser Auswahlf\u00fchrer stellt 66 der sch\u00f6nsten Dreitausender in Osttirol vor. Die Pr\u00e4sentation dieser Gipfelziele \u2013 sie liegen allesamt im Nationalpark Hohe Tauern \u2013 erfolgt im Uhrzeigersinn, beginnend mit den Gipfeln der Rieserfernergruppe \u00fcber die Venedigergruppe, die den gr\u00f6\u00dften Anteil an Dreitausendern aufweist, ehe es mit Abstechern in [&#8230;]\n","protected":false},"featured_media":170341,"template":"","meta":[],"product_brand":[],"product_cat":[21544],"product_tag":[27366],"class_list":{"0":"post-170340","1":"product","2":"type-product","3":"status-publish","4":"has-post-thumbnail","6":"product_cat-fuehrerliteratur-alpin-sommer","7":"product_tag-dreitausender-in-osttirol","8":"pa_autor-mariacher","9":"pa_erscheinungsjahr-27129","10":"pa_region-oesterreich","11":"pa_sprache-de","13":"first","14":"instock","15":"taxable","16":"shipping-taxable","17":"purchasable","18":"product-type-simple"},"_links":{"self":[{"href":"https:\/\/pizbube.ch\/en\/wp-json\/wp\/v2\/product\/170340","targetHints":{"allow":["GET"]}}],"collection":[{"href":"https:\/\/pizbube.ch\/en\/wp-json\/wp\/v2\/product"}],"about":[{"href":"https:\/\/pizbube.ch\/en\/wp-json\/wp\/v2\/types\/product"}],"wp:featuredmedia":[{"embeddable":true,"href":"https:\/\/pizbube.ch\/en\/wp-json\/wp\/v2\/media\/170341"}],"wp:attachment":[{"href":"https:\/\/pizbube.ch\/en\/wp-json\/wp\/v2\/media?parent=170340"}],"wp:term":[{"taxonomy":"product_brand","embeddable":true,"href":"https:\/\/pizbube.ch\/en\/wp-json\/wp\/v2\/product_brand?post=170340"},{"taxonomy":"product_cat","embeddable":true,"href":"https:\/\/pizbube.ch\/en\/wp-json\/wp\/v2\/product_cat?post=170340"},{"taxonomy":"product_tag","embeddable":true,"href":"https:\/\/pizbube.ch\/en\/wp-json\/wp\/v2\/product_tag?post=170340"}],"curies":[{"name":"wp","href":"https:\/\/api.w.org\/{rel}","templated":true}]}}