{"id":170414,"date":"2023-11-17T09:07:11","date_gmt":"2023-11-17T08:07:11","guid":{"rendered":"https:\/\/pizbube.ch\/?post_type=product&#038;p=170414"},"modified":"2024-02-06T12:01:00","modified_gmt":"2024-02-06T11:01:00","slug":"skitourenfuehrer-hohe-tauern-kopie","status":"publish","type":"product","link":"https:\/\/pizbube.ch\/en\/shop\/skitourenfuehrer-hohe-tauern-kopie\/","title":{"rendered":"Skitourenf\u00fchrer Hohe Tauern"},"content":{"rendered":"<div id=\"product_destinations_tab\" class=\"data item content\" role=\"tabpanel\" data-role=\"content\" aria-labelledby=\"tab-label-product_destinations_tab\" aria-hidden=\"false\">\n<p>Venedigergruppe, Granatspitzgruppe, Glocknergruppe, Ankogelgruppe<br \/>\nSkif\u00fchrer &#8211; Skitouren und Skibergsteigen rund um den Gro\u00dfglockner und Gro\u00dfvenediger<\/p>\n<p>Die Hohen Tauern beherbergen mit dem Gro\u00dfglockner und dem Gro\u00dfvenediger zwei der bekanntesten und begehrtesten Alpengipfel. Im Winter \u00fcberwiegen neben einigen gut zug\u00e4nglichen Modezielen die abgelegenen und einsamen Ecken. Skitourengeher bekommen hier alles, was das Herz begehrt: in den Randbereichen einfache Routen f\u00fcr Einsteiger oder f\u00fcr Tage mit ung\u00fcnstigen Bedingungen, weltber\u00fchmte Paradeberge, fast immer unverspurte Traumh\u00e4nge und viel Abenteuergel\u00e4nde f\u00fcr erlebnishungrige Bergsteiger.<\/p>\n<p>2. Auflage 2023,<br \/>\n456 Seiten, 120 x 185 mm, Softcover,<br \/>\nkomplett 4 Farbig; <span class=\"base\" data-ui-id=\"page-title-wrapper\">inkl. GPS-Tracks<\/span><\/p>\n<\/div>","protected":false},"excerpt":{"rendered":"<ul>\n<li><strong><a href=\"https:\/\/pizbube.ch\/wp-content\/uploads\/attachments\/a_027\/B2A409E1A6100268ACC277264C942206.pdf\" target=\"_blank\" rel=\"noopener\">PDF: Leseprobe_Skitouren_HoheTauern.pdf<\/a><\/strong><\/li>\n<\/ul>","protected":false},"featured_media":170415,"template":"","meta":[],"product_brand":[],"product_cat":[21540],"product_tag":[],"class_list":{"0":"post-170414","1":"product","2":"type-product","3":"status-publish","4":"has-post-thumbnail","6":"product_cat-fuehrerliteratur-alpin-winter","7":"pa_autor-stadler-philipp","8":"pa_erscheinungsjahr-27129","9":"pa_region-oesterreich","10":"pa_sprache-de","12":"first","13":"instock","14":"taxable","15":"shipping-taxable","16":"purchasable","17":"product-type-simple"},"_links":{"self":[{"href":"https:\/\/pizbube.ch\/en\/wp-json\/wp\/v2\/product\/170414","targetHints":{"allow":["GET"]}}],"collection":[{"href":"https:\/\/pizbube.ch\/en\/wp-json\/wp\/v2\/product"}],"about":[{"href":"https:\/\/pizbube.ch\/en\/wp-json\/wp\/v2\/types\/product"}],"wp:featuredmedia":[{"embeddable":true,"href":"https:\/\/pizbube.ch\/en\/wp-json\/wp\/v2\/media\/170415"}],"wp:attachment":[{"href":"https:\/\/pizbube.ch\/en\/wp-json\/wp\/v2\/media?parent=170414"}],"wp:term":[{"taxonomy":"product_brand","embeddable":true,"href":"https:\/\/pizbube.ch\/en\/wp-json\/wp\/v2\/product_brand?post=170414"},{"taxonomy":"product_cat","embeddable":true,"href":"https:\/\/pizbube.ch\/en\/wp-json\/wp\/v2\/product_cat?post=170414"},{"taxonomy":"product_tag","embeddable":true,"href":"https:\/\/pizbube.ch\/en\/wp-json\/wp\/v2\/product_tag?post=170414"}],"curies":[{"name":"wp","href":"https:\/\/api.w.org\/{rel}","templated":true}]}}