{"id":170422,"date":"2023-11-17T09:48:19","date_gmt":"2023-11-17T08:48:19","guid":{"rendered":"https:\/\/pizbube.ch\/?post_type=product&#038;p=170422"},"modified":"2025-09-24T11:37:49","modified_gmt":"2025-09-24T09:37:49","slug":"bergfuehrer-loferer-und-leoganger-steinberge","status":"publish","type":"product","link":"https:\/\/pizbube.ch\/en\/shop\/bergfuehrer-loferer-und-leoganger-steinberge\/","title":{"rendered":"Bergf\u00fchrer Loferer und Leoganger Steinberge"},"content":{"rendered":"<p>Wer ein paar Tage in einer Region unterwegs ist, der w\u00fcnscht sich statt der da und dort hintupfenden Wandervorschlagf\u00fchrer den guten alten Alpenvereinsf\u00fchrer zur\u00fcck. Mit allen H\u00fctten des Gebiets, den verschiedenen Zustiegen, den \u00dcberg\u00e4ngen von der einen zur anderen \u2013 mit allen Gipfeln, den klassischen \u00dcberschreitungen und modernen Klettersteigen.<\/p>\n<p>Nachdem es \u00fcber die Loferer- und Leoganger Steinberge jahrelang \u00fcberhaupt keine Literatur mehr gab, hat die Sektion Passau den Kenner der Region verpflichtet: Adi Stocker. Und weil wir wissen, dass das, was der Adi macht Hand und Fu\u00df hat, gibt es seinen Bergf\u00fchrer jetzt bei uns. Mit ein paar leichten Kletterrouten oben drauf, den wenigen lohnenden Skitouren der steilen Steinberge und einer Radelroute rundum. F\u00fcr alle, die in der Region aktiv unterwegs sind, ist dieses B\u00fcchlein ein unverzichtbarer Begleiter.<\/p>\n<p>2. Auflage 2023,<br \/>\n200 Seiten, 120 x 185 mm, Softcover, komplett 4 Farbig<\/p>","protected":false},"excerpt":{"rendered":"<p>Wer ein paar Tage in einer Region unterwegs ist, der w\u00fcnscht sich statt der da und dort hintupfenden Wandervorschlagf\u00fchrer den guten alten Alpenvereinsf\u00fchrer zur\u00fcck. Mit allen H\u00fctten des Gebiets, den verschiedenen Zustiegen, den \u00dcberg\u00e4ngen von der einen zur anderen \u2013 mit allen Gipfeln, den klassischen \u00dcberschreitungen und modernen Klettersteigen. Nachdem es \u00fcber die Loferer- und [&#8230;]\n","protected":false},"featured_media":170424,"template":"","meta":[],"product_brand":[],"product_cat":[21544,21540,21539],"product_tag":[],"class_list":{"0":"post-170422","1":"product","2":"type-product","3":"status-publish","4":"has-post-thumbnail","6":"product_cat-fuehrerliteratur-alpin-sommer","7":"product_cat-fuehrerliteratur-alpin-winter","8":"product_cat-fuehrerliteratur-sportklettern-bouldern","9":"pa_autor-stocker","10":"pa_erscheinungsjahr-27129","11":"pa_region-oesterreich","12":"pa_sprache-de","14":"first","15":"instock","16":"taxable","17":"shipping-taxable","18":"purchasable","19":"product-type-simple"},"_links":{"self":[{"href":"https:\/\/pizbube.ch\/en\/wp-json\/wp\/v2\/product\/170422","targetHints":{"allow":["GET"]}}],"collection":[{"href":"https:\/\/pizbube.ch\/en\/wp-json\/wp\/v2\/product"}],"about":[{"href":"https:\/\/pizbube.ch\/en\/wp-json\/wp\/v2\/types\/product"}],"wp:featuredmedia":[{"embeddable":true,"href":"https:\/\/pizbube.ch\/en\/wp-json\/wp\/v2\/media\/170424"}],"wp:attachment":[{"href":"https:\/\/pizbube.ch\/en\/wp-json\/wp\/v2\/media?parent=170422"}],"wp:term":[{"taxonomy":"product_brand","embeddable":true,"href":"https:\/\/pizbube.ch\/en\/wp-json\/wp\/v2\/product_brand?post=170422"},{"taxonomy":"product_cat","embeddable":true,"href":"https:\/\/pizbube.ch\/en\/wp-json\/wp\/v2\/product_cat?post=170422"},{"taxonomy":"product_tag","embeddable":true,"href":"https:\/\/pizbube.ch\/en\/wp-json\/wp\/v2\/product_tag?post=170422"}],"curies":[{"name":"wp","href":"https:\/\/api.w.org\/{rel}","templated":true}]}}