{"id":170430,"date":"2023-11-17T14:26:55","date_gmt":"2023-11-17T13:26:55","guid":{"rendered":"https:\/\/pizbube.ch\/?post_type=product&#038;p=170430"},"modified":"2025-04-11T11:39:57","modified_gmt":"2025-04-11T09:39:57","slug":"kletterfuehrer-boehmische-schweiz","status":"publish","type":"product","link":"https:\/\/pizbube.ch\/en\/shop\/kletterfuehrer-boehmische-schweiz\/","title":{"rendered":"Kletterf\u00fchrer B\u00f6hmische Schweiz"},"content":{"rendered":"<p>Die sch\u00f6nsten T\u00fcrme und W\u00e4nde B\u00f6hmische Schweiz:<br \/>\nKletterf\u00fchrer f\u00fcr B\u00f6hmen, Elbtal, Ostrov, Raiza, Khaatal, Biela &#8211; die besten T\u00fcrme und W\u00e4nde im tschechischen Top-Gebiet.<\/p>\n<p>Mit dem Kletterf\u00fchrer f\u00fcr die B\u00f6hmische Schweiz machen wir dort weiter wo unser Kletterf\u00fchrer Elbsandstein Plaisir aufh\u00f6rt: auf der tschechischen Seite des Elbsandsteingebirges. Wir komplettieren damit die Sammlung der sch\u00f6nsten T\u00fcrme und W\u00e4nde des gro\u00dfen Traditionsgebiets, welches sicherlich zu den sch\u00f6nsten Destinationen Europas z\u00e4hlt.<\/p>\n<p>Die nun vorliegende 1. Auflage enth\u00e4lt auf reichhaltig bebilderten 360 Seiten die besten Routen der Gebiete Raiza, Tyssa, Eiland, Elbtal, An der Wand, Prebischtor, Dittersbach und Khaatal.<\/p>\n<p>Dem F\u00fchrer liegt ein Downloadcode f\u00fcr eine kostenlose Anwendung f\u00fcr iOS und Android bei. Ihr bekommt damit alle im Kletterf\u00fchrer enthaltenen Topos in Form einer App f\u00fcr euer Smartphone 3 Jahre gratis dazu.<\/p>\n<p>1. Auflage 2023,<br \/>\n360 Seiten, 148 x 185 mm<\/p>","protected":false},"excerpt":{"rendered":"<p><strong><a href=\"https:\/\/pizbube.ch\/wp-content\/uploads\/2023\/11\/BoehmischeSchweiz_Leseprobe.pdf\" target=\"_blank\" rel=\"noopener\">BoehmischeSchweiz_Leseprobe<\/a><\/strong><\/p>","protected":false},"featured_media":170431,"template":"","meta":[],"product_brand":[],"product_cat":[21539],"product_tag":[],"class_list":{"0":"post-170430","1":"product","2":"type-product","3":"status-publish","4":"has-post-thumbnail","6":"product_cat-fuehrerliteratur-sportklettern-bouldern","7":"pa_autor-schulze","8":"pa_erscheinungsjahr-27129","9":"pa_region-deutschland","10":"pa_region-osteuropa","11":"pa_sprache-de","13":"first","14":"instock","15":"taxable","16":"shipping-taxable","17":"purchasable","18":"product-type-simple"},"_links":{"self":[{"href":"https:\/\/pizbube.ch\/en\/wp-json\/wp\/v2\/product\/170430","targetHints":{"allow":["GET"]}}],"collection":[{"href":"https:\/\/pizbube.ch\/en\/wp-json\/wp\/v2\/product"}],"about":[{"href":"https:\/\/pizbube.ch\/en\/wp-json\/wp\/v2\/types\/product"}],"wp:featuredmedia":[{"embeddable":true,"href":"https:\/\/pizbube.ch\/en\/wp-json\/wp\/v2\/media\/170431"}],"wp:attachment":[{"href":"https:\/\/pizbube.ch\/en\/wp-json\/wp\/v2\/media?parent=170430"}],"wp:term":[{"taxonomy":"product_brand","embeddable":true,"href":"https:\/\/pizbube.ch\/en\/wp-json\/wp\/v2\/product_brand?post=170430"},{"taxonomy":"product_cat","embeddable":true,"href":"https:\/\/pizbube.ch\/en\/wp-json\/wp\/v2\/product_cat?post=170430"},{"taxonomy":"product_tag","embeddable":true,"href":"https:\/\/pizbube.ch\/en\/wp-json\/wp\/v2\/product_tag?post=170430"}],"curies":[{"name":"wp","href":"https:\/\/api.w.org\/{rel}","templated":true}]}}