{"id":170435,"date":"2023-11-18T09:58:46","date_gmt":"2023-11-18T08:58:46","guid":{"rendered":"https:\/\/pizbube.ch\/?post_type=product&#038;p=170435"},"modified":"2023-11-18T09:58:46","modified_gmt":"2023-11-18T08:58:46","slug":"die-66-schoensten-schneeschuhtouren-der-schweiz","status":"publish","type":"product","link":"https:\/\/pizbube.ch\/en\/shop\/die-66-schoensten-schneeschuhtouren-der-schweiz\/","title":{"rendered":"Die 66 sch\u00f6nsten Schneeschuhtouren der Schweiz"},"content":{"rendered":"<p>Der Boom h\u00e4lt an. Schneeschuhwandern ist inzwischen eine der beliebtesten Winteraktivit\u00e4ten. Es ist ja auch zu herrlich: Das Gehen durch die weisse, verschneite Landschaft. Im tiefen Schnee eine Spur ziehen. Langsam die Landschaft durchschreiten. Zeit haben zum Schauen und Wahrnehmen. Das tut K\u00f6rper und Seele gleichermassen gut.<\/p>\n<p>Sch\u00f6ne Ziele finden sich \u00fcberall. In den Bergkantonen sowieso aber auch in den Voralpen und im Mittelland. Schliesslich kann man schon bei relativ bescheidenen Schneeh\u00f6hen losziehen. Dieses Buch beinhaltet 66 sch\u00f6ne Touren vom Jura bis nach Graub\u00fcnden.<\/p>\n<ul>\n<li>Ausf\u00fchrliche Tourenbeschreibungen<\/li>\n<li>Wissenswertes<\/li>\n<li>Praktische Informationen<\/li>\n<li>Wanderkarten<\/li>\n<li>H\u00f6henprofile<\/li>\n<\/ul>\n<p>1. Auflage 11\/2022;<br \/>\n184 Seiten, <span class=\"value\">Breite 120 mm, H\u00f6he 210 mm<\/span><\/p>","protected":false},"excerpt":{"rendered":"<p>Der Boom h\u00e4lt an. Schneeschuhwandern ist inzwischen eine der beliebtesten Winteraktivit\u00e4ten. Es ist ja auch zu herrlich: Das Gehen durch die weisse, verschneite Landschaft. Im tiefen Schnee eine Spur ziehen. Langsam die Landschaft durchschreiten. Zeit haben zum Schauen und Wahrnehmen. Das tut K\u00f6rper und Seele gleichermassen gut. Sch\u00f6ne Ziele finden sich \u00fcberall. In den Bergkantonen [&#8230;]\n","protected":false},"featured_media":170436,"template":"","meta":[],"product_brand":[],"product_cat":[21540,21605],"product_tag":[],"class_list":{"0":"post-170435","1":"product","2":"type-product","3":"status-publish","4":"has-post-thumbnail","6":"product_cat-fuehrerliteratur-alpin-winter","7":"product_cat-wanderfuehrer-trekking","8":"pa_autor-ihle-kaiser","9":"pa_erscheinungsjahr-27013","10":"pa_region-schweiz","11":"pa_sprache-de","13":"first","14":"instock","15":"taxable","16":"shipping-taxable","17":"purchasable","18":"product-type-simple"},"_links":{"self":[{"href":"https:\/\/pizbube.ch\/en\/wp-json\/wp\/v2\/product\/170435","targetHints":{"allow":["GET"]}}],"collection":[{"href":"https:\/\/pizbube.ch\/en\/wp-json\/wp\/v2\/product"}],"about":[{"href":"https:\/\/pizbube.ch\/en\/wp-json\/wp\/v2\/types\/product"}],"wp:featuredmedia":[{"embeddable":true,"href":"https:\/\/pizbube.ch\/en\/wp-json\/wp\/v2\/media\/170436"}],"wp:attachment":[{"href":"https:\/\/pizbube.ch\/en\/wp-json\/wp\/v2\/media?parent=170435"}],"wp:term":[{"taxonomy":"product_brand","embeddable":true,"href":"https:\/\/pizbube.ch\/en\/wp-json\/wp\/v2\/product_brand?post=170435"},{"taxonomy":"product_cat","embeddable":true,"href":"https:\/\/pizbube.ch\/en\/wp-json\/wp\/v2\/product_cat?post=170435"},{"taxonomy":"product_tag","embeddable":true,"href":"https:\/\/pizbube.ch\/en\/wp-json\/wp\/v2\/product_tag?post=170435"}],"curies":[{"name":"wp","href":"https:\/\/api.w.org\/{rel}","templated":true}]}}