{"id":170459,"date":"2023-11-21T14:50:19","date_gmt":"2023-11-21T13:50:19","guid":{"rendered":"https:\/\/pizbube.ch\/?post_type=product&#038;p=170459"},"modified":"2023-11-21T14:50:51","modified_gmt":"2023-11-21T13:50:51","slug":"boulder-hoyamoros-candelario","status":"publish","type":"product","link":"https:\/\/pizbube.ch\/en\/shop\/boulder-hoyamoros-candelario\/","title":{"rendered":"Boulder Hoyamoros Candelario"},"content":{"rendered":"<div id=\"nav-tabContent\" class=\"tab-content\">\n<div id=\"resumen\" class=\"p-2 p-md-3 tab-pane fade show active\" role=\"tabpanel\" aria-labelledby=\"resumen-tab\">\n<p><span class=\"pgntext\" title=\"pgn\">Las zonas de escalada en bloque de Candelario (Salamanca) han ido creciendo, mejorando y resaltando todo su potencial en calidad, cantidad y diversidad para ofrecernos espacios ideales para la pr\u00e1ctica del boulder que han atra\u00eddo a escaladores de todo el mundo.<\/span><\/p>\n<p><span class=\"pgntext\" title=\"pgn\">Entre estas zonas destaca Hoyamoros, un diamante en bruto que se ha ido puliendo hasta convertirse en una aut\u00e9ntica joya para cualquier amante de la escalada en bloque, y en una de las mejores zonas de boulder del pa\u00eds y del mundo por su calidad, cantidad y potencial.<\/span><\/p>\n<p><span class=\"pgntext\" title=\"pgn\"> Ya han pasado siete a\u00f1os desde que se public\u00f3 la primera gu\u00eda de Hoyamoros y en este tiempo ha habido nuevas ascensiones, se han realizado problemas y se han abierto nuevos bloques y sectores, razones por las cuales Hoyamoros merece esta nueva edici\u00f3n en la que presentamos m\u00e1s de 1100 problemas de boulder, aunque en la zona a\u00fan queda mucho por descubrir, explorar y abrir. Estas p\u00e1ginas reflejan 20 a\u00f1os de actividad incesante en la evoluci\u00f3n aperturista de bloques que ha hecho historia en la escalada espa\u00f1ola, convirtiendo a Hoyamoros en objetivo para cualquier amante de la escalada en bloque.<\/span><\/p>\n<\/div>\n<\/div>\n<p>&nbsp;<\/p>\n<p>Boulder guidebook for <span class=\"pgntext\" title=\"pgn\">Candelario (Salamanca), Sierra de Gredos, Spain.<br \/>\nHoyamoros is a unique climbing destination with hundreds of boulders scattered around beautiful green meadows surrounded by mountains. The area is located in the west part of Spain, south of Salamanca and approximately 2h drive west from Madrid, at an altitude of 2200m above sea level.<br \/>\n<\/span><\/p>\n<p>N\u00famero de la edici\u00f3n: 1\u00aa , 2023<br \/>\nEncuadernaci\u00f3n:R\u00fastica<br \/>\nDimensiones: 14 cm x 21 cm<br \/>\nN\u00ba P\u00e1g.:184<br \/>\nIdiomas:Castellano, ingl\u00e9s<\/p>","protected":false},"excerpt":{"rendered":"<p>Las zonas de escalada en bloque de Candelario (Salamanca) han ido creciendo, mejorando y resaltando todo su potencial en calidad, cantidad y diversidad para ofrecernos espacios ideales para la pr\u00e1ctica del boulder que han atra\u00eddo a escaladores de todo el mundo. Entre estas zonas destaca Hoyamoros, un diamante en bruto que se ha ido puliendo [&#8230;]\n","protected":false},"featured_media":170460,"template":"","meta":[],"product_brand":[],"product_cat":[21539],"product_tag":[],"class_list":{"0":"post-170459","1":"product","2":"type-product","3":"status-publish","4":"has-post-thumbnail","6":"product_cat-fuehrerliteratur-sportklettern-bouldern","7":"pa_autor-alonso-lopez","8":"pa_erscheinungsjahr-27129","9":"pa_region-spanien","10":"pa_sprache-es-en","12":"first","13":"instock","14":"taxable","15":"shipping-taxable","16":"purchasable","17":"product-type-simple"},"_links":{"self":[{"href":"https:\/\/pizbube.ch\/en\/wp-json\/wp\/v2\/product\/170459","targetHints":{"allow":["GET"]}}],"collection":[{"href":"https:\/\/pizbube.ch\/en\/wp-json\/wp\/v2\/product"}],"about":[{"href":"https:\/\/pizbube.ch\/en\/wp-json\/wp\/v2\/types\/product"}],"wp:featuredmedia":[{"embeddable":true,"href":"https:\/\/pizbube.ch\/en\/wp-json\/wp\/v2\/media\/170460"}],"wp:attachment":[{"href":"https:\/\/pizbube.ch\/en\/wp-json\/wp\/v2\/media?parent=170459"}],"wp:term":[{"taxonomy":"product_brand","embeddable":true,"href":"https:\/\/pizbube.ch\/en\/wp-json\/wp\/v2\/product_brand?post=170459"},{"taxonomy":"product_cat","embeddable":true,"href":"https:\/\/pizbube.ch\/en\/wp-json\/wp\/v2\/product_cat?post=170459"},{"taxonomy":"product_tag","embeddable":true,"href":"https:\/\/pizbube.ch\/en\/wp-json\/wp\/v2\/product_tag?post=170459"}],"curies":[{"name":"wp","href":"https:\/\/api.w.org\/{rel}","templated":true}]}}