{"id":170463,"date":"2023-11-21T15:07:05","date_gmt":"2023-11-21T14:07:05","guid":{"rendered":"https:\/\/pizbube.ch\/?post_type=product&#038;p=170463"},"modified":"2023-11-21T15:14:01","modified_gmt":"2023-11-21T14:14:01","slug":"juclar-vertical-guia-de-escalada-andorra","status":"publish","type":"product","link":"https:\/\/pizbube.ch\/en\/shop\/juclar-vertical-guia-de-escalada-andorra\/","title":{"rendered":"Juclar Vertical &#8211; Guia de escalada Andorra"},"content":{"rendered":"<div id=\"nav-tabContent\" class=\"tab-content\">\n<div id=\"resumen\" class=\"p-2 p-md-3 tab-pane fade show active\" role=\"tabpanel\" aria-labelledby=\"resumen-tab\">\n<p>Nueva gu\u00eda completa y polivalente de escalada de Andorra, centrada\u00a0 en el valle de Juclar. Vias de deportiva, de uno y varios largos; cl\u00e1sica; bloque; crestas,; hielo y rutas invernales, para hacer actividades en cualquier \u00e9poca del a\u00f1o.<\/p>\n<p>Es una gu\u00eda sin \u00e1nimo de lucro, todos los beneficios que puedan obtenerse ir\u00e1n destinados al mantenimiento de las v\u00edas de escalada. o al equipamiento de nuevas.<\/p>\n<\/div>\n<\/div>\n<p>&nbsp;<\/p>\n<p class=\"_ap3a _aaco _aacu _aacx _aad6 _aade\" dir=\"auto\">Topos d&#8217;escalade de Juclar, en Andorre<br \/>\nClimbing guidebook for Juclar, Andorra<\/p>\n<p>N\u00famero de la edici\u00f3n: 1\u00aa, 2023<br \/>\nEncuadernaci\u00f3n:R\u00fastica con solapa<br \/>\nDimensiones: 15 cm x 21 cm<br \/>\nN\u00ba P\u00e1g.:240<br \/>\nIdiomas:Castellano,Catal\u00e1n,Franc\u00e9s,Ingl\u00e9s<\/p>","protected":false},"excerpt":{"rendered":"<p>Nueva gu\u00eda completa y polivalente de escalada de Andorra, centrada\u00a0 en el valle de Juclar. Vias de deportiva, de uno y varios largos; cl\u00e1sica; bloque; crestas,; hielo y rutas invernales, para hacer actividades en cualquier \u00e9poca del a\u00f1o. Es una gu\u00eda sin \u00e1nimo de lucro, todos los beneficios que puedan obtenerse ir\u00e1n destinados al mantenimiento [&#8230;]\n","protected":false},"featured_media":170464,"template":"","meta":[],"product_brand":[],"product_cat":[21539],"product_tag":[],"class_list":{"0":"post-170463","1":"product","2":"type-product","3":"status-publish","4":"has-post-thumbnail","6":"product_cat-fuehrerliteratur-sportklettern-bouldern","7":"pa_autor-albos-et-alt","8":"pa_erscheinungsjahr-27129","9":"pa_region-spanien","10":"pa_sprache-es-en-fr-2","12":"first","13":"instock","14":"taxable","15":"shipping-taxable","16":"purchasable","17":"product-type-simple"},"_links":{"self":[{"href":"https:\/\/pizbube.ch\/en\/wp-json\/wp\/v2\/product\/170463","targetHints":{"allow":["GET"]}}],"collection":[{"href":"https:\/\/pizbube.ch\/en\/wp-json\/wp\/v2\/product"}],"about":[{"href":"https:\/\/pizbube.ch\/en\/wp-json\/wp\/v2\/types\/product"}],"wp:featuredmedia":[{"embeddable":true,"href":"https:\/\/pizbube.ch\/en\/wp-json\/wp\/v2\/media\/170464"}],"wp:attachment":[{"href":"https:\/\/pizbube.ch\/en\/wp-json\/wp\/v2\/media?parent=170463"}],"wp:term":[{"taxonomy":"product_brand","embeddable":true,"href":"https:\/\/pizbube.ch\/en\/wp-json\/wp\/v2\/product_brand?post=170463"},{"taxonomy":"product_cat","embeddable":true,"href":"https:\/\/pizbube.ch\/en\/wp-json\/wp\/v2\/product_cat?post=170463"},{"taxonomy":"product_tag","embeddable":true,"href":"https:\/\/pizbube.ch\/en\/wp-json\/wp\/v2\/product_tag?post=170463"}],"curies":[{"name":"wp","href":"https:\/\/api.w.org\/{rel}","templated":true}]}}