{"id":170526,"date":"2023-11-22T15:28:21","date_gmt":"2023-11-22T14:28:21","guid":{"rendered":"https:\/\/pizbube.ch\/?post_type=product&#038;p=170526"},"modified":"2025-08-19T17:03:58","modified_gmt":"2025-08-19T15:03:58","slug":"everest-das-abenteuer-von-edmund-hillary-und-tenzing-norgay","status":"publish","type":"product","link":"https:\/\/pizbube.ch\/en\/shop\/everest-das-abenteuer-von-edmund-hillary-und-tenzing-norgay\/","title":{"rendered":"Everest &#8211; Das Abenteuer von Edmund Hillary und Tenzing Norgay"},"content":{"rendered":"<p class=\"p1\">Die faszinierende Geschichte der Everest-Bezwinger<\/p>\n<p class=\"p3\">Am sp\u00e4ten Vormittag des 29. Mai 1953 schien die Sonne hell auf das Dach der Welt, eine leichte Brise wehte und zwei M\u00e4nner waren zum ersten Mal dabei. Sie hie\u00dfen Edmund Hillary und Tenzing Norgay und das \u00bbDach der Welt\u00ab nannte man den Mount Everest.<\/p>\n<p class=\"p3\">Dies ist die atemberaubende Geschichte von zwei sehr unterschiedlichen, aber gleicherma\u00dfen entschlossenen M\u00e4nnern, die gegen eisige Temperaturen, st\u00fcrzende Eisfelsen, starke Winde und gef\u00e4hrliche Grate ank\u00e4mpften, um den h\u00f6chsten Berg der Welt zu besteigen. Das brillant illustrierte Buch erz\u00e4hlt die Geschichte der beiden ungleichen Helden und ihres spannenden Abenteuers, zeigt aber auch auf, wie Hunderte von M\u00e4nnern und Frauen den beiden geholfen haben, ihr Ziel zu erreichen.<\/p>\n<p class=\"p3\">Mit einem wundersch\u00f6nen Vorwort des gr\u00f6\u00dften lebenden Entdeckers unserer Zeit, Sir Ranulph Fiennes, kombiniert dieses brillante Buch frische und zeitgem\u00e4\u00dfe Illustrationen von Joe Todd-Stanton mit Alexandra Stewarts fesselndem Text und erscheint zum 70. Jahrestag der Erstbesteigung des Everest.<\/p>\n<p>72 Seiten, Hardcover<\/p>","protected":false},"excerpt":{"rendered":"<p>Die faszinierende Geschichte der Everest-Bezwinger Am sp\u00e4ten Vormittag des 29. Mai 1953 schien die Sonne hell auf das Dach der Welt, eine leichte Brise wehte und zwei M\u00e4nner waren zum ersten Mal dabei. Sie hie\u00dfen Edmund Hillary und Tenzing Norgay und das \u00bbDach der Welt\u00ab nannte man den Mount Everest. Dies ist die atemberaubende Geschichte [&#8230;]\n","protected":false},"featured_media":170527,"template":"","meta":[],"product_brand":[],"product_cat":[21629,21881,21542],"product_tag":[26864,26863],"class_list":{"0":"post-170526","1":"product","2":"type-product","3":"status-publish","4":"has-post-thumbnail","6":"product_cat-belletristik","7":"product_cat-comics","8":"product_cat-sachbuecher-dokumentationen","9":"product_tag-kinderbuch","10":"product_tag-kinderbuecher","11":"pa_autor-stewart-todd-stanton","12":"pa_erscheinungsjahr-27129","13":"pa_region-asien","14":"pa_sprache-de","16":"first","17":"instock","18":"taxable","19":"shipping-taxable","20":"purchasable","21":"product-type-simple"},"_links":{"self":[{"href":"https:\/\/pizbube.ch\/en\/wp-json\/wp\/v2\/product\/170526","targetHints":{"allow":["GET"]}}],"collection":[{"href":"https:\/\/pizbube.ch\/en\/wp-json\/wp\/v2\/product"}],"about":[{"href":"https:\/\/pizbube.ch\/en\/wp-json\/wp\/v2\/types\/product"}],"wp:featuredmedia":[{"embeddable":true,"href":"https:\/\/pizbube.ch\/en\/wp-json\/wp\/v2\/media\/170527"}],"wp:attachment":[{"href":"https:\/\/pizbube.ch\/en\/wp-json\/wp\/v2\/media?parent=170526"}],"wp:term":[{"taxonomy":"product_brand","embeddable":true,"href":"https:\/\/pizbube.ch\/en\/wp-json\/wp\/v2\/product_brand?post=170526"},{"taxonomy":"product_cat","embeddable":true,"href":"https:\/\/pizbube.ch\/en\/wp-json\/wp\/v2\/product_cat?post=170526"},{"taxonomy":"product_tag","embeddable":true,"href":"https:\/\/pizbube.ch\/en\/wp-json\/wp\/v2\/product_tag?post=170526"}],"curies":[{"name":"wp","href":"https:\/\/api.w.org\/{rel}","templated":true}]}}