{"id":170600,"date":"2023-11-30T14:56:24","date_gmt":"2023-11-30T13:56:24","guid":{"rendered":"https:\/\/pizbube.ch\/?post_type=product&#038;p=170600"},"modified":"2023-11-30T16:40:54","modified_gmt":"2023-11-30T15:40:54","slug":"powder-auf-boards-und-skiern-durch-die-weisse-welt","status":"publish","type":"product","link":"https:\/\/pizbube.ch\/en\/shop\/powder-auf-boards-und-skiern-durch-die-weisse-welt\/","title":{"rendered":"POWDER &#8211; Auf Boards und Skiern durch die weisse Welt"},"content":{"rendered":"<p><span class=\"value\">Faszinierende wei\u00dfe Welt<\/span><\/p>\n<p>Powder vereint au\u00dfergew\u00f6hnliche Fotografien, die weltweite Kultur des Wintersports und die kontemplative Stille der wei\u00dfen Welt zu einem einzigartigen Bildtextband. Ein Buch f\u00fcr Schneeliebhaber, zum Staunen und In-die-Ferne-Tr\u00e4umen.<\/p>\n<p>Powder nimmt den Leser mit an atemberaubende Orte auf der ganzen Welt, die bekannt sind f\u00fcr ihre Wintersportkultur, aber auch f\u00fcr ihre faszinierende Landschaft. Ob in Kanada oder Skandinavien, in Mitteleuropa oder Neuseeland &#8211; \u00fcberall verbindet sich die Kulisse der unber\u00fchrten Berge mit der Begeisterung f\u00fcr den Schnee. Fotografien von Wintersportlern in Aktion wechseln sich ab mit Bildern, die die Weite der wei\u00dfen Welt einfangen. Auf diese Weise zeigt das Buch, warum es die Menschen immer wieder hinauszieht, weit weg jeglicher Zivilisation.<\/p>","protected":false},"excerpt":{"rendered":"<p>Faszinierende wei\u00dfe Welt Powder vereint au\u00dfergew\u00f6hnliche Fotografien, die weltweite Kultur des Wintersports und die kontemplative Stille der wei\u00dfen Welt zu einem einzigartigen Bildtextband. Ein Buch f\u00fcr Schneeliebhaber, zum Staunen und In-die-Ferne-Tr\u00e4umen. Powder nimmt den Leser mit an atemberaubende Orte auf der ganzen Welt, die bekannt sind f\u00fcr ihre Wintersportkultur, aber auch f\u00fcr ihre faszinierende Landschaft. [&#8230;]\n","protected":false},"featured_media":170620,"template":"","meta":[],"product_brand":[],"product_cat":[21542],"product_tag":[],"class_list":{"0":"post-170600","1":"product","2":"type-product","3":"status-publish","4":"has-post-thumbnail","6":"product_cat-sachbuecher-dokumentationen","7":"pa_autor-pantauro","8":"pa_erscheinungsjahr-27129","9":"pa_sprache-de","11":"first","12":"instock","13":"taxable","14":"shipping-taxable","15":"purchasable","16":"product-type-simple"},"_links":{"self":[{"href":"https:\/\/pizbube.ch\/en\/wp-json\/wp\/v2\/product\/170600","targetHints":{"allow":["GET"]}}],"collection":[{"href":"https:\/\/pizbube.ch\/en\/wp-json\/wp\/v2\/product"}],"about":[{"href":"https:\/\/pizbube.ch\/en\/wp-json\/wp\/v2\/types\/product"}],"wp:featuredmedia":[{"embeddable":true,"href":"https:\/\/pizbube.ch\/en\/wp-json\/wp\/v2\/media\/170620"}],"wp:attachment":[{"href":"https:\/\/pizbube.ch\/en\/wp-json\/wp\/v2\/media?parent=170600"}],"wp:term":[{"taxonomy":"product_brand","embeddable":true,"href":"https:\/\/pizbube.ch\/en\/wp-json\/wp\/v2\/product_brand?post=170600"},{"taxonomy":"product_cat","embeddable":true,"href":"https:\/\/pizbube.ch\/en\/wp-json\/wp\/v2\/product_cat?post=170600"},{"taxonomy":"product_tag","embeddable":true,"href":"https:\/\/pizbube.ch\/en\/wp-json\/wp\/v2\/product_tag?post=170600"}],"curies":[{"name":"wp","href":"https:\/\/api.w.org\/{rel}","templated":true}]}}