{"id":170742,"date":"2023-12-13T16:58:39","date_gmt":"2023-12-13T15:58:39","guid":{"rendered":"https:\/\/pizbube.ch\/?post_type=product&#038;p=170742"},"modified":"2023-12-13T16:58:39","modified_gmt":"2023-12-13T15:58:39","slug":"la-palma","status":"publish","type":"product","link":"https:\/\/pizbube.ch\/en\/shop\/la-palma\/","title":{"rendered":"La Palma"},"content":{"rendered":"<p><span class=\"value\">Im Herbst 2021 hielt uns alle der j\u00fcngste und zugleich schwerste Vulkanausbruch La Palmas in Atem. Die Lavastr\u00f6me des Tajogaite, wie der Vulkan benannt wurde, begruben weite Teile des Aridane-Tales auf der Westseite der Insel unter sich. Nun ist es an uns, La Palma wieder zu besuchen \u2013 die Bewohner freuen sich, der Tourismus hat durch Corona und den Vulkanausbruch sehr gelitten.La Palma, die gr\u00fcnste Insel der Kanaren, wartet mit einer landschaftlichen Vielfalt auf, wie sie kaum eine andere, vergleichbar kleinr\u00e4umige Region dieser Welt bieten d\u00fcrfte. Weite T\u00e4ler, wilde Schluchten und Kraterlandschaften, Kiefern- und Lorbeerw\u00e4lder, Bananenplantagen, Kaskaden und Wasserf\u00e4lle kontrastieren miteinander. Wandern ist hier Trumpf und alle noch so sch\u00f6nen tiefschwarzen Str\u00e4nde verblassen gegen die Lockungen der Natur, die an allen Ecken mit immer neuen Szenerien \u00fcberrascht \u2013 ein Genussbummel ohnegleichen, zwischen glei\u00dfenden Lavastr\u00e4nden, \u00fcppigen Lorbeerurw\u00e4ldern und wolkenumwallten Graten, allgegenw\u00e4rtig der blaue Atlantik.<br \/>\nLa Palma ist wie geschaffen f\u00fcr den wandernden Naturliebhaber, der seine Erlebnisse abseits l\u00e4rmender Badeorte und billiger Sehensw\u00fcrdigkeiten sucht. Der Rother Wanderf\u00fchrer \u00bbLa Palma\u00ab pr\u00e4sentiert eine breite Palette unterhaltsamer Tourenvorschl\u00e4ge, die alle Regionen der Insel einbezieht: von schwei\u00dftreibenden Ausfl\u00fcgen in die wildesten Barrancos des Nordens \u00fcber die Sonnenuntergangsromantik auf den Zweitausendern bis hin zur alles \u00fcberragenden Vulkanroute \u2013 von gem\u00fctlichen Touren inmitten leuchtend gr\u00fcner Kiefernw\u00e4lder und dunkler Lavastr\u00f6me bis hin zum spektakul\u00e4rsten Wanderziel der Insel, der riesigen, von tausend Meter hohen Felsw\u00e4nden abgeschirmten Urlandschaft der Caldera de Taburiente, einem der gr\u00f6\u00dften Erosionskrater der Welt.<br \/>\nDieser Rother Wanderf\u00fchrer ist das umfassendste Wanderbuch zu La Palma und seit vielen Jahren bew\u00e4hrt. Ein rundum gelungener, mit detaillierten Kartenausschnitten illustrierter und mit GPS-Tracks ausgestatteter Wanderf\u00fchrer, der neugierig macht und allen Bergfreunden La Palmas nur w\u00e4rmstens ans Herz gelegt werden kann.<br \/>\nF\u00fcr die aktuelle Auflage wurde dieser Rother Wanderf\u00fchrer wie gewohnt sorgf\u00e4ltig aktualisiert und um zwei Touren auf nunmehr 73 Touren erweitert.<\/span><\/p>\n<p>21. aktualisierte und erweiterte Auflage<\/p>","protected":false},"excerpt":{"rendered":"<p>Im Herbst 2021 hielt uns alle der j\u00fcngste und zugleich schwerste Vulkanausbruch La Palmas in Atem. Die Lavastr\u00f6me des Tajogaite, wie der Vulkan benannt wurde, begruben weite Teile des Aridane-Tales auf der Westseite der Insel unter sich. Nun ist es an uns, La Palma wieder zu besuchen \u2013 die Bewohner freuen sich, der Tourismus hat [&#8230;]\n","protected":false},"featured_media":170743,"template":"","meta":[],"product_brand":[],"product_cat":[21605],"product_tag":[],"class_list":{"0":"post-170742","1":"product","2":"type-product","3":"status-publish","4":"has-post-thumbnail","6":"product_cat-wanderfuehrer-trekking","7":"pa_autor-miehle-wolfsperger","8":"pa_autor-wolfensberger","9":"pa_erscheinungsjahr-27339","10":"pa_region-spanien","11":"pa_sprache-de","13":"first","14":"instock","15":"taxable","16":"shipping-taxable","17":"purchasable","18":"product-type-simple"},"_links":{"self":[{"href":"https:\/\/pizbube.ch\/en\/wp-json\/wp\/v2\/product\/170742","targetHints":{"allow":["GET"]}}],"collection":[{"href":"https:\/\/pizbube.ch\/en\/wp-json\/wp\/v2\/product"}],"about":[{"href":"https:\/\/pizbube.ch\/en\/wp-json\/wp\/v2\/types\/product"}],"wp:featuredmedia":[{"embeddable":true,"href":"https:\/\/pizbube.ch\/en\/wp-json\/wp\/v2\/media\/170743"}],"wp:attachment":[{"href":"https:\/\/pizbube.ch\/en\/wp-json\/wp\/v2\/media?parent=170742"}],"wp:term":[{"taxonomy":"product_brand","embeddable":true,"href":"https:\/\/pizbube.ch\/en\/wp-json\/wp\/v2\/product_brand?post=170742"},{"taxonomy":"product_cat","embeddable":true,"href":"https:\/\/pizbube.ch\/en\/wp-json\/wp\/v2\/product_cat?post=170742"},{"taxonomy":"product_tag","embeddable":true,"href":"https:\/\/pizbube.ch\/en\/wp-json\/wp\/v2\/product_tag?post=170742"}],"curies":[{"name":"wp","href":"https:\/\/api.w.org\/{rel}","templated":true}]}}