{"id":170769,"date":"2023-12-15T15:28:19","date_gmt":"2023-12-15T14:28:19","guid":{"rendered":"https:\/\/pizbube.ch\/?post_type=product&#038;p=170769"},"modified":"2024-08-14T09:54:09","modified_gmt":"2024-08-14T07:54:09","slug":"bergsport-winter","status":"publish","type":"product","link":"https:\/\/pizbube.ch\/en\/shop\/bergsport-winter\/","title":{"rendered":"Bergsport Winter"},"content":{"rendered":"<p class=\"p1\"><i><span class=\"s1\">Bergsport Winter<\/span><\/i><span class=\"s1\">\u00a0ist das aktuelle und vollst\u00e4ndige SAC-Lehrmittel zum Winterbergsport. Das Wissen zu Tourenplanung, Lawinenkunde, Aufstiegs- und Abfahrtstechnik sowie zu Sicherheitsaspekten richtet sich an alle Tourengehende mit Ski, Schneeschuh oder Snowboard. Dem Eisklettern ist ein eigenes Kapitel gewidmet. Das Grundwissen zu Orientierung, Wetter, Fitness und dem r\u00fccksichtsvollen Verhalten gegen\u00fcber der Tierwelt erg\u00e4nzt den praxisorientierten Inhalt.<\/span><\/p>\n<p class=\"p2\"><span class=\"s2\">Inhalt:<\/span><\/p>\n<ul>\n<li><span class=\"s2\">Tourenplanung und Entscheidungsfindung<\/span><\/li>\n<li><span class=\"s2\">Lawinenkunde<\/span><\/li>\n<li><span class=\"s2\">Tourenausr\u00fcstung<\/span><\/li>\n<li><span class=\"s2\">Technik im Aufstieg und in der Abfahrt<\/span><\/li>\n<li><span class=\"s2\">Sicherungstechnik in Schnee und Eis<\/span><\/li>\n<li><span class=\"s2\">Rettung und Erste Hilfe<\/span><\/li>\n<li><span class=\"s2\">Anhang mit Checklisten sowie wichtigen Links und Apps<\/span><\/li>\n<\/ul>\n<p class=\"p1\"><span class=\"s1\">Das Schweizer Standardwerk\u00a0<\/span><i><span class=\"s1\">Bergsport Winter<\/span><\/i><span class=\"s1\">\u00a0dient als Lehrunterlage in SAC-Kursen, in den J+S Leiterkursen, bei der Alpinen Rettung Schweiz, bei der Schweizer Armee und in diversen Bergschulen.<\/span><\/p>\n<p class=\"p1\">Die Neuerungen der 6. Auflage: Erg\u00e4nzung zu den beim Lawinenbulletin seit 2022 eingef\u00fchrten Zwischenstufen.<\/p>\n<p>&nbsp;<\/p>","protected":false},"excerpt":{"rendered":"<p>Bergsport Winter\u00a0ist das aktuelle und vollst\u00e4ndige SAC-Lehrmittel zum Winterbergsport. Das Wissen zu Tourenplanung, Lawinenkunde, Aufstiegs- und Abfahrtstechnik sowie zu Sicherheitsaspekten richtet sich an alle Tourengehende mit Ski, Schneeschuh oder Snowboard. Dem Eisklettern ist ein eigenes Kapitel gewidmet. Das Grundwissen zu Orientierung, Wetter, Fitness und dem r\u00fccksichtsvollen Verhalten gegen\u00fcber der Tierwelt erg\u00e4nzt den praxisorientierten Inhalt. Inhalt: [&#8230;]\n","protected":false},"featured_media":170770,"template":"","meta":[],"product_brand":[],"product_cat":[21538],"product_tag":[],"class_list":{"0":"post-170769","1":"product","2":"type-product","3":"status-publish","4":"has-post-thumbnail","6":"product_cat-lehrbuecher","7":"pa_autor-winkler-brehm-haltmeier","8":"pa_erscheinungsjahr-27129","9":"pa_region-alpin-winter","10":"pa_sprache-de","12":"first","13":"instock","14":"taxable","15":"shipping-taxable","16":"purchasable","17":"product-type-simple"},"_links":{"self":[{"href":"https:\/\/pizbube.ch\/en\/wp-json\/wp\/v2\/product\/170769","targetHints":{"allow":["GET"]}}],"collection":[{"href":"https:\/\/pizbube.ch\/en\/wp-json\/wp\/v2\/product"}],"about":[{"href":"https:\/\/pizbube.ch\/en\/wp-json\/wp\/v2\/types\/product"}],"wp:featuredmedia":[{"embeddable":true,"href":"https:\/\/pizbube.ch\/en\/wp-json\/wp\/v2\/media\/170770"}],"wp:attachment":[{"href":"https:\/\/pizbube.ch\/en\/wp-json\/wp\/v2\/media?parent=170769"}],"wp:term":[{"taxonomy":"product_brand","embeddable":true,"href":"https:\/\/pizbube.ch\/en\/wp-json\/wp\/v2\/product_brand?post=170769"},{"taxonomy":"product_cat","embeddable":true,"href":"https:\/\/pizbube.ch\/en\/wp-json\/wp\/v2\/product_cat?post=170769"},{"taxonomy":"product_tag","embeddable":true,"href":"https:\/\/pizbube.ch\/en\/wp-json\/wp\/v2\/product_tag?post=170769"}],"curies":[{"name":"wp","href":"https:\/\/api.w.org\/{rel}","templated":true}]}}