{"id":170833,"date":"2023-12-20T10:49:36","date_gmt":"2023-12-20T09:49:36","guid":{"rendered":"https:\/\/pizbube.ch\/?post_type=product&#038;p=170833"},"modified":"2026-02-10T09:57:15","modified_gmt":"2026-02-10T08:57:15","slug":"isklatring-pa-ostlandet","status":"publish","type":"product","link":"https:\/\/pizbube.ch\/en\/shop\/isklatring-pa-ostlandet\/","title":{"rendered":"Isklatring p\u00e5 \u00d8stlandet"},"content":{"rendered":"<p>Iceclimbing guidebook for the region around Oslo:<br \/>\nTelemark, Hallingdal og Valdres<\/p>\n<p>Nowegian language only!<\/p>\n<p>&nbsp;<\/p>\n<p>Isklatref\u00f8rer for det sentrale \u00f8stlandsomr\u00e5det og utvalgte steder i Telemark, Hallingdal og Valdres<\/p>\n<p>Isklatring p\u00e5 \u00d8stlandet er f\u00f8reren alle klatreinteresserte som bor i Oslo og omegn har ventet p\u00e5. Forfatter Lars Wegge har i en \u00e5rrekke tr\u00e5let det sentrale \u00d8stlandet p\u00e5 jakt etter<\/p>\n<p>frosne fosser, vannsig og steder hvor det dannes vertikal is. B\u00e5de du som er en dreven isklatrer og du som skal pr\u00f8ve for f\u00f8rste gang, vil fi nne utfordringer som passer i denne boka.<\/p>\n<p>Ja, enten du vil svinge \u00f8ksene over B\u00e5ntjern, i nabolaget til Holmenkollen, pr\u00f8ve heftig mixklatring i Mullaveggen i Asker, sjekke ut de mange mulighetene ved Hyggen i R\u00f8yken eller gi deg i kast med en frossen utgave av den ikoniske hvite stripa p\u00e5 Andersnatten, finner du informasjonen du trenger her. Boka har ogs\u00e5 kapitler fra vintereldoradoene Telemark, Hallingdal og Valdres, med fokus p\u00e5 fosser og linjer som ikke er beskrevet i andre f\u00f8rere.<\/p>\n<p>Isklatring p\u00e5 \u00d8stlandet har gode kart og i tillegg QR-koder som gj\u00f8r det lett \u00e5 finne parkeringsplasser og klatreruter. Boka inneholder dessuten bakgrunnsstoff , et knippe gode historier og intervjuer med profi lerte isklatrere.<\/p>\n<p>296 pages<\/p>","protected":false},"excerpt":{"rendered":"<p>Iceclimbing guidebook for the region around Oslo: Telemark, Hallingdal og Valdres Nowegian language only! &nbsp; Isklatref\u00f8rer for det sentrale \u00f8stlandsomr\u00e5det og utvalgte steder i Telemark, Hallingdal og Valdres Isklatring p\u00e5 \u00d8stlandet er f\u00f8reren alle klatreinteresserte som bor i Oslo og omegn har ventet p\u00e5. Forfatter Lars Wegge har i en \u00e5rrekke tr\u00e5let det sentrale \u00d8stlandet [&#8230;]\n","protected":false},"featured_media":170834,"template":"","meta":[],"product_brand":[],"product_cat":[21540],"product_tag":[27379,27687],"class_list":{"0":"post-170833","1":"product","2":"type-product","3":"status-publish","4":"has-post-thumbnail","6":"product_cat-fuehrerliteratur-alpin-winter","7":"product_tag-ice-climbing-ostlandet","8":"product_tag-isklatring-ostlandet","9":"pa_autor-wegge","10":"pa_erscheinungsjahr-27129","11":"pa_region-skandinavien-norwegen-schweden-finnland","12":"pa_sprache-norw","14":"first","15":"onbackorder","16":"taxable","17":"shipping-taxable","18":"purchasable","19":"product-type-simple"},"_links":{"self":[{"href":"https:\/\/pizbube.ch\/en\/wp-json\/wp\/v2\/product\/170833","targetHints":{"allow":["GET"]}}],"collection":[{"href":"https:\/\/pizbube.ch\/en\/wp-json\/wp\/v2\/product"}],"about":[{"href":"https:\/\/pizbube.ch\/en\/wp-json\/wp\/v2\/types\/product"}],"wp:featuredmedia":[{"embeddable":true,"href":"https:\/\/pizbube.ch\/en\/wp-json\/wp\/v2\/media\/170834"}],"wp:attachment":[{"href":"https:\/\/pizbube.ch\/en\/wp-json\/wp\/v2\/media?parent=170833"}],"wp:term":[{"taxonomy":"product_brand","embeddable":true,"href":"https:\/\/pizbube.ch\/en\/wp-json\/wp\/v2\/product_brand?post=170833"},{"taxonomy":"product_cat","embeddable":true,"href":"https:\/\/pizbube.ch\/en\/wp-json\/wp\/v2\/product_cat?post=170833"},{"taxonomy":"product_tag","embeddable":true,"href":"https:\/\/pizbube.ch\/en\/wp-json\/wp\/v2\/product_tag?post=170833"}],"curies":[{"name":"wp","href":"https:\/\/api.w.org\/{rel}","templated":true}]}}