{"id":170854,"date":"2023-12-21T09:58:20","date_gmt":"2023-12-21T08:58:20","guid":{"rendered":"https:\/\/pizbube.ch\/?post_type=product&#038;p=170854"},"modified":"2023-12-21T10:08:42","modified_gmt":"2023-12-21T09:08:42","slug":"karwendel-rofan-wetterstein-skitouren-und-skibergsteigen","status":"publish","type":"product","link":"https:\/\/pizbube.ch\/en\/shop\/karwendel-rofan-wetterstein-skitouren-und-skibergsteigen\/","title":{"rendered":"Karwendel &#8211; Rofan &#8211; Wetterstein Skitouren und Skibergsteigen"},"content":{"rendered":"<p>Mit Ammergauer Alpen, Estergebirge, Isarwinkel und Mieminger Kette.<\/p>\n<p>Karwendel, Rofan, Wetterstein, plus die Berge zwischen Tegernsee und F\u00fcssen \u2013 viel Gebirge in einem Band, und eine gro\u00dfe Vielfalt: W\u00e4hrend man in den Voralpen sanfte Wald- und Wiesenberge antrifft, ragen im Wetterstein, im Karwendel und im Rofan hohe Felsmassive mit wilden Karen und schroffen Steilflanken in den Himmel. Zahlreiche Skitouren sind gut f\u00fcr Anf\u00e4nger und Gelegenheitstourengeher geeignet, und in den h\u00f6heren Gebieten finden erfahrene Skibergsteiger eine schier unersch\u00f6pfliche Spielwiese.<\/p>\n<p>5. Auflage 2024, 336 Seiten, 120 x 185 mm, Softcover, komplett 4 Farbig<\/p>","protected":false},"excerpt":{"rendered":"<p>Mit Ammergauer Alpen, Estergebirge, Isarwinkel und Mieminger Kette. Karwendel, Rofan, Wetterstein, plus die Berge zwischen Tegernsee und F\u00fcssen \u2013 viel Gebirge in einem Band, und eine gro\u00dfe Vielfalt: W\u00e4hrend man in den Voralpen sanfte Wald- und Wiesenberge antrifft, ragen im Wetterstein, im Karwendel und im Rofan hohe Felsmassive mit wilden Karen und schroffen Steilflanken in [&#8230;]\n","protected":false},"featured_media":170855,"template":"","meta":[],"product_brand":[],"product_cat":[21540],"product_tag":[],"class_list":{"0":"post-170854","1":"product","2":"type-product","3":"status-publish","4":"has-post-thumbnail","6":"product_cat-fuehrerliteratur-alpin-winter","7":"pa_autor-neumayr","8":"pa_erscheinungsjahr-27339","9":"pa_region-deutschland","10":"pa_sprache-de","12":"first","13":"instock","14":"taxable","15":"shipping-taxable","16":"purchasable","17":"product-type-simple"},"_links":{"self":[{"href":"https:\/\/pizbube.ch\/en\/wp-json\/wp\/v2\/product\/170854","targetHints":{"allow":["GET"]}}],"collection":[{"href":"https:\/\/pizbube.ch\/en\/wp-json\/wp\/v2\/product"}],"about":[{"href":"https:\/\/pizbube.ch\/en\/wp-json\/wp\/v2\/types\/product"}],"wp:featuredmedia":[{"embeddable":true,"href":"https:\/\/pizbube.ch\/en\/wp-json\/wp\/v2\/media\/170855"}],"wp:attachment":[{"href":"https:\/\/pizbube.ch\/en\/wp-json\/wp\/v2\/media?parent=170854"}],"wp:term":[{"taxonomy":"product_brand","embeddable":true,"href":"https:\/\/pizbube.ch\/en\/wp-json\/wp\/v2\/product_brand?post=170854"},{"taxonomy":"product_cat","embeddable":true,"href":"https:\/\/pizbube.ch\/en\/wp-json\/wp\/v2\/product_cat?post=170854"},{"taxonomy":"product_tag","embeddable":true,"href":"https:\/\/pizbube.ch\/en\/wp-json\/wp\/v2\/product_tag?post=170854"}],"curies":[{"name":"wp","href":"https:\/\/api.w.org\/{rel}","templated":true}]}}