{"id":170860,"date":"2023-12-21T14:40:28","date_gmt":"2023-12-21T13:40:28","guid":{"rendered":"https:\/\/pizbube.ch\/?post_type=product&#038;p=170860"},"modified":"2024-02-21T16:13:23","modified_gmt":"2024-02-21T15:13:23","slug":"skitouren-fuer-das-ganze-jahr","status":"publish","type":"product","link":"https:\/\/pizbube.ch\/en\/shop\/skitouren-fuer-das-ganze-jahr\/","title":{"rendered":"Skitouren f\u00fcr das ganze Jahr"},"content":{"rendered":"<p>Skitouren das ganze Jahr? Das w\u00e4re cool! Aber wo ist das m\u00f6glich? Andreas Brunner gibt Antworten. Naheliegende Ziele, wie die Skihalle in Dubai oder die Berge auf der S\u00fcdhalbkugel werden dabei nicht behandelt. Wohin also mit dem Kribbeln in den Beinen?<\/p>\n<p>Andreas stellt in seinem Buch 68 Unternehmungen vor, die eine ausgedehnte Tourensaison von Oktober bis in den Juni f\u00fcllen. Der Gro\u00dfteil der Touren liegt in den Ostalpen und su\u0308dlich des Alpenhauptkamms sowie in den Dolomiten. Doch auch Abstecher in andere Alpenregionen oder die Abruzzen werden vorgestellt. Die Tourenvorschl\u00e4ge richten sich dabei eher an Fortgeschrittene und wurden teilweise bisher nirgends ver\u00f6ffentlicht. Auch originelle \u00dcberschreitungen und Gipfelkombinationen wird man in diesem Werk finden. Abgerundet wird die Tourenauswahl von klassischen Unternehmungen, die zu den sch\u00f6nsten der Alpen geh\u00f6ren.<\/p>\n<p>Da auch hartgesottene Ski-Freaks irgendwann einsehen m\u00fcssen, dass die Saison ein Ende hat, werden f\u00fcr die drei verbleibenden Sommermonate theoretische Grundlagen und anderes Wissenswertes in den Vordergrund gestellt: Material und Skiservice, Tourenplanung, Notfallmanagement, Wetter- und Schneewissen&#8230;<\/p>\n<p>Aufstiege und Abfahrten sind sehr detailliert und vollst\u00e4ndig beschrieben. Durch das gro\u00dfe Format und die Lay-Flat Bindung macht das Buch richtig Laune und weckt die Lust auf Schnee. Selbstverst\u00e4ndlich bei Panico: Es gibt zu allen Routen auch GPS-Tracks f\u00fcr die Tourenplanung.<\/p>\n<p>1. Auflage 2024, 496 Seiten, 14,8 x 220 mm, Softcover, komplett 4 Farbig<\/p>","protected":false},"excerpt":{"rendered":"<p>Skitouren das ganze Jahr? Das w\u00e4re cool! Aber wo ist das m\u00f6glich? Andreas Brunner gibt Antworten. Naheliegende Ziele, wie die Skihalle in Dubai oder die Berge auf der S\u00fcdhalbkugel werden dabei nicht behandelt. Wohin also mit dem Kribbeln in den Beinen? Andreas stellt in seinem Buch 68 Unternehmungen vor, die eine ausgedehnte Tourensaison von Oktober [&#8230;]\n","protected":false},"featured_media":170865,"template":"","meta":[],"product_brand":[],"product_cat":[21540],"product_tag":[],"class_list":{"0":"post-170860","1":"product","2":"type-product","3":"status-publish","4":"has-post-thumbnail","6":"product_cat-fuehrerliteratur-alpin-winter","7":"pa_autor-brunner","8":"pa_erscheinungsjahr-27339","9":"pa_region-deutschland","10":"pa_region-italien","11":"pa_region-oesterreich","12":"pa_region-schweiz","13":"pa_sprache-de","15":"first","16":"instock","17":"taxable","18":"shipping-taxable","19":"purchasable","20":"product-type-simple"},"_links":{"self":[{"href":"https:\/\/pizbube.ch\/en\/wp-json\/wp\/v2\/product\/170860","targetHints":{"allow":["GET"]}}],"collection":[{"href":"https:\/\/pizbube.ch\/en\/wp-json\/wp\/v2\/product"}],"about":[{"href":"https:\/\/pizbube.ch\/en\/wp-json\/wp\/v2\/types\/product"}],"wp:featuredmedia":[{"embeddable":true,"href":"https:\/\/pizbube.ch\/en\/wp-json\/wp\/v2\/media\/170865"}],"wp:attachment":[{"href":"https:\/\/pizbube.ch\/en\/wp-json\/wp\/v2\/media?parent=170860"}],"wp:term":[{"taxonomy":"product_brand","embeddable":true,"href":"https:\/\/pizbube.ch\/en\/wp-json\/wp\/v2\/product_brand?post=170860"},{"taxonomy":"product_cat","embeddable":true,"href":"https:\/\/pizbube.ch\/en\/wp-json\/wp\/v2\/product_cat?post=170860"},{"taxonomy":"product_tag","embeddable":true,"href":"https:\/\/pizbube.ch\/en\/wp-json\/wp\/v2\/product_tag?post=170860"}],"curies":[{"name":"wp","href":"https:\/\/api.w.org\/{rel}","templated":true}]}}