{"id":170880,"date":"2023-12-21T15:51:24","date_gmt":"2023-12-21T14:51:24","guid":{"rendered":"https:\/\/pizbube.ch\/?post_type=product&#038;p=170880"},"modified":"2023-12-21T15:54:01","modified_gmt":"2023-12-21T14:54:01","slug":"skitourenfuehrer-skifuehrer-salzburger-land-band-2","status":"publish","type":"product","link":"https:\/\/pizbube.ch\/en\/shop\/skitourenfuehrer-skifuehrer-salzburger-land-band-2\/","title":{"rendered":"Skitourenf\u00fchrer Skif\u00fchrer Salzburger Land &#8211; Band 2"},"content":{"rendered":"<p>Skiatlas &#8211; Schif\u00fchrer, Salzburger Land und Radst\u00e4dter Tauern<\/p>\n<p>Der Skitourenf\u00fchrer Salzburger Land &#8211; Band 2 widmet sich in 13 Kapiteln den Radst\u00e4dter Tauern und dem gesamten Lungau. Die Radst\u00e4dter Tauern sind der westlichste Teil der Niederen Tauern, die sich auf einer Gesamtl\u00e4nge von rund 140 km \u00fcber die Schladminger Tauern bis zu den Seckauer Tauern im Osten erstrecken. Das sonnenverw\u00f6hnte Tourengebiet des Lungaus geh\u00f6rt bereits zur Alpens\u00fcdseite.<\/p>\n<p>Die meisten hier vorgestellten Berge bieten ideales Skitourengel\u00e4nde, das vor allem Genuss-Tourengeher anspricht. Viele Skirouten weisen mittlere Schwierigkeiten auf und lassen sich als Tagesunternehmungen vom Tal aus machen. Es fehlen aber auch nicht die einfachen, kurzen Touren f\u00fcr Anf\u00e4nger und zum \u201eHineinschnuppern\u201c. Im Gegensatz dazu stehen am anderen Ende der Schwierigkeitsskala spektakul\u00e4re Abfahrten durch felsdurchsetztes Steilgel\u00e4nde wie das \u00d6denkar am Wei\u00dfeck, die Mosermandl-S\u00fcdflanke, der Faulkogel oder die Steinfeldspitze.<\/p>\n<p>Die T\u00e4ler und Berge im Hauptkamm der Radst\u00e4dter Tauern sind oft bereits ab dem Hochwinter sehr schneereich, der Lungau bekommt seine Niederschl\u00e4ge \u00fcblicherweise, wenn \u201eItalientiefs\u201c die Alpens\u00fcdseite mit Schneef\u00e4llen erreichen.<\/p>\n<p>Erfreulich ist, dass die Talschl\u00fcsse in den Radst\u00e4dter Tauern und die Passlandschaften von Obertauern und Katschberg bis auf wenige Ausnahmen gut mit \u00f6ffentlichen Regionalbussen erreichbar sind. Ein Hinweis darauf wird jeweils bei den entsprechenden Tourengebieten in ihrer Einleitung gegeben.<\/p>\n<p>1. Auflage 2024, 372 Seiten, 120 x 185 mm, Softcover, komplett 4 Farbig<\/p>","protected":false},"excerpt":{"rendered":"<p>Skiatlas &#8211; Schif\u00fchrer, Salzburger Land und Radst\u00e4dter Tauern Der Skitourenf\u00fchrer Salzburger Land &#8211; Band 2 widmet sich in 13 Kapiteln den Radst\u00e4dter Tauern und dem gesamten Lungau. Die Radst\u00e4dter Tauern sind der westlichste Teil der Niederen Tauern, die sich auf einer Gesamtl\u00e4nge von rund 140 km \u00fcber die Schladminger Tauern bis zu den Seckauer Tauern [&#8230;]\n","protected":false},"featured_media":170881,"template":"","meta":[],"product_brand":[],"product_cat":[21540],"product_tag":[],"class_list":{"0":"post-170880","1":"product","2":"type-product","3":"status-publish","4":"has-post-thumbnail","6":"product_cat-fuehrerliteratur-alpin-winter","7":"pa_autor-kuehberger","8":"pa_erscheinungsjahr-27339","9":"pa_region-oesterreich","10":"pa_sprache-de","12":"first","13":"instock","14":"taxable","15":"shipping-taxable","16":"purchasable","17":"product-type-simple"},"_links":{"self":[{"href":"https:\/\/pizbube.ch\/en\/wp-json\/wp\/v2\/product\/170880","targetHints":{"allow":["GET"]}}],"collection":[{"href":"https:\/\/pizbube.ch\/en\/wp-json\/wp\/v2\/product"}],"about":[{"href":"https:\/\/pizbube.ch\/en\/wp-json\/wp\/v2\/types\/product"}],"wp:featuredmedia":[{"embeddable":true,"href":"https:\/\/pizbube.ch\/en\/wp-json\/wp\/v2\/media\/170881"}],"wp:attachment":[{"href":"https:\/\/pizbube.ch\/en\/wp-json\/wp\/v2\/media?parent=170880"}],"wp:term":[{"taxonomy":"product_brand","embeddable":true,"href":"https:\/\/pizbube.ch\/en\/wp-json\/wp\/v2\/product_brand?post=170880"},{"taxonomy":"product_cat","embeddable":true,"href":"https:\/\/pizbube.ch\/en\/wp-json\/wp\/v2\/product_cat?post=170880"},{"taxonomy":"product_tag","embeddable":true,"href":"https:\/\/pizbube.ch\/en\/wp-json\/wp\/v2\/product_tag?post=170880"}],"curies":[{"name":"wp","href":"https:\/\/api.w.org\/{rel}","templated":true}]}}