{"id":170887,"date":"2023-12-21T16:07:12","date_gmt":"2023-12-21T15:07:12","guid":{"rendered":"https:\/\/pizbube.ch\/?post_type=product&#038;p=170887"},"modified":"2023-12-21T16:31:56","modified_gmt":"2023-12-21T15:31:56","slug":"lumignano-arrampicare-nei-colli-berici-climbing-in-the-berici-hills-klettern-in-den-berici-huegeln","status":"publish","type":"product","link":"https:\/\/pizbube.ch\/en\/shop\/lumignano-arrampicare-nei-colli-berici-climbing-in-the-berici-hills-klettern-in-den-berici-huegeln\/","title":{"rendered":"LUMIGNANO: Arrampicare nei Colli Berici &#8211; Climbing in the Berici Hills &#8211; Klettern in den Berici-H\u00fcgeln"},"content":{"rendered":"<p>Rock climbing in Vicenza hills &#8211; Klettern rund um Vicenza<\/p>\n<p>Described are 12 spots around Lumignano, next to Vicenza and Paova, Italy.<\/p>\n<div class=\"woocommerce-product-details__short-description\">\n<p>Lumignano, falesia storica in provincia di Vicenza, compie 100 anni. La prima via aperta in queste pareti dei Colli Berici \u00e8 infatti datata 1924. In cent\u2019anni, naturalmente, il mondo dell\u2019arrampicata \u00e8 cambiato in modo totale, sia nella quantit\u00e0 di adepti sia nei modi di affrontare le pareti rocciose, soprattutto le falesie.<\/p>\n<p>Lumignano ha saputo, nei vari decenni e attraverso i tanti apritori e fruitori, rinnovarsi, dando vita a volte a correnti etiche, a volte a slanci filosofici, a volte a grandi eventi. Si tratta quindi di una falesia che ha percorso la storia ma, si pu\u00f2 anche certamente affermare, ha \u201csegnato la storia\u201d di un\u2019attivit\u00e0 che, negli ultimi anni, sta vivendo un nuovo boom. Nei week-end di primavera, autunno e inverno (ma non manca la frequentazione anche nei mesi estivi) i vari settori di Lumignano sono gremiti di giovani e non, tutti alla ricerca della performance sui tiri tra i pi\u00f9 belli d\u2019Italia e alla soluzione personale del superamento del proprio livello.<br \/>\nCon questa pubblicazione autore ed editore intendono mostrare il bello di questo luogo, fatto di calcare dai molteplici colori, da grotte, placche e fessure che permettono di sviluppare il magnifico gioco dell\u2019arrampicata, perseguendo il bene di Lumignano e dei tanti ragazzi che ne calcano gli appigli.<\/p>\n<p>Affinch\u00e9 il primo secolo di questo meraviglioso angolo di mondo apra le porte a un futuro di divertimento e soddisfazione che solo l\u2019arrampicata sa donare.<\/p>\n<p>prima ediz. Dicembre 2023<br \/>\n288 pagine<\/p>\n<p>&nbsp;<\/p>\n<p>Endlich gibt es wieder einen Kletterf\u00fchrer f\u00fcr dieses historische und fantastische Klettergebiet in Venetien. Lumignano liegt nur wenige Kilometer s\u00fcdlich der Stadt Vicenza in Norditalien und ist sehr gut erreichbar.<br \/>\nBereits vor 99 Jahren wurde die erste Route eingerichtet und seitdem hat dieses Gebiet sich immer wieder neu erfunden. Diese lange Kletterhistorie hat tolle und abwechslungsreiche Ein- und Mehrseill\u00e4ngen hervorgebracht. Die Sektoren \/ W\u00e4nde sind bogenf\u00f6rmig ausgerichtet und zeigen nach Osten, S\u00fcden und Westen. Der Kalkstein der Berici-H\u00fcgel ist vielf\u00e4ltig in seinem Angebot. Die im Kletterf\u00fchrer vorgestellten Routen decken ein gro\u00dfes Spektrum an Schwierigkeiten ab. Das Gros liegt in den franz\u00f6sischen 6ern, aber auch einiges leichter und schwerer.<br \/>\nDer Kletterf\u00fchrer punktet mit seiner Dreisprachigkeit, seinen tollen Farbfototopos, guten Lagepl\u00e4nen und verst\u00e4ndlichen Symbolen.<br \/>\n288 Seiten<br \/>\nSprache Italienisch \/ Englisch \/ Deutsch<\/p>\n<\/div>\n<p>&nbsp;<\/p>","protected":false},"excerpt":{"rendered":"<p>Rock climbing in Vicenza hills &#8211; Klettern rund um Vicenza Described are 12 spots around Lumignano, next to Vicenza and Paova, Italy. Lumignano, falesia storica in provincia di Vicenza, compie 100 anni. La prima via aperta in queste pareti dei Colli Berici \u00e8 infatti datata 1924. In cent\u2019anni, naturalmente, il mondo dell\u2019arrampicata \u00e8 cambiato in [&#8230;]\n","protected":false},"featured_media":170889,"template":"","meta":[],"product_brand":[],"product_cat":[21539],"product_tag":[],"class_list":{"0":"post-170887","1":"product","2":"type-product","3":"status-publish","4":"has-post-thumbnail","6":"product_cat-fuehrerliteratur-sportklettern-bouldern","7":"pa_autor-guerrini","8":"pa_erscheinungsjahr-27129","9":"pa_region-italien","10":"pa_sprache-it-de-en","12":"first","13":"instock","14":"taxable","15":"shipping-taxable","16":"purchasable","17":"product-type-simple"},"_links":{"self":[{"href":"https:\/\/pizbube.ch\/en\/wp-json\/wp\/v2\/product\/170887","targetHints":{"allow":["GET"]}}],"collection":[{"href":"https:\/\/pizbube.ch\/en\/wp-json\/wp\/v2\/product"}],"about":[{"href":"https:\/\/pizbube.ch\/en\/wp-json\/wp\/v2\/types\/product"}],"wp:featuredmedia":[{"embeddable":true,"href":"https:\/\/pizbube.ch\/en\/wp-json\/wp\/v2\/media\/170889"}],"wp:attachment":[{"href":"https:\/\/pizbube.ch\/en\/wp-json\/wp\/v2\/media?parent=170887"}],"wp:term":[{"taxonomy":"product_brand","embeddable":true,"href":"https:\/\/pizbube.ch\/en\/wp-json\/wp\/v2\/product_brand?post=170887"},{"taxonomy":"product_cat","embeddable":true,"href":"https:\/\/pizbube.ch\/en\/wp-json\/wp\/v2\/product_cat?post=170887"},{"taxonomy":"product_tag","embeddable":true,"href":"https:\/\/pizbube.ch\/en\/wp-json\/wp\/v2\/product_tag?post=170887"}],"curies":[{"name":"wp","href":"https:\/\/api.w.org\/{rel}","templated":true}]}}