{"id":170917,"date":"2023-12-22T15:45:31","date_gmt":"2023-12-22T14:45:31","guid":{"rendered":"https:\/\/pizbube.ch\/?post_type=product&#038;p=170917"},"modified":"2023-12-22T15:45:31","modified_gmt":"2023-12-22T14:45:31","slug":"freeride-bucket-list-vorarlberg","status":"publish","type":"product","link":"https:\/\/pizbube.ch\/en\/shop\/freeride-bucket-list-vorarlberg\/","title":{"rendered":"Freeride Bucket List Vorarlberg"},"content":{"rendered":"<p>Die spannendsten Freeride-Touren im Montafon, am Arlberg und im Klostertal, im Bregenzerwald und im Kleinwalsertal<\/p>\n<p>Wo Powdertr\u00e4ume wahr werden:<br \/>\nDieses hochwertig illustrierte Guidebook zeigt die lohnendsten und spannendsten Freeride Runs in Vorarlberg und ist damit die perfekte Inspirationsquelle f\u00fcr das n\u00e4chste Abenteuer abseits der Piste. Ob Varianten-Skifahrer:in, Freerider:in, Split- oder Snow-boarder:in \u2013 mit dieser handverlesenen Tourenauswahl wird jede und jeder seine pers\u00f6nliche Freeride-Wunschliste finden. Allen Touren gemeinsam sind kurze, liftunterst\u00fctzte Aufstiege und au\u00dfergew\u00f6hnliche, lohnende Abfahrten.<\/p>\n<p>Alle Lines und Runs werden mit erstklassigen \u00dcbersichts- und Detailfotos, topografischen Kartenausschnitten sowie genauen Routenbeschreibungen dargeboten. Die \u00fcbersichtliche Darstellung des Anforderungsprofils erleichtert die pers\u00f6nliche Tourenplanung und Risikoeinsch\u00e4tzung. Das Buch erf\u00fcllt alle Kriterien eines klassischen Tourenf\u00fchrers, ist aber weit mehr als das. Kurze Interviews mit Freeride Protagonist:innen, Hintergrund- wissen zum Freeriden, spannende Facts zu lokalen Besonderheiten sowie gro\u00dfartige Action- und Landschaftsfotos vermitteln den Spirit der Community und inspirieren dazu, eigene Powdertr\u00e4ume wahr werden zu lassen.<\/p>\n<p>Das erste und einzige Freeride Guidebook f\u00fcr Vorarlberg verfasst von einem ausgewiesenen Gebietskenner und erfahrenen Guide aktuell recherchierte, genaue Tourenbeschreibungen, illustriert mit hochwertigen \u00dcbersichts- und Detailfotos sowie topographischen Karten Lohnende Touren in allen Schwierigkeitsgraden, auch wenig bekannte und selten befahrene extremere Ziele \u00fcbersichtliches, ansprechendes Layout und inspirierende Fotos<\/p>\n<p>200 Seiten; 106 farb. Abb. und 50 topographische Karten mit eingezeichnetem Routenverlauf sowie zwei \u00dcbersichtskarten; 23.5 cm x 16.3 cm<br \/>\n1. Auflage 2023<\/p>","protected":false},"excerpt":{"rendered":"<p>Die spannendsten Freeride-Touren im Montafon, am Arlberg und im Klostertal, im Bregenzerwald und im Kleinwalsertal Wo Powdertr\u00e4ume wahr werden: Dieses hochwertig illustrierte Guidebook zeigt die lohnendsten und spannendsten Freeride Runs in Vorarlberg und ist damit die perfekte Inspirationsquelle f\u00fcr das n\u00e4chste Abenteuer abseits der Piste. Ob Varianten-Skifahrer:in, Freerider:in, Split- oder Snow-boarder:in \u2013 mit dieser handverlesenen [&#8230;]\n","protected":false},"featured_media":170918,"template":"","meta":[],"product_brand":[],"product_cat":[21540],"product_tag":[],"class_list":{"0":"post-170917","1":"product","2":"type-product","3":"status-publish","4":"has-post-thumbnail","6":"product_cat-fuehrerliteratur-alpin-winter","7":"pa_autor-wohlgenannt","8":"pa_erscheinungsjahr-27129","9":"pa_region-oesterreich","10":"pa_sprache-de","12":"first","13":"instock","14":"taxable","15":"shipping-taxable","16":"purchasable","17":"product-type-simple"},"_links":{"self":[{"href":"https:\/\/pizbube.ch\/en\/wp-json\/wp\/v2\/product\/170917","targetHints":{"allow":["GET"]}}],"collection":[{"href":"https:\/\/pizbube.ch\/en\/wp-json\/wp\/v2\/product"}],"about":[{"href":"https:\/\/pizbube.ch\/en\/wp-json\/wp\/v2\/types\/product"}],"wp:featuredmedia":[{"embeddable":true,"href":"https:\/\/pizbube.ch\/en\/wp-json\/wp\/v2\/media\/170918"}],"wp:attachment":[{"href":"https:\/\/pizbube.ch\/en\/wp-json\/wp\/v2\/media?parent=170917"}],"wp:term":[{"taxonomy":"product_brand","embeddable":true,"href":"https:\/\/pizbube.ch\/en\/wp-json\/wp\/v2\/product_brand?post=170917"},{"taxonomy":"product_cat","embeddable":true,"href":"https:\/\/pizbube.ch\/en\/wp-json\/wp\/v2\/product_cat?post=170917"},{"taxonomy":"product_tag","embeddable":true,"href":"https:\/\/pizbube.ch\/en\/wp-json\/wp\/v2\/product_tag?post=170917"}],"curies":[{"name":"wp","href":"https:\/\/api.w.org\/{rel}","templated":true}]}}