{"id":170999,"date":"2024-01-04T12:15:46","date_gmt":"2024-01-04T11:15:46","guid":{"rendered":"https:\/\/pizbube.ch\/?post_type=product&#038;p=170999"},"modified":"2024-11-29T10:36:15","modified_gmt":"2024-11-29T09:36:15","slug":"savoie-ski-de-randonnee","status":"publish","type":"product","link":"https:\/\/pizbube.ch\/en\/shop\/savoie-ski-de-randonnee\/","title":{"rendered":"SAVOIE &#8211; Ski de randonn\u00e9e"},"content":{"rendered":"<p class=\"product_title entry-title\">Bauges &#8211; Aravis &#8211; Belledonne &#8211; Lauzi\u00e8re &#8211; Beaufortin &#8211; Arves &#8211; Cerces &#8211; Ambin &#8211; Haute-Maurienne &#8211; Haute-Tarentaise &#8211; Vanoise<\/p>\n<p>Cet ouvrage, centr\u00e9 sur la Vanoise, est d\u00e9limit\u00e9 par la sauvage Belledonne, les grands glaciers \u00e0 la fronti\u00e8re de l\u2019Italie, le prestigieux massif du Mont-Blanc et le calcaire chaleureux des Cerces. Tr\u00e8s bien enneig\u00e9e, facile d\u2019acc\u00e8s depuis les m\u00e9tropoles alpines, parfois \u00e9tonnamment prot\u00e9g\u00e9e par une \u00e9claircie de f\u0153hn, cette r\u00e9gion est un paradis du ski.<\/p>\n<p>Les domaines skiables \u00e9quip\u00e9s les plus vastes du monde ont \u00e9lu domicile dans cette r\u00e9gion. Mais que les amateurs d\u2019espace se rassurent, ce guide invite \u00e0 la d\u00e9couverte de vallons sauvages insoup\u00e7onn\u00e9s, en d\u00e9crivant en d\u00e9tail 134 itin\u00e9raires et en sugg\u00e9rant environ 250 variantes majeures et autres itin\u00e9raires, de la course facile au ski de pente raide.<\/p>\n<p>304 pages,<br \/>\nedition 2016<\/p>","protected":false},"excerpt":{"rendered":"<p>Bauges &#8211; Aravis &#8211; Belledonne &#8211; Lauzi\u00e8re &#8211; Beaufortin &#8211; Arves &#8211; Cerces &#8211; Ambin &#8211; Haute-Maurienne &#8211; Haute-Tarentaise &#8211; Vanoise Cet ouvrage, centr\u00e9 sur la Vanoise, est d\u00e9limit\u00e9 par la sauvage Belledonne, les grands glaciers \u00e0 la fronti\u00e8re de l\u2019Italie, le prestigieux massif du Mont-Blanc et le calcaire chaleureux des Cerces. Tr\u00e8s bien enneig\u00e9e, [&#8230;]\n","protected":false},"featured_media":171000,"template":"","meta":[],"product_brand":[],"product_cat":[21540],"product_tag":[],"class_list":{"0":"post-170999","1":"product","2":"type-product","3":"status-publish","4":"has-post-thumbnail","6":"product_cat-fuehrerliteratur-alpin-winter","7":"pa_autor-cabau","8":"pa_erscheinungsjahr-21571","9":"pa_region-frankreich","10":"pa_sprache-fr","12":"first","13":"instock","14":"taxable","15":"shipping-taxable","16":"purchasable","17":"product-type-simple"},"_links":{"self":[{"href":"https:\/\/pizbube.ch\/en\/wp-json\/wp\/v2\/product\/170999","targetHints":{"allow":["GET"]}}],"collection":[{"href":"https:\/\/pizbube.ch\/en\/wp-json\/wp\/v2\/product"}],"about":[{"href":"https:\/\/pizbube.ch\/en\/wp-json\/wp\/v2\/types\/product"}],"wp:featuredmedia":[{"embeddable":true,"href":"https:\/\/pizbube.ch\/en\/wp-json\/wp\/v2\/media\/171000"}],"wp:attachment":[{"href":"https:\/\/pizbube.ch\/en\/wp-json\/wp\/v2\/media?parent=170999"}],"wp:term":[{"taxonomy":"product_brand","embeddable":true,"href":"https:\/\/pizbube.ch\/en\/wp-json\/wp\/v2\/product_brand?post=170999"},{"taxonomy":"product_cat","embeddable":true,"href":"https:\/\/pizbube.ch\/en\/wp-json\/wp\/v2\/product_cat?post=170999"},{"taxonomy":"product_tag","embeddable":true,"href":"https:\/\/pizbube.ch\/en\/wp-json\/wp\/v2\/product_tag?post=170999"}],"curies":[{"name":"wp","href":"https:\/\/api.w.org\/{rel}","templated":true}]}}