{"id":171038,"date":"2024-01-06T10:28:59","date_gmt":"2024-01-06T09:28:59","guid":{"rendered":"https:\/\/pizbube.ch\/?post_type=product&#038;p=171038"},"modified":"2024-01-06T10:28:59","modified_gmt":"2024-01-06T09:28:59","slug":"spatenstich","status":"publish","type":"product","link":"https:\/\/pizbube.ch\/en\/shop\/spatenstich\/","title":{"rendered":"Spatenstich"},"content":{"rendered":"<p>Eine Verhandlung des Gipfelkreuz im Alpenraum.<br \/>\nGrafische Erz\u00e4hlung<\/p>\n<p>Im Abstieg, wo ab Planggen sich der H\u00f6henweg weiter Talausw\u00e4rts zieht, kommt unten im Tal die grosse Klosteranlage von Engelberg in Sicht. Weiss get\u00fcncht steht sie weitl\u00e4ufig und stolz am hinteren Rand des expandierenden Dorfes. Oben, bei mir am Wegrand, wo die Sicht jeweils zum kurzen Verweilen einl\u00e4dt, schaut ein grosses Holzkreuz neben dem Aussichtsb\u00e4nkli ebenfalls \u00fcbers Tal. Der Weg f\u00fchrt stetig weiter, geschwungen in die Furchen und wieder hinaus, am Hang entlang. Ich passiere noch Eines, ein metallenes, \u00abS\u00e4l\u00fc Chr\u00fcz!\u00bb und wandere weiter. Hinter den n\u00e4chsten Kehren: Bergh\u00fctte mit Umschwung, ein gut besetzter Sessellift sp\u00fchlt die Neuank\u00f6mmlinge vom Tal gleich direkt aufs Wieseli ums Berg-Badeseeli und unter die Rivella-Schirme der ausladenden Sonnenterasse. Die Kehren gehen weiter und mich nimmt bereits das n\u00e4chste Kreuz in Empfang, die waagerechten Balken gebieterisch mir entgegen ausgestreckt. Doch ich will nicht. Eine kritische Beleuchtung unserer Mitgestaltung der Alpen.<\/p>\n<p>\u2013 Spatenstich \u2013 entspringt im Grunde diesem Erlebnis am Berg ob Engelberg im Sommer 19.<br \/>\nAls Bergg\u00e4nger und Zeichner f\u00fchre ich den Dialog zu dieser Thematik rund um die Gipfelkreuze und Alpengestalt weiter und weiter, womit ich mit diesem Werk, den vorl\u00e4ufigen Gipfel erreiche.<\/p>\n<p>Materialit\u00e4t: Farbstift und Graphit auf Papier, Reproduktion im Digitaldruck<br \/>\nFadengebunden mit Ausklapp-Cover, 36 Seiten, Druck im Digitaloffset<br \/>\nMasse: 264\/528\u00d7340 mm<\/p>","protected":false},"excerpt":{"rendered":"<p>Eine Verhandlung des Gipfelkreuz im Alpenraum. Grafische Erz\u00e4hlung Im Abstieg, wo ab Planggen sich der H\u00f6henweg weiter Talausw\u00e4rts zieht, kommt unten im Tal die grosse Klosteranlage von Engelberg in Sicht. Weiss get\u00fcncht steht sie weitl\u00e4ufig und stolz am hinteren Rand des expandierenden Dorfes. Oben, bei mir am Wegrand, wo die Sicht jeweils zum kurzen Verweilen [&#8230;]\n","protected":false},"featured_media":171039,"template":"","meta":[],"product_brand":[],"product_cat":[21881],"product_tag":[],"class_list":{"0":"post-171038","1":"product","2":"type-product","3":"status-publish","4":"has-post-thumbnail","6":"product_cat-comics","7":"pa_autor-coester","8":"pa_erscheinungsjahr-27129","9":"pa_region-schweiz","10":"pa_sprache-de","12":"first","13":"instock","14":"taxable","15":"shipping-taxable","16":"purchasable","17":"product-type-simple"},"_links":{"self":[{"href":"https:\/\/pizbube.ch\/en\/wp-json\/wp\/v2\/product\/171038","targetHints":{"allow":["GET"]}}],"collection":[{"href":"https:\/\/pizbube.ch\/en\/wp-json\/wp\/v2\/product"}],"about":[{"href":"https:\/\/pizbube.ch\/en\/wp-json\/wp\/v2\/types\/product"}],"wp:featuredmedia":[{"embeddable":true,"href":"https:\/\/pizbube.ch\/en\/wp-json\/wp\/v2\/media\/171039"}],"wp:attachment":[{"href":"https:\/\/pizbube.ch\/en\/wp-json\/wp\/v2\/media?parent=171038"}],"wp:term":[{"taxonomy":"product_brand","embeddable":true,"href":"https:\/\/pizbube.ch\/en\/wp-json\/wp\/v2\/product_brand?post=171038"},{"taxonomy":"product_cat","embeddable":true,"href":"https:\/\/pizbube.ch\/en\/wp-json\/wp\/v2\/product_cat?post=171038"},{"taxonomy":"product_tag","embeddable":true,"href":"https:\/\/pizbube.ch\/en\/wp-json\/wp\/v2\/product_tag?post=171038"}],"curies":[{"name":"wp","href":"https:\/\/api.w.org\/{rel}","templated":true}]}}