{"id":171044,"date":"2024-01-06T10:33:45","date_gmt":"2024-01-06T09:33:45","guid":{"rendered":"https:\/\/pizbube.ch\/?post_type=product&#038;p=171044"},"modified":"2025-04-23T15:10:44","modified_gmt":"2025-04-23T13:10:44","slug":"les-ecoles-descalade-du-vercors","status":"publish","type":"product","link":"https:\/\/pizbube.ch\/en\/shop\/les-ecoles-descalade-du-vercors\/","title":{"rendered":"Les \u00e9coles d&#8217;escalade du Vercors"},"content":{"rendered":"<p>DR\u00d4ME et IS\u00c9RE<\/p>\n<p><span id=\"resume\">Ce topo-guide d\u00e9crit plus de 2200 voies sur 50 sites d&#8217;escalade r\u00e9partis sur les d\u00e9partements de la Dr\u00f4me et de l&#8217;Is\u00e8re.<\/span><\/p>\n<p>50 Sites, 304 pages<\/p>\n<div id=\"onglets_contenu_1\" class=\"onglets_contenu selected\">\n<div>\n<div id=\"onglets_contenu_1\" class=\"onglets_contenu selected\" role=\"tabpanel\" aria-labelledby=\"onglets_titre_1\">\n<div>\n<p>Nouveaux sites en caract\u00e8res gras italiques:<\/p>\n<p><strong>VERCORS NORD<\/strong><br class=\"autobr\" \/>1 &#8211; LES \u00c9COUGES<br class=\"autobr\" \/>2 &#8211; MUR DE SATAN<br class=\"autobr\" \/>3 &#8211; LA ROCHE &#8211; <strong> <i>PETITES PUCELLES<\/i> <\/strong><br class=\"autobr\" \/>4 &#8211; VALLON DES FORGES<br class=\"autobr\" \/>5 &#8211; <strong> <i>PIERRE FOLLATIERE<\/i> <\/strong><\/p>\n<p><strong>VERCORS EST<\/strong><br class=\"autobr\" \/>6 &#8211; LE MERL\u00c9<br class=\"autobr\" \/>7 &#8211; SERPATON<br class=\"autobr\" \/>8 &#8211; CHEZ MAMAN ET PAPA<br class=\"autobr\" \/>9 &#8211; TR\u00c9ZANNE<\/p>\n<p><strong>QUATRE MONTAGNES<\/strong><br class=\"autobr\" \/>10 &#8211; GORGES D\u2019ENGINS<br class=\"autobr\" \/>11 &#8211; LOLETTE<br class=\"autobr\" \/>12 &#8211; ROCHER DE L\u2019\u00c2NE<br class=\"autobr\" \/>13 &#8211; LES RAM\u00c9ES<br class=\"autobr\" \/>14 &#8211; BEC DU CORNILLON<br class=\"autobr\" \/>15 &#8211; LES ALLI\u00c8RES<br class=\"autobr\" \/>16 &#8211; COL DE L\u2019ARC<br class=\"autobr\" \/>17 &#8211; GERBL\u00c9<br class=\"autobr\" \/>18 &#8211; LA FAUGE<br class=\"autobr\" \/>19 &#8211; COMBEAUVIEUX<\/p>\n<p><strong>COULMES<\/strong><br class=\"autobr\" \/>20 &#8211; <strong> <i>CORDET<\/i> <\/strong><br class=\"autobr\" \/>21 &#8211; LA CRIQUE<br class=\"autobr\" \/>22 &#8211; LA GOULANDI\u00c8RE<br class=\"autobr\" \/>23 &#8211; NUGUES (TINA DALLE)<br class=\"autobr\" \/>24 &#8211; FESTIVAL-DALARHUMDALADOM<br class=\"autobr\" \/>25 &#8211; D\u00c9GUEULOIR<br class=\"autobr\" \/>26 &#8211; BALME \u00c9TRANGE<br class=\"autobr\" \/>27 &#8211; PIERROT BEACH<\/p>\n<p><strong>ROYANS<\/strong><br class=\"autobr\" \/>28 &#8211; TROIS CH\u00c2TEAUX<br class=\"autobr\" \/>29 &#8211; TESZELIER<br class=\"autobr\" \/>30 &#8211; L\u2019OC\u00c9AN<br class=\"autobr\" \/>31 &#8211; PETITS GOULETS<br class=\"autobr\" \/>32 &#8211; GRANDS GOULETS<br class=\"autobr\" \/>33 &#8211; LA PLAGE<br class=\"autobr\" \/>34 &#8211; TAM\u00c9E C\u00d4T\u00c9 COURT<br class=\"autobr\" \/>35 &#8211; L\u2019AUBERGE ESPAGNOLE<br class=\"autobr\" \/>36 &#8211; LA PRESQU\u2019\u00ceLE<\/p>\n<p><strong>VERCORS OUEST<\/strong><br class=\"autobr\" \/>37 &#8211; BARBI\u00c8RES<\/p>\n<p><strong>VERCORS CENTRAL<\/strong><br class=\"autobr\" \/>38 &#8211; VIERGE DU VERCORS<br class=\"autobr\" \/>39 &#8211; COMBATIER<br class=\"autobr\" \/>40 &#8211; <strong> <i>GROTTE DE L\u2019OURS<\/i> <\/strong><br class=\"autobr\" \/>41 &#8211; CIME DU MAS<br class=\"autobr\" \/>42 &#8211; GLACI\u00c8RE<\/p>\n<p><strong>VERCORS SUD ET DIOIS<\/strong><br class=\"autobr\" \/>43 &#8211; CHIRONNE<br class=\"autobr\" \/>44 &#8211; PETITES ROCHES<br class=\"autobr\" \/>45 &#8211; SAINT MOIRANS<br class=\"autobr\" \/>46 &#8211; SAINTE-CROIX<br class=\"autobr\" \/>47 &#8211; ROMEYER<br class=\"autobr\" \/>48 &#8211; VALCROISSANT<br class=\"autobr\" \/>49 &#8211; LE BA\u00cfN<br class=\"autobr\" \/>50 &#8211; D\u00c9VERS \u00c0 MAUK<\/p>\n<\/div>\n<\/div>\n<\/div>\n<\/div>","protected":false},"excerpt":{"rendered":"<p>DR\u00d4ME et IS\u00c9RE Ce topo-guide d\u00e9crit plus de 2200 voies sur 50 sites d&#8217;escalade r\u00e9partis sur les d\u00e9partements de la Dr\u00f4me et de l&#8217;Is\u00e8re. 50 Sites, 304 pages Nouveaux sites en caract\u00e8res gras italiques: VERCORS NORD1 &#8211; LES \u00c9COUGES2 &#8211; MUR DE SATAN3 &#8211; LA ROCHE &#8211; PETITES PUCELLES 4 &#8211; VALLON DES FORGES5 &#8211; [&#8230;]\n","protected":false},"featured_media":171045,"template":"","meta":[],"product_brand":[],"product_cat":[21539],"product_tag":[],"class_list":{"0":"post-171044","1":"product","2":"type-product","3":"status-publish","4":"has-post-thumbnail","6":"product_cat-fuehrerliteratur-sportklettern-bouldern","7":"pa_autor-duhaut","8":"pa_erscheinungsjahr-27129","9":"pa_region-frankreich","10":"pa_sprache-fr","12":"first","13":"instock","14":"taxable","15":"shipping-taxable","16":"purchasable","17":"product-type-simple"},"_links":{"self":[{"href":"https:\/\/pizbube.ch\/en\/wp-json\/wp\/v2\/product\/171044","targetHints":{"allow":["GET"]}}],"collection":[{"href":"https:\/\/pizbube.ch\/en\/wp-json\/wp\/v2\/product"}],"about":[{"href":"https:\/\/pizbube.ch\/en\/wp-json\/wp\/v2\/types\/product"}],"wp:featuredmedia":[{"embeddable":true,"href":"https:\/\/pizbube.ch\/en\/wp-json\/wp\/v2\/media\/171045"}],"wp:attachment":[{"href":"https:\/\/pizbube.ch\/en\/wp-json\/wp\/v2\/media?parent=171044"}],"wp:term":[{"taxonomy":"product_brand","embeddable":true,"href":"https:\/\/pizbube.ch\/en\/wp-json\/wp\/v2\/product_brand?post=171044"},{"taxonomy":"product_cat","embeddable":true,"href":"https:\/\/pizbube.ch\/en\/wp-json\/wp\/v2\/product_cat?post=171044"},{"taxonomy":"product_tag","embeddable":true,"href":"https:\/\/pizbube.ch\/en\/wp-json\/wp\/v2\/product_tag?post=171044"}],"curies":[{"name":"wp","href":"https:\/\/api.w.org\/{rel}","templated":true}]}}