{"id":171098,"date":"2024-01-10T11:48:42","date_gmt":"2024-01-10T10:48:42","guid":{"rendered":"https:\/\/pizbube.ch\/?post_type=product&#038;p=171098"},"modified":"2024-01-10T11:48:42","modified_gmt":"2024-01-10T10:48:42","slug":"das-waer-aes-laeaebae-die-villa-erotica-ein-strahlnerbiwak-im-wandel-der-zeit","status":"publish","type":"product","link":"https:\/\/pizbube.ch\/en\/shop\/das-waer-aes-laeaebae-die-villa-erotica-ein-strahlnerbiwak-im-wandel-der-zeit\/","title":{"rendered":"Das w\u00e4r \u00e4s L\u00e4\u00e4b\u00e4! Die &#171;Villa Erotica&#187;: Ein Strahlnerbiwak im Wandel der Zeit"},"content":{"rendered":"<p>Seit bald dreissig Jahren verbringt eine Urner Strahlnergruppe die Sommermonate mit der intensiven Suche nach glitzernden Kristallen. Als Basis f\u00fcr die ausgedehnten Erkundigungen im Gel\u00e4ndekessel des Tiefengletschers dient die \u00abVilla Erotica\u00bb \u2013 ein Strahlnerbiwak auf knapp 3000 Metern \u00fcber Meer. Die in einer ausgebeuteten Kristallh\u00f6hle platzierte, \u00e4usserst schlicht eingerichtete Schlafst\u00e4tte, bietet den vier Freunden Schutz vor Wind und Wetter. Sie bildet damit eine hochwillkommene Oase in einer oft lebensfeindlichen Umgebung.<\/p>\n<p>Die w\u00e4hrend dreier Dekaden gesammelten Geschichten rund um die \u00abVilla Erotica\u00bb sind im vorliegenden Buch festgehalten. Sie zeugen von mit viel Freude gepr\u00e4gten Eindr\u00fccken und Erlebnissen, mitunter aber auch durch Zweifel und Trauer getr\u00fcbten Momenten. Erz\u00e4hlt wird von bezaubernden Kristallfunden, glimpflich verlaufenen Unf\u00e4llen und skurrilen Begegnungen mit Tieren. Vereinzelt auftretenden Unstimmigkeiten und frustrierenden Augenblicken sind ebenfalls ein paar Zeilen reserviert. \u00dcber allem steht jedoch die tiefe Freundschaft der vier Strahlner und ihre ungebrochene Faszination f\u00fcr die anstrengende Kristallsuche. Erfahren Sie beim Lesen mehr \u00fcber das Strahlner-Handwerk und die \u00abVilla Erotica\u00bb im Wandel der Zeit.<\/p>\n<p>336 Seiten, die mit \u00fcber 600 Farbbildern illustriert sind.<br \/>\nDas handliche Format misst 160 x 230 mm, Hardcover-Umschlag<\/p>","protected":false},"excerpt":{"rendered":"<p>Seit bald dreissig Jahren verbringt eine Urner Strahlnergruppe die Sommermonate mit der intensiven Suche nach glitzernden Kristallen. Als Basis f\u00fcr die ausgedehnten Erkundigungen im Gel\u00e4ndekessel des Tiefengletschers dient die \u00abVilla Erotica\u00bb \u2013 ein Strahlnerbiwak auf knapp 3000 Metern \u00fcber Meer. Die in einer ausgebeuteten Kristallh\u00f6hle platzierte, \u00e4usserst schlicht eingerichtete Schlafst\u00e4tte, bietet den vier Freunden Schutz [&#8230;]\n","protected":false},"featured_media":171099,"template":"","meta":[],"product_brand":[],"product_cat":[21542],"product_tag":[],"class_list":{"0":"post-171098","1":"product","2":"type-product","3":"status-publish","4":"has-post-thumbnail","6":"product_cat-sachbuecher-dokumentationen","7":"pa_autor-mueller","8":"pa_erscheinungsjahr-27129","9":"pa_region-schweiz","10":"pa_sprache-de","12":"first","13":"instock","14":"taxable","15":"shipping-taxable","16":"purchasable","17":"product-type-simple"},"_links":{"self":[{"href":"https:\/\/pizbube.ch\/en\/wp-json\/wp\/v2\/product\/171098","targetHints":{"allow":["GET"]}}],"collection":[{"href":"https:\/\/pizbube.ch\/en\/wp-json\/wp\/v2\/product"}],"about":[{"href":"https:\/\/pizbube.ch\/en\/wp-json\/wp\/v2\/types\/product"}],"wp:featuredmedia":[{"embeddable":true,"href":"https:\/\/pizbube.ch\/en\/wp-json\/wp\/v2\/media\/171099"}],"wp:attachment":[{"href":"https:\/\/pizbube.ch\/en\/wp-json\/wp\/v2\/media?parent=171098"}],"wp:term":[{"taxonomy":"product_brand","embeddable":true,"href":"https:\/\/pizbube.ch\/en\/wp-json\/wp\/v2\/product_brand?post=171098"},{"taxonomy":"product_cat","embeddable":true,"href":"https:\/\/pizbube.ch\/en\/wp-json\/wp\/v2\/product_cat?post=171098"},{"taxonomy":"product_tag","embeddable":true,"href":"https:\/\/pizbube.ch\/en\/wp-json\/wp\/v2\/product_tag?post=171098"}],"curies":[{"name":"wp","href":"https:\/\/api.w.org\/{rel}","templated":true}]}}