{"id":171192,"date":"2024-01-17T17:15:03","date_gmt":"2024-01-17T16:15:03","guid":{"rendered":"https:\/\/pizbube.ch\/?post_type=product&#038;p=171192"},"modified":"2025-10-16T12:02:57","modified_gmt":"2025-10-16T10:02:57","slug":"abruzzo-rock-ai-piedi-del-gran-sasso-falesie-di-chieti-laquila-pescara-teramo","status":"publish","type":"product","link":"https:\/\/pizbube.ch\/en\/shop\/abruzzo-rock-ai-piedi-del-gran-sasso-falesie-di-chieti-laquila-pescara-teramo\/","title":{"rendered":"ABRUZZO Rock &#8211; Ai piedi del Gran Sasso: falesie di Chieti, L\u2019Aquila, Pescara, Teramo"},"content":{"rendered":"<p>Ai piedi del Gran Sasso: falesie di Chieti, L\u2019Aquila, Pescara, Teramo<\/p>\n<p>Si scrive Abruzzo ma raccoglie tanti significati: da qui nasce l\u2019idea che ha dato vita a questa guida.<\/p>\n<p>In tutti questi anni di lavoro sulle pareti l\u2019impegno dei chiodatori ha dato vita a tanti nuovi settori in questa \u00a0bellissima regione, ma mancava qualcosa che raccontasse di tutto questo e cos\u00ec gli autori hanno messo a punto una nuova edizione che fosse il manifesto del grande lavoro fatto.<\/p>\n<p>Da un\u2019idea poi nascono tante nuove occasioni che si riassumono nella squadra che ha collaborato a questa realizzazione, cinque ragazzi che in comune hanno la passione per l\u2019arrampicata. La differenza poi l\u2019hanno fatta tutte le persone che si sono adoperate negli anni a chiodare e si sono rese disponibili a dare loro una mano.<\/p>\n<p>Un duro lavoro durato quasi due anni, dove \u00e8 stato veramente difficile cercare di essere il pi\u00f9 rigorosi possibili nel mettere insieme tutte le informazioni raccolte, appagato per\u00f2 dal bellissimo risultato ottenuto e che speriamo sia condiviso da questa grande comunit\u00e0 che \u00e8 quella dei climber.<\/p>\n<p>496 pagine;<br \/>\nDicembre 2023<\/p>","protected":false},"excerpt":{"rendered":"<p>Ai piedi del Gran Sasso: falesie di Chieti, L\u2019Aquila, Pescara, Teramo Si scrive Abruzzo ma raccoglie tanti significati: da qui nasce l\u2019idea che ha dato vita a questa guida. In tutti questi anni di lavoro sulle pareti l\u2019impegno dei chiodatori ha dato vita a tanti nuovi settori in questa \u00a0bellissima regione, ma mancava qualcosa che [&#8230;]\n","protected":false},"featured_media":171193,"template":"","meta":[],"product_brand":[],"product_cat":[21539],"product_tag":[],"class_list":{"0":"post-171192","1":"product","2":"type-product","3":"status-publish","4":"has-post-thumbnail","6":"product_cat-fuehrerliteratur-sportklettern-bouldern","7":"pa_autor-marziale-angelozzi-puca-cittadini-e-giovanetti","8":"pa_erscheinungsjahr-27129","9":"pa_region-italien","10":"pa_sprache-it","12":"first","13":"outofstock","14":"taxable","15":"shipping-taxable","16":"purchasable","17":"product-type-simple"},"_links":{"self":[{"href":"https:\/\/pizbube.ch\/en\/wp-json\/wp\/v2\/product\/171192","targetHints":{"allow":["GET"]}}],"collection":[{"href":"https:\/\/pizbube.ch\/en\/wp-json\/wp\/v2\/product"}],"about":[{"href":"https:\/\/pizbube.ch\/en\/wp-json\/wp\/v2\/types\/product"}],"wp:featuredmedia":[{"embeddable":true,"href":"https:\/\/pizbube.ch\/en\/wp-json\/wp\/v2\/media\/171193"}],"wp:attachment":[{"href":"https:\/\/pizbube.ch\/en\/wp-json\/wp\/v2\/media?parent=171192"}],"wp:term":[{"taxonomy":"product_brand","embeddable":true,"href":"https:\/\/pizbube.ch\/en\/wp-json\/wp\/v2\/product_brand?post=171192"},{"taxonomy":"product_cat","embeddable":true,"href":"https:\/\/pizbube.ch\/en\/wp-json\/wp\/v2\/product_cat?post=171192"},{"taxonomy":"product_tag","embeddable":true,"href":"https:\/\/pizbube.ch\/en\/wp-json\/wp\/v2\/product_tag?post=171192"}],"curies":[{"name":"wp","href":"https:\/\/api.w.org\/{rel}","templated":true}]}}