{"id":171303,"date":"2024-01-24T12:56:35","date_gmt":"2024-01-24T11:56:35","guid":{"rendered":"https:\/\/pizbube.ch\/?post_type=product&#038;p=171303"},"modified":"2024-01-24T12:56:35","modified_gmt":"2024-01-24T11:56:35","slug":"weiss","status":"publish","type":"product","link":"https:\/\/pizbube.ch\/en\/shop\/weiss\/","title":{"rendered":"Weiss"},"content":{"rendered":"<p><strong>\u00abIch war aufgebrochen, um mich in der k\u00f6rperlichen Anstrengung aufzul\u00f6sen. Die wei\u00dfe Querung wurde f\u00fcr mich zur absoluten Reise, zu einem Schweben in einer Idee von Landschaft.\u00bb<\/strong> <em>Sylvain Tesson<\/em><\/p>\n<p><span class=\"value\">1.600 Kilometer, 60.000 H\u00f6henmeter: ein unvergessliches Abenteuer im Herzen Europas<\/span><\/p>\n<p>Vier Jahre lang, von 2017 bis 2020, unternimmt Sylvain Tesson in Begleitung des Bergf\u00fchrers Daniel du Lac jeden M\u00e4rz eine kr\u00e4ftezehrende Skitour, um die gesamte Alpenkette von Menton in Frankreich aus \u00fcber die Gipfel bis nach Triest in Italien zu queren. Gemeinsam bew\u00e4ltigen sie eine weitgehend unbegangene Strecke, deren Verlauf bisher nirgendwo verzeichnet ist, legen 1600 Kilometer in Schnee und Eis zur\u00fcck, \u00fcberwinden unter gr\u00f6\u00dften Anstrengungen 60.000 H\u00f6henmeter.<\/p>\n<p>Jeder Tag birgt eine k\u00f6rperliche Grenzerfahrung, ist ein Angehen gegen die K\u00e4lte und die M\u00fcdigkeit, aber er ist auch Quell einer befreienden inneren Erfahrung inmitten der Alpen, deren wilde, winterliche Einheit und Kraft kaum jemand erfassen kann.<\/p>\n<p><strong>\u00abEin schwindelerregendes Eintauchen in die geheime Sch\u00f6nheit verschneiter Gipfel. Eine poetische wie spirituelle Reise, die ganz der Sch\u00f6nheit gewidmet ist.\u00bb<\/strong> <em>Augustin Trapenard, La Grande Librairie<\/em><\/p>\n<p>256 Seiten<\/p>\n<p>&nbsp;<\/p>","protected":false},"excerpt":{"rendered":"<p>\u00abIch war aufgebrochen, um mich in der k\u00f6rperlichen Anstrengung aufzul\u00f6sen. Die wei\u00dfe Querung wurde f\u00fcr mich zur absoluten Reise, zu einem Schweben in einer Idee von Landschaft.\u00bb Sylvain Tesson 1.600 Kilometer, 60.000 H\u00f6henmeter: ein unvergessliches Abenteuer im Herzen Europas Vier Jahre lang, von 2017 bis 2020, unternimmt Sylvain Tesson in Begleitung des Bergf\u00fchrers Daniel du [&#8230;]\n","protected":false},"featured_media":171304,"template":"","meta":[],"product_brand":[],"product_cat":[21629],"product_tag":[],"class_list":{"0":"post-171303","1":"product","2":"type-product","3":"status-publish","4":"has-post-thumbnail","6":"product_cat-belletristik","7":"pa_autor-tesson","8":"pa_erscheinungsjahr-27129","9":"pa_region-frankreich","10":"pa_region-oesterreich","11":"pa_region-schweiz","12":"pa_sprache-de","14":"first","15":"instock","16":"taxable","17":"shipping-taxable","18":"purchasable","19":"product-type-simple"},"_links":{"self":[{"href":"https:\/\/pizbube.ch\/en\/wp-json\/wp\/v2\/product\/171303","targetHints":{"allow":["GET"]}}],"collection":[{"href":"https:\/\/pizbube.ch\/en\/wp-json\/wp\/v2\/product"}],"about":[{"href":"https:\/\/pizbube.ch\/en\/wp-json\/wp\/v2\/types\/product"}],"wp:featuredmedia":[{"embeddable":true,"href":"https:\/\/pizbube.ch\/en\/wp-json\/wp\/v2\/media\/171304"}],"wp:attachment":[{"href":"https:\/\/pizbube.ch\/en\/wp-json\/wp\/v2\/media?parent=171303"}],"wp:term":[{"taxonomy":"product_brand","embeddable":true,"href":"https:\/\/pizbube.ch\/en\/wp-json\/wp\/v2\/product_brand?post=171303"},{"taxonomy":"product_cat","embeddable":true,"href":"https:\/\/pizbube.ch\/en\/wp-json\/wp\/v2\/product_cat?post=171303"},{"taxonomy":"product_tag","embeddable":true,"href":"https:\/\/pizbube.ch\/en\/wp-json\/wp\/v2\/product_tag?post=171303"}],"curies":[{"name":"wp","href":"https:\/\/api.w.org\/{rel}","templated":true}]}}