{"id":171421,"date":"2024-01-31T15:19:36","date_gmt":"2024-01-31T14:19:36","guid":{"rendered":"https:\/\/pizbube.ch\/?post_type=product&#038;p=171421"},"modified":"2025-04-08T14:04:16","modified_gmt":"2025-04-08T12:04:16","slug":"foret-de-fontainebleau-116000","status":"publish","type":"product","link":"https:\/\/pizbube.ch\/en\/shop\/foret-de-fontainebleau-116000\/","title":{"rendered":"For\u00eat de Fontainebleau 1:16&#8217;000"},"content":{"rendered":"<div class=\"product--description\">\n<p>Edit\u00e9e dans la collection: D\u00e9couverte des lieux d\u2019exception, r\u00e9alis\u00e9e en partenariat avec l\u2019association Les Amis de la For\u00eat de Fontainebleau, la nouvelle carte IGN For\u00eat de Fontainebleau, \u00e0 l\u2019\u00e9chelle 1 : 16&#8217;000e, est la plus pr\u00e9cise de la gamme IGN.<\/p>\n<div class=\"product-description-content\">\n<p>A 60 km de Paris, la for\u00eat de Fontainbleau est d\u00e9sormais cartographi\u00e9e avec pr\u00e9cision (1 cm = 160 m). On y trouve les itin\u00e9raires de randonn\u00e9e \u00e0 pied, \u00e0 v\u00e9lo ou \u00e0 cheval, les sites d\u2019escalade, les blocs rocheux, les arbres et \u00e9difices remarquables, etc.<\/p>\n<p>Gr\u00e2ce aux informations fournies par l\u2019Office National des For\u00eats, les limites et les num\u00e9ros des parcelles domaniales repr\u00e9sent\u00e9es sur la carte permettent de se rep\u00e9rer \u00e0 tout moment. Les espaces accessibles aux personnes \u00e0 mobilit\u00e9 r\u00e9duite, am\u00e9nag\u00e9s pour d\u00e9couvrir la for\u00eat, sont \u00e9galement repr\u00e9sent\u00e9s.<\/p>\n<\/div>\n<p>&nbsp;<\/p>\n<p>Wanderkarte f\u00fcr Foret de Fontainebleau im Massstab 1:16.000 &#8211; IGN 82019<\/p>\n<p>Avon, Fort\u00eat Domaniale de Fontainebleau<\/p>\n<p>Diese pr\u00e4zise topografische Wanderkarte im Ma\u00dfstab 1:16.000 deckt als Sonderblatt den Fort\u00eat Domaniale de Fontainbleau ab. Die Karte zeigt Wanderwege und Bouldergebiete, Grandes randonn\u00e9es, Bushaltestellen, Unterk\u00fcnfte und Campingpl\u00e4tze und Freizeitm\u00f6glichkeiten. Zus\u00e4tzlich gibt die Karte eine \u00dcbersicht \u00fcber die verschiedenen Wegzeichen des Nationalparks. Die Legende liegt in franz\u00f6sisch und englisch vor.<\/p>\n<p>Enthaltene Orte: Avon, Chailly-en-Biere, Bois-le-Roi, Cely, Fleury-en-Biere, Barbizon, Samois-sur-Seine, Hericy, St-Martin-en-Biere, Vulaines-sur-Seine, Samoreau, Thomery, Fontainebleau, Noisy-sur-Ecole, Acheres-la-Foret, Ury, Recloses, Bourron-Marlotte, Montigny-sur-Loing<\/p>\n<\/div>","protected":false},"excerpt":{"rendered":"<p>Edit\u00e9e dans la collection: D\u00e9couverte des lieux d\u2019exception, r\u00e9alis\u00e9e en partenariat avec l\u2019association Les Amis de la For\u00eat de Fontainebleau, la nouvelle carte IGN For\u00eat de Fontainebleau, \u00e0 l\u2019\u00e9chelle 1 : 16&#8217;000e, est la plus pr\u00e9cise de la gamme IGN. A 60 km de Paris, la for\u00eat de Fontainbleau est d\u00e9sormais cartographi\u00e9e avec pr\u00e9cision (1 [&#8230;]\n","protected":false},"featured_media":171422,"template":"","meta":[],"product_brand":[],"product_cat":[21543],"product_tag":[],"class_list":{"0":"post-171421","1":"product","2":"type-product","3":"status-publish","4":"has-post-thumbnail","6":"product_cat-landkarten","7":"pa_autor-ign","8":"pa_erscheinungsjahr-21558","9":"pa_region-frankreich","10":"pa_sprache-fr-en","12":"first","13":"instock","14":"taxable","15":"shipping-taxable","16":"purchasable","17":"product-type-simple"},"_links":{"self":[{"href":"https:\/\/pizbube.ch\/en\/wp-json\/wp\/v2\/product\/171421","targetHints":{"allow":["GET"]}}],"collection":[{"href":"https:\/\/pizbube.ch\/en\/wp-json\/wp\/v2\/product"}],"about":[{"href":"https:\/\/pizbube.ch\/en\/wp-json\/wp\/v2\/types\/product"}],"wp:featuredmedia":[{"embeddable":true,"href":"https:\/\/pizbube.ch\/en\/wp-json\/wp\/v2\/media\/171422"}],"wp:attachment":[{"href":"https:\/\/pizbube.ch\/en\/wp-json\/wp\/v2\/media?parent=171421"}],"wp:term":[{"taxonomy":"product_brand","embeddable":true,"href":"https:\/\/pizbube.ch\/en\/wp-json\/wp\/v2\/product_brand?post=171421"},{"taxonomy":"product_cat","embeddable":true,"href":"https:\/\/pizbube.ch\/en\/wp-json\/wp\/v2\/product_cat?post=171421"},{"taxonomy":"product_tag","embeddable":true,"href":"https:\/\/pizbube.ch\/en\/wp-json\/wp\/v2\/product_tag?post=171421"}],"curies":[{"name":"wp","href":"https:\/\/api.w.org\/{rel}","templated":true}]}}