{"id":171425,"date":"2024-01-31T15:22:14","date_gmt":"2024-01-31T14:22:14","guid":{"rendered":"https:\/\/pizbube.ch\/?post_type=product&#038;p=171425"},"modified":"2024-01-31T15:39:07","modified_gmt":"2024-01-31T14:39:07","slug":"globi-bei-den-yaks","status":"publish","type":"product","link":"https:\/\/pizbube.ch\/en\/shop\/globi-bei-den-yaks\/","title":{"rendered":"Globi bei den Yaks"},"content":{"rendered":"<div class=\"sub-title h6\">Band 96<\/div>\n<div class=\"read-more-block\">\n<div class=\"text\">\n<p>Ein kleines Yak-Kalb ist krank. Ein Kraut kann helfen. Aber es w\u00e4chst nur im Himalaya-Gebiet. Das h\u00e4lt Globi nicht davon ab sich auf den weiten Weg zu machen um das Kraut zu finden.<\/p>\n<p>Und so beginnt eine turbulente Reise bei der Globi vom M\u00e4dchen Tenzin und Hund Tibi begleitet wird.<\/p>\n<p>Die drei \u00fcberqueren sehr hohe Berge, weite Hochebenen, sie \u00fcbernachten bei freundlichen Nomaden, erleben ein wildes Volksfest mit schnellen Ponys, gewinnen Einblicke in ein Kloster. Sie begegnen einer etwas unheimlichen Schamanin und treffen auf einen Einsiedler mit gr\u00fcner Haut, der Brennnesseln \u00fcber alles liebt.<\/p>\n<p>Hoch im Gebirge bekommt Globi die H\u00f6henkrankheit. Im Delirium erscheinen ihm unheimliche Gestalten \u2026<\/p>\n<p>F\u00fcr Tenzin besucht Globi auf dem Heimweg den Dalai Lama. Die beiden<br \/>\nmachen eine \u00fcberraschende Entdeckung.<\/p>\n<p>Eine abenteuerliche, lustige Geschichte, mit \u00dcberraschungen die die Kinder wieder einmal in eine andere Welt entf\u00fchrt und sie viel dar\u00fcber erfahren l\u00e4sst.<\/p>\n<p>17.5 x 24.0 cm<br \/>\n100 Seiten<br \/>\n1. Auflage 2023<\/p>\n<\/div>\n<\/div>","protected":false},"excerpt":{"rendered":"<p>Band 96 Ein kleines Yak-Kalb ist krank. Ein Kraut kann helfen. Aber es w\u00e4chst nur im Himalaya-Gebiet. Das h\u00e4lt Globi nicht davon ab sich auf den weiten Weg zu machen um das Kraut zu finden. Und so beginnt eine turbulente Reise bei der Globi vom M\u00e4dchen Tenzin und Hund Tibi begleitet wird. Die drei \u00fcberqueren [&#8230;]\n","protected":false},"featured_media":171426,"template":"","meta":[],"product_brand":[],"product_cat":[21629],"product_tag":[26864,26863],"class_list":{"0":"post-171425","1":"product","2":"type-product","3":"status-publish","4":"has-post-thumbnail","6":"product_cat-belletristik","7":"product_tag-kinderbuch","8":"product_tag-kinderbuecher","9":"pa_autor-frick-koller","10":"pa_erscheinungsjahr-27129","11":"pa_region-asien","12":"pa_region-schweiz","13":"pa_sprache-de","15":"first","16":"instock","17":"taxable","18":"shipping-taxable","19":"purchasable","20":"product-type-simple"},"_links":{"self":[{"href":"https:\/\/pizbube.ch\/en\/wp-json\/wp\/v2\/product\/171425","targetHints":{"allow":["GET"]}}],"collection":[{"href":"https:\/\/pizbube.ch\/en\/wp-json\/wp\/v2\/product"}],"about":[{"href":"https:\/\/pizbube.ch\/en\/wp-json\/wp\/v2\/types\/product"}],"wp:featuredmedia":[{"embeddable":true,"href":"https:\/\/pizbube.ch\/en\/wp-json\/wp\/v2\/media\/171426"}],"wp:attachment":[{"href":"https:\/\/pizbube.ch\/en\/wp-json\/wp\/v2\/media?parent=171425"}],"wp:term":[{"taxonomy":"product_brand","embeddable":true,"href":"https:\/\/pizbube.ch\/en\/wp-json\/wp\/v2\/product_brand?post=171425"},{"taxonomy":"product_cat","embeddable":true,"href":"https:\/\/pizbube.ch\/en\/wp-json\/wp\/v2\/product_cat?post=171425"},{"taxonomy":"product_tag","embeddable":true,"href":"https:\/\/pizbube.ch\/en\/wp-json\/wp\/v2\/product_tag?post=171425"}],"curies":[{"name":"wp","href":"https:\/\/api.w.org\/{rel}","templated":true}]}}