{"id":171434,"date":"2024-01-31T16:01:42","date_gmt":"2024-01-31T15:01:42","guid":{"rendered":"https:\/\/pizbube.ch\/?post_type=product&#038;p=171434"},"modified":"2024-05-04T15:19:30","modified_gmt":"2024-05-04T13:19:30","slug":"alpingeschichten","status":"publish","type":"product","link":"https:\/\/pizbube.ch\/en\/shop\/alpingeschichten\/","title":{"rendered":"ALPINGESCHICHTEN"},"content":{"rendered":"<p><span class=\"value\">Salzburg im Aufbruch<\/span><\/p>\n<p><span class=\"value\">Die fr\u00fche Salzburger Alpingeschichte ist eng mit der alpinen Erschlie\u00dfung der Ostalpen verbunden. Die Autorin erz\u00e4hlt von den Anf\u00e4ngen im Alpenraum, von der Erstbesteigung des Gro\u00dfglockners bis zur Eroberung des Gro\u00dfvenedigers ihre Geschichte. Viel Kurioses und Wissenswertes aus der Zeit vor der Gr\u00fcndung der alpinen Vereine und viele heute weitgehend unbekannte Protagonisten zum Wiederentdecken!<\/span><\/p>\n<p>Christine Walch studierte in Wien und Salzburg Germanistik, Philosophie und Kunstgeschichte. Die langj\u00e4hrige Besch\u00e4ftigung mit alpiner Literatur lie\u00df den Plan reifen, die alpine Fr\u00fchzeit speziell im Salzburger Raum in einem Buch lebendig werden zu lassen. Viel Kurioses und Wissenswertes aus der Zeit vor der Gr\u00fcndung der alpinen Vereine und viele heute weitgehend unbekannte Protagonisten zum Wiederentdecken!<\/p>\n<p>150 Seiten,<br \/>\n<span class=\"a-list-item\"><span class=\"a-text-bold\"> \u200e <\/span> 17.2 x 1.5 x 22.3 cm<\/span><\/p>","protected":false},"excerpt":{"rendered":"<p>Salzburg im Aufbruch Die fr\u00fche Salzburger Alpingeschichte ist eng mit der alpinen Erschlie\u00dfung der Ostalpen verbunden. Die Autorin erz\u00e4hlt von den Anf\u00e4ngen im Alpenraum, von der Erstbesteigung des Gro\u00dfglockners bis zur Eroberung des Gro\u00dfvenedigers ihre Geschichte. Viel Kurioses und Wissenswertes aus der Zeit vor der Gr\u00fcndung der alpinen Vereine und viele heute weitgehend unbekannte Protagonisten [&#8230;]\n","protected":false},"featured_media":171435,"template":"","meta":[],"product_brand":[],"product_cat":[21542],"product_tag":[],"class_list":{"0":"post-171434","1":"product","2":"type-product","3":"status-publish","4":"has-post-thumbnail","6":"product_cat-sachbuecher-dokumentationen","7":"pa_autor-walch","8":"pa_erscheinungsjahr-27129","9":"pa_region-oesterreich","10":"pa_sprache-de","12":"first","13":"onbackorder","14":"taxable","15":"shipping-taxable","16":"purchasable","17":"product-type-simple"},"_links":{"self":[{"href":"https:\/\/pizbube.ch\/en\/wp-json\/wp\/v2\/product\/171434","targetHints":{"allow":["GET"]}}],"collection":[{"href":"https:\/\/pizbube.ch\/en\/wp-json\/wp\/v2\/product"}],"about":[{"href":"https:\/\/pizbube.ch\/en\/wp-json\/wp\/v2\/types\/product"}],"wp:featuredmedia":[{"embeddable":true,"href":"https:\/\/pizbube.ch\/en\/wp-json\/wp\/v2\/media\/171435"}],"wp:attachment":[{"href":"https:\/\/pizbube.ch\/en\/wp-json\/wp\/v2\/media?parent=171434"}],"wp:term":[{"taxonomy":"product_brand","embeddable":true,"href":"https:\/\/pizbube.ch\/en\/wp-json\/wp\/v2\/product_brand?post=171434"},{"taxonomy":"product_cat","embeddable":true,"href":"https:\/\/pizbube.ch\/en\/wp-json\/wp\/v2\/product_cat?post=171434"},{"taxonomy":"product_tag","embeddable":true,"href":"https:\/\/pizbube.ch\/en\/wp-json\/wp\/v2\/product_tag?post=171434"}],"curies":[{"name":"wp","href":"https:\/\/api.w.org\/{rel}","templated":true}]}}