{"id":171502,"date":"2024-02-06T17:25:29","date_gmt":"2024-02-06T16:25:29","guid":{"rendered":"https:\/\/pizbube.ch\/?post_type=product&#038;p=171502"},"modified":"2024-02-06T17:25:29","modified_gmt":"2024-02-06T16:25:29","slug":"costa-vicentina-wanderkarte-150000","status":"publish","type":"product","link":"https:\/\/pizbube.ch\/en\/shop\/costa-vicentina-wanderkarte-150000\/","title":{"rendered":"Costa Vicentina Wanderkarte 1:50&#8217;000"},"content":{"rendered":"<p><span class=\"value\">Wanderkartenset mit zwei Bl\u00e4ttern und Beiheft<br \/>\nDas Wanderkartenset &#171;Costa Vicentina&#187; zeigt den bekanntesten portugiesischen Weitwanderweg durchg\u00e4ngig im Ma\u00dfstab 1:50.000. <\/span><\/p>\n<p><span class=\"value\">Die gesamte Region rund um die malerische Rota Vicentina wird auf 4 Bl\u00e4ttern detailreich dargestellt. Wanderer finden alle wichtigen Informationen um den Fischerpfad und den Historischen Weg komplett oder auch in Etappen zu begehen. <\/span><\/p>\n<p><span class=\"value\">Details: 2 Karten im Set, doppelseitig bedruckt, Beiheft mit touristischen Informationen, Wandertipps und Radtouren, Ortsregister mit Postleitzahlen, GPS-tauglich, Citypl\u00e4ne, (Sprachen: Deutsch, Englisch, Portugiesisch).<\/span><\/p>","protected":false},"excerpt":{"rendered":"<p>Wanderkartenset mit zwei Bl\u00e4ttern und Beiheft Das Wanderkartenset &#171;Costa Vicentina&#187; zeigt den bekanntesten portugiesischen Weitwanderweg durchg\u00e4ngig im Ma\u00dfstab 1:50.000. Die gesamte Region rund um die malerische Rota Vicentina wird auf 4 Bl\u00e4ttern detailreich dargestellt. Wanderer finden alle wichtigen Informationen um den Fischerpfad und den Historischen Weg komplett oder auch in Etappen zu begehen. Details: 2 [&#8230;]\n","protected":false},"featured_media":171503,"template":"","meta":[],"product_brand":[],"product_cat":[21543],"product_tag":[],"class_list":{"0":"post-171502","1":"product","2":"type-product","3":"status-publish","4":"has-post-thumbnail","6":"product_cat-landkarten","7":"pa_autor-freytag-berndt","8":"pa_erscheinungsjahr-27129","9":"pa_region-portugal","10":"pa_sprache-de-en-port","12":"first","13":"instock","14":"taxable","15":"shipping-taxable","16":"purchasable","17":"product-type-simple"},"_links":{"self":[{"href":"https:\/\/pizbube.ch\/en\/wp-json\/wp\/v2\/product\/171502","targetHints":{"allow":["GET"]}}],"collection":[{"href":"https:\/\/pizbube.ch\/en\/wp-json\/wp\/v2\/product"}],"about":[{"href":"https:\/\/pizbube.ch\/en\/wp-json\/wp\/v2\/types\/product"}],"wp:featuredmedia":[{"embeddable":true,"href":"https:\/\/pizbube.ch\/en\/wp-json\/wp\/v2\/media\/171503"}],"wp:attachment":[{"href":"https:\/\/pizbube.ch\/en\/wp-json\/wp\/v2\/media?parent=171502"}],"wp:term":[{"taxonomy":"product_brand","embeddable":true,"href":"https:\/\/pizbube.ch\/en\/wp-json\/wp\/v2\/product_brand?post=171502"},{"taxonomy":"product_cat","embeddable":true,"href":"https:\/\/pizbube.ch\/en\/wp-json\/wp\/v2\/product_cat?post=171502"},{"taxonomy":"product_tag","embeddable":true,"href":"https:\/\/pizbube.ch\/en\/wp-json\/wp\/v2\/product_tag?post=171502"}],"curies":[{"name":"wp","href":"https:\/\/api.w.org\/{rel}","templated":true}]}}