{"id":171548,"date":"2024-02-09T09:26:31","date_gmt":"2024-02-09T08:26:31","guid":{"rendered":"https:\/\/pizbube.ch\/?post_type=product&#038;p=171548"},"modified":"2024-02-09T09:26:32","modified_gmt":"2024-02-09T08:26:32","slug":"endlich-wieder-schmerzfrei-wandern","status":"publish","type":"product","link":"https:\/\/pizbube.ch\/en\/shop\/endlich-wieder-schmerzfrei-wandern\/","title":{"rendered":"Endlich wieder schmerzfrei wandern"},"content":{"rendered":"<p>Das erfolgreiche Aufbauprogramm f\u00fcr Knie, R\u00fccken, H\u00fcften, Schultern, Nacken und F\u00fc\u00dfe &#8211; Mit 4-Wochen-Express-Trainingsplan<\/p>\n<p>&#171;Es ist fast schon peinlich, wie wenig ich machen musste, um endlich wieder schmerzfrei zu laufen.\u201c Diese Worte eines Klienten brachten den Sportwissenschaftler, Personal Trainer und Wanderexperten Marwin Isenberg irgendwann auf den Gedanken, \u00fcber seine Expertise und seine \u00dcbungen ein Buch zu verfassen.<\/p>\n<p>Denn in der Tat gibt es viele Menschen, die beim Wandern oder danach \u00fcber Beschwerden klagen und deshalb vielleicht sogar ganz darauf verzichten. Dabei lassen sich die Ursachen von Knie-, Fu\u00df-, Schulter- und R\u00fcckenschmerzen bereits im Vorfeld von Wanderungen mit vergleichsweise wenig Aufwand vermeiden.<\/p>\n<p>Mit gut nachvollziehbaren \u00dcbungen und zahlreichen Tipps zeigt der sympathische Sportwissenschaftler auch denjenigen einen Weg, die in Sachen Wandern schon aufgegeben hatten: \u201eSelbst Menschen, die in der Vergangenheit oft nach 1 oder 2 Kilometern aufgeben mussten, bekommen wir in aller Regel innerhalb weniger Wochen wieder beschwerdefrei und belastbar.\u201c Nur 4 Wochen dauert das Expressprogramm, das schon den meisten hilft.<\/p>\n<p>70 einfach umsetzbare \u00dcbungen ohne Ger\u00e4te f\u00fcr zu Hause und unterwegs<\/p>\n<p>1. Auflage 2024, 224 Seiten, 278 Fotos und 70 \u00dcbungen<br \/>\nSoftcover H: 22 cm B: 15 cm<\/p>","protected":false},"excerpt":{"rendered":"<p>Das erfolgreiche Aufbauprogramm f\u00fcr Knie, R\u00fccken, H\u00fcften, Schultern, Nacken und F\u00fc\u00dfe &#8211; Mit 4-Wochen-Express-Trainingsplan &#171;Es ist fast schon peinlich, wie wenig ich machen musste, um endlich wieder schmerzfrei zu laufen.\u201c Diese Worte eines Klienten brachten den Sportwissenschaftler, Personal Trainer und Wanderexperten Marwin Isenberg irgendwann auf den Gedanken, \u00fcber seine Expertise und seine \u00dcbungen ein Buch [&#8230;]\n","protected":false},"featured_media":171549,"template":"","meta":[],"product_brand":[],"product_cat":[21538,21542],"product_tag":[],"class_list":{"0":"post-171548","1":"product","2":"type-product","3":"status-publish","4":"has-post-thumbnail","6":"product_cat-lehrbuecher","7":"product_cat-sachbuecher-dokumentationen","8":"pa_autor-isenberg","9":"pa_erscheinungsjahr-27339","10":"pa_region-medizin-recht","11":"pa_sprache-de","13":"first","14":"instock","15":"taxable","16":"shipping-taxable","17":"purchasable","18":"product-type-simple"},"_links":{"self":[{"href":"https:\/\/pizbube.ch\/en\/wp-json\/wp\/v2\/product\/171548","targetHints":{"allow":["GET"]}}],"collection":[{"href":"https:\/\/pizbube.ch\/en\/wp-json\/wp\/v2\/product"}],"about":[{"href":"https:\/\/pizbube.ch\/en\/wp-json\/wp\/v2\/types\/product"}],"wp:featuredmedia":[{"embeddable":true,"href":"https:\/\/pizbube.ch\/en\/wp-json\/wp\/v2\/media\/171549"}],"wp:attachment":[{"href":"https:\/\/pizbube.ch\/en\/wp-json\/wp\/v2\/media?parent=171548"}],"wp:term":[{"taxonomy":"product_brand","embeddable":true,"href":"https:\/\/pizbube.ch\/en\/wp-json\/wp\/v2\/product_brand?post=171548"},{"taxonomy":"product_cat","embeddable":true,"href":"https:\/\/pizbube.ch\/en\/wp-json\/wp\/v2\/product_cat?post=171548"},{"taxonomy":"product_tag","embeddable":true,"href":"https:\/\/pizbube.ch\/en\/wp-json\/wp\/v2\/product_tag?post=171548"}],"curies":[{"name":"wp","href":"https:\/\/api.w.org\/{rel}","templated":true}]}}