{"id":171553,"date":"2024-02-09T11:02:23","date_gmt":"2024-02-09T10:02:23","guid":{"rendered":"https:\/\/pizbube.ch\/?post_type=product&#038;p=171553"},"modified":"2024-02-09T11:03:33","modified_gmt":"2024-02-09T10:03:33","slug":"in-cammino-sulle-creste-tra-grigioni-e-ticino","status":"publish","type":"product","link":"https:\/\/pizbube.ch\/en\/shop\/in-cammino-sulle-creste-tra-grigioni-e-ticino\/","title":{"rendered":"In cammino sulle creste tra Grigioni e Ticino"},"content":{"rendered":"<p>Il volume propone testi e immagini realizzati nel corso di un trekking ideato e organizzato da St\u00e9phan Chiesa e ripreso e poi trasmesso dalla Radiotelevisione Svizzera nel corso del 2021. Un cammino che si snoda tra alcune delle vette pi\u00f9 selvagge delle Alpi, dalla cima del Sosto in Valle di Blenio, fino al Monte Br\u00e8 sopra Lugano. Il percorso \u00e8 difficile, impegnativo e riservato a gente esperta e allenata: 150 chilometri in 12 tappe.<\/p>\n<p>Una via percorsa in compagnia di Aramis Dozio e otto giovani della Svizzera Italiana tra i 16 e i 24 anni. Insieme a loro l\u2019esperto e mitico alpinista Romolo Nottaris e la guida alpina vallesana Marie Hiroz, che hanno accompagnato e \u201cguidato\u201d gli otto ragazzi per 12 giorni. Il libro documenta luoghi non accessibili a tutti, ma che meritano di essere conosciuti, proprio perch\u00e9 sono riservati a pochi eletti.<\/p>\n<p>Attraverso un\u2019applicazione scaricabile gratuitamente \u00e8 possibile visionare su uno smartphone 12 filmati delle varie tappe, della durata di circa 180 secondi l\u2019uno e prodotti dalla RSI, che permettono di vivere in modo pi\u00f9 completo e diretto le esperienze vissute dai protagonisti durante il loro appassionante trekking estivo sulle creste. Inoltre, per una nuova esperienza sensoriale, le pagine stampate della tappa numero 7 rilasciano una profumazione di pino dopo essere state strofinate.<\/p>\n<p>Formato: 23\u00d730.5cm<br \/>\nPagine: 192<\/p>","protected":false},"excerpt":{"rendered":"<p>Il volume propone testi e immagini realizzati nel corso di un trekking ideato e organizzato da St\u00e9phan Chiesa e ripreso e poi trasmesso dalla Radiotelevisione Svizzera nel corso del 2021. Un cammino che si snoda tra alcune delle vette pi\u00f9 selvagge delle Alpi, dalla cima del Sosto in Valle di Blenio, fino al Monte Br\u00e8 [&#8230;]\n","protected":false},"featured_media":171554,"template":"","meta":[],"product_brand":[],"product_cat":[21542,21605],"product_tag":[],"class_list":{"0":"post-171553","1":"product","2":"type-product","3":"status-publish","4":"has-post-thumbnail","6":"product_cat-sachbuecher-dokumentationen","7":"product_cat-wanderfuehrer-trekking","8":"pa_autor-maini","9":"pa_erscheinungsjahr-27013","10":"pa_region-schweiz","11":"pa_sprache-it","13":"first","14":"instock","15":"taxable","16":"shipping-taxable","17":"purchasable","18":"product-type-simple"},"_links":{"self":[{"href":"https:\/\/pizbube.ch\/en\/wp-json\/wp\/v2\/product\/171553","targetHints":{"allow":["GET"]}}],"collection":[{"href":"https:\/\/pizbube.ch\/en\/wp-json\/wp\/v2\/product"}],"about":[{"href":"https:\/\/pizbube.ch\/en\/wp-json\/wp\/v2\/types\/product"}],"wp:featuredmedia":[{"embeddable":true,"href":"https:\/\/pizbube.ch\/en\/wp-json\/wp\/v2\/media\/171554"}],"wp:attachment":[{"href":"https:\/\/pizbube.ch\/en\/wp-json\/wp\/v2\/media?parent=171553"}],"wp:term":[{"taxonomy":"product_brand","embeddable":true,"href":"https:\/\/pizbube.ch\/en\/wp-json\/wp\/v2\/product_brand?post=171553"},{"taxonomy":"product_cat","embeddable":true,"href":"https:\/\/pizbube.ch\/en\/wp-json\/wp\/v2\/product_cat?post=171553"},{"taxonomy":"product_tag","embeddable":true,"href":"https:\/\/pizbube.ch\/en\/wp-json\/wp\/v2\/product_tag?post=171553"}],"curies":[{"name":"wp","href":"https:\/\/api.w.org\/{rel}","templated":true}]}}