{"id":171560,"date":"2024-02-10T12:01:08","date_gmt":"2024-02-10T11:01:08","guid":{"rendered":"https:\/\/pizbube.ch\/?post_type=product&#038;p=171560"},"modified":"2024-02-10T12:04:31","modified_gmt":"2024-02-10T11:04:31","slug":"die-88-schoensten-gipfeltouren-der-schweiz","status":"publish","type":"product","link":"https:\/\/pizbube.ch\/en\/shop\/die-88-schoensten-gipfeltouren-der-schweiz\/","title":{"rendered":"Die 88 sch\u00f6nsten Gipfeltouren der Schweiz"},"content":{"rendered":"<p><span class=\"value\">Die Schweiz &#8211; ein Land der H\u00fcgel und Berge. Dieses Buch erf\u00fcllt 88 Gipfeltr\u00e4ume, wobei es um viel mehr geht als bloss darum, einen Kulminationspunkt zu erreichen. Eine Gipfelwanderung ist ein Gesamterlebnis. Dazu geh\u00f6ren spiegelnde Bergseen, murmelnde B\u00e4che, rauschende Baumwipfel, bl\u00fchende Wiesen, das Beobachten von Tieren. Kulturelle und kulinarische St\u00e4tten laden unterwegs zu einem Besuch ein.<\/span><\/p>\n<p><span class=\"value\">Die Auswahl reicht von leicht erreichbaren Gipfeln, die auch als Halbtagestour unternommen werden k\u00f6nnen, bis zu Bergtouren in alpiner Atmosph\u00e4re, wo man Gletscher, vielfarbiges Gestein und formenreiche Felsen erlebt. Auch die alpinen Wanderungen folgen markierten Wegen, sodass die Orientierung immer einfach ist und nur die d\u00fcnnere Luft den Aufstieg etwas bremsen kann.<\/span><\/p>\n<p class=\"p2\">\u2013 Ausfu\u0308hrliche Tourenbeschreibungen<br \/>\n\u2013 Wissenswertes<br \/>\n\u2013 Praktische Informationen<br \/>\n\u2013 Tipps zu Ausflu\u0308gen und Sehenswu\u0308rdigkeiten<br \/>\n\u2013 Wanderkarten<br \/>\n\u2013 H\u00f6henprofile<\/p>\n<p>1. Auflage 2021<br \/>\n<span class=\"value\">210 Seiten<\/span><\/p>","protected":false},"excerpt":{"rendered":"<p>Die Schweiz &#8211; ein Land der H\u00fcgel und Berge. Dieses Buch erf\u00fcllt 88 Gipfeltr\u00e4ume, wobei es um viel mehr geht als bloss darum, einen Kulminationspunkt zu erreichen. Eine Gipfelwanderung ist ein Gesamterlebnis. Dazu geh\u00f6ren spiegelnde Bergseen, murmelnde B\u00e4che, rauschende Baumwipfel, bl\u00fchende Wiesen, das Beobachten von Tieren. Kulturelle und kulinarische St\u00e4tten laden unterwegs zu einem Besuch [&#8230;]\n","protected":false},"featured_media":171561,"template":"","meta":[],"product_brand":[],"product_cat":[21605],"product_tag":[],"class_list":{"0":"post-171560","1":"product","2":"type-product","3":"status-publish","4":"has-post-thumbnail","6":"product_cat-wanderfuehrer-trekking","7":"pa_autor-joss","8":"pa_erscheinungsjahr-25440","9":"pa_region-schweiz","10":"pa_sprache-de","12":"first","13":"instock","14":"taxable","15":"shipping-taxable","16":"purchasable","17":"product-type-simple"},"_links":{"self":[{"href":"https:\/\/pizbube.ch\/en\/wp-json\/wp\/v2\/product\/171560","targetHints":{"allow":["GET"]}}],"collection":[{"href":"https:\/\/pizbube.ch\/en\/wp-json\/wp\/v2\/product"}],"about":[{"href":"https:\/\/pizbube.ch\/en\/wp-json\/wp\/v2\/types\/product"}],"wp:featuredmedia":[{"embeddable":true,"href":"https:\/\/pizbube.ch\/en\/wp-json\/wp\/v2\/media\/171561"}],"wp:attachment":[{"href":"https:\/\/pizbube.ch\/en\/wp-json\/wp\/v2\/media?parent=171560"}],"wp:term":[{"taxonomy":"product_brand","embeddable":true,"href":"https:\/\/pizbube.ch\/en\/wp-json\/wp\/v2\/product_brand?post=171560"},{"taxonomy":"product_cat","embeddable":true,"href":"https:\/\/pizbube.ch\/en\/wp-json\/wp\/v2\/product_cat?post=171560"},{"taxonomy":"product_tag","embeddable":true,"href":"https:\/\/pizbube.ch\/en\/wp-json\/wp\/v2\/product_tag?post=171560"}],"curies":[{"name":"wp","href":"https:\/\/api.w.org\/{rel}","templated":true}]}}